{"id":1108,"date":"2022-01-23T18:43:07","date_gmt":"2022-01-23T16:43:07","guid":{"rendered":"http:\/\/filosofieromaneasca.institutuldefilosofie.ro\/sifr\/?page_id=1108"},"modified":"2022-03-16T22:52:32","modified_gmt":"2022-03-16T20:52:32","slug":"istoria-filosofiei-romanesti-in-anul-2019","status":"publish","type":"page","link":"https:\/\/filosofieromaneasca.institutuldefilosofie.ro\/sifr\/volumul-16-2020\/istoria-filosofiei-romanesti-in-anul-2019\/","title":{"rendered":"Semnal: Istoria filosofiei rom\u00e2ne\u015fti \u00een anul 2019 | Titus Lates"},"content":{"rendered":"\n<h2 class=\"wp-block-heading\" id=\"semnal-istoria-filosofiei-romanesti-in-anul-2019\">Semnal: Istoria filosofiei rom\u00e2ne\u015fti \u00een anul 2019<\/h2>\n\n\n\n<h5 class=\"wp-block-heading\">Bibliografie de TITUS LATES<\/h5>\n\n\n\n<div style=\"height:50px\" aria-hidden=\"true\" class=\"wp-block-spacer\"><\/div>\n\n\n\n<h6 class=\"wp-block-heading\" id=\"volume-colective\"><strong>VOLUME COLECTIVE<\/strong><\/h6>\n\n\n\n<p class=\"has-normal-font-size\"><em>Studii de istorie a filosofiei rom\u00e2ne\u015fti<\/em>, vol. XV: <em>Problema con\u015ftiin\u0163ei<\/em>, coordonatori: Alexandru Surdu, Viorel Cernica, Mona Mamulea, Mihai Popa, Titus Lates, Bucure\u015fti, Editura Academiei Rom\u00e2ne, 2019.<\/p>\n\n\n\n<p class=\"has-normal-font-size\"><em>Existen\u0163ialismul rom\u00e2nesc 1919 \u2013 1947<\/em>, introducere de Eugen Simion, ed. \u00eengrijit\u0103 de Marin Diaconu, Bucure\u015fti, Academia Rom\u00e2n\u0103\/ Funda\u0163ia Na\u0163ional\u0103 pentru \u015etiin\u0163\u0103 \u015fi Art\u0103, 2019. [2 vol.].<\/p>\n\n\n\n<p class=\"has-normal-font-size\"><em>Emil Cioran. Zile de studiu la Napoli\/ Giornate di Studio a Napoli 2016\u20132018<\/em>, coord. Mattia Luigi Pozzi, Giovanni Rotiroti, Ciprian V\u0103lcan, Timi\u015foara, Editura Universit\u0103\u0163ii de Vest\/Milano, Criterion Editrice, 2019.<\/p>\n\n\n\n<p class=\"has-normal-font-size\"><em>Sunetul Noica: o antologie de autori<\/em>, texte \u015fi teme legate de via\u0163a \u015fi opera filosofului rom\u00e2n, coord. Dan Iacob, Roman, Papirus Media, 2019.<\/p>\n\n\n\n<p class=\"has-normal-font-size\"><em>Simpozionul Na\u0163ional \u201eConstantin Noica\u201d, edi\u0163ia a XI-a, Craiova 30 mai\u20131 iunie 1019: \u201eRa\u0163iune \u015fi credin\u0163\u0103 la Constantin Noica \u015fi \u00een \u015fcoala lui Nae Ionescu\u201d<\/em>, coord. Alexandru Surdu, Mona Mamulea, Ovidiu G. Grama, editor: Lucian Dindiric\u0103, Bucure\u015fti, Editura Academiei Rom\u00e2ne, 2019.<\/p>\n\n\n\n<p class=\"has-normal-font-size\"><em>Simpozionul Na\u0163ional \u201eConstantin R\u0103dulescu-Motru\u201d, edi\u0163ia a III-a, T\u00e2rgu-Mure\u015f, 2018<\/em>, coord. Alexandru Surdu \u015fi Marius Dobre, Bucure\u015fti, Editura Academiei Rom\u00e2ne, 2019.<\/p>\n\n\n\n<p class=\"has-normal-font-size\"><em>Consilierea filosofic\u0103 \u015fi etica: reflec\u0163ii \u015fi practici \u00een Rom\u00e2nia<\/em>, editor Vasile Ha\u0163egan, Bucure\u015fti, Editura Eikon, 2019. (Colec\u0163ia Universitas. Seria Filosofie).<\/p>\n\n\n\n<div style=\"height:30px\" aria-hidden=\"true\" class=\"wp-block-spacer\"><\/div>\n\n\n\n<h6 class=\"wp-block-heading\" id=\"carti-de-autor\"><strong>C\u0102R\u0162I DE AUTOR<\/strong><\/h6>\n\n\n\n<p class=\"has-normal-font-size\">Ioan Biri\u015f, <em>Constantin Noica. Holomeria simbolic\u0103<\/em>, Bucure\u015fti, Editura Eikon, 2019.<\/p>\n\n\n\n<p class=\"has-normal-font-size\">Marius Cucu, <em>Cioran \u015fi exodul spre ve\u015fnicie<\/em>, Suceava, Editura Universit\u0103\u0163ii \u201e\u015etefan cel Mare\u201d, 2019.<\/p>\n\n\n\n<p class=\"has-normal-font-size\">Gabriela Esch, <em>Istoriografia filosofic\u0103 rom\u00e2neasc\u0103 \u00een perioada proletcultist\u0103<\/em>, Timi\u015foara, Editura Eurostampa, 2019.<\/p>\n\n\n\n<p class=\"has-normal-font-size\">Tudor Ghideanu, <em>Emil Cioran \u2013 eseu triadic<\/em>, Ia\u015fi, Editura Princeps Media, 2019.<\/p>\n\n\n\n<p class=\"has-normal-font-size\">\u015etefan Munteanu, <em>O istorie a opiniilor privind filosofia lui Eminescu<\/em>, vol. 2, Bucure\u015fti, Editura Eikon, 2019.<\/p>\n\n\n\n<p class=\"has-normal-font-size\">Ionel Necula, <em>Secven\u0163e de filosofie rom\u00e2neasc\u0103<\/em>, vol. I, Ia\u015fi, StudIS, 2019.<\/p>\n\n\n\n<p class=\"has-normal-font-size\">Eugeniu Nistor, <em>Lucian Blaga \u2013 biografie \u015fi destin<\/em>, T\u00e2rgu-Mure\u015f, Editura Ardealul, 2019.<\/p>\n\n\n\n<p class=\"has-normal-font-size\">Marcel Petri\u015for, <em>Petre \u0162u\u0163ea: sacerdotul f\u0103r\u0103 parohie<\/em>, cu un prolog de R\u0103zvan Codrescu, Bucure\u015fti, Editura Christiana, 2019.<\/p>\n\n\n\n<p class=\"has-normal-font-size\">Mircea Popa, <em>Lucian Blaga. Prin cenu\u015fa veacului<\/em>, Cluj-Napoca, Casa C\u0103r\u0163ii de \u015etiin\u0163\u0103, 2019.<\/p>\n\n\n\n<p class=\"has-normal-font-size\">Radu Sorescu, <em>Petre \u0162u\u0163ea. Via\u0163a \u015fi opera<\/em>, Caracal, Editura Hoffman, 2019.<\/p>\n\n\n\n<p class=\"has-normal-font-size\">Constantin Stroe, <em>Rostiri etice \u00een filosofia rom\u00e2neasc\u0103: studii de istorie a reflec\u0163iei morale rom\u00e2ne\u015fti<\/em>, vol. 3, Bucure\u015fti, Editura Ars Docendi, 2019.<\/p>\n\n\n\n<p class=\"has-normal-font-size\">Ion Tudosescu, <em>Rostul filosofiei (\u00een spiritualitatea uman\u0103) \u015fi identitatea filosofiei rom\u00e2ne\u015fti,<\/em> Bucure\u015fti, Editura Funda\u0163iei \u201eRom\u00e2nia de M\u00e2ine\u201d, 2019.<\/p>\n\n\n\n<p class=\"has-normal-font-size\">Fr\u0103gu\u0163a Zaharia, <em>[\u015ei] Fenomenologia vie\u0163ii personale \u00een filosofia lui Constantin Micu Stavil\u0103<\/em>, preambul de Carmen Cozma, Ia\u015fi, Editura Universit\u0103\u0163ii \u201eAlexandru Ioan Cuza\u201d, 2019.<\/p>\n\n\n\n<div style=\"height:30px\" aria-hidden=\"true\" class=\"wp-block-spacer\"><\/div>\n\n\n\n<h6 class=\"wp-block-heading\" id=\"editii-ingrijite\"><strong>EDI\u0162II \u00ceNGRIJITE<\/strong><\/h6>\n\n\n\n<p class=\"has-normal-font-size\">Vasile B\u0103ncil\u0103, <em>Opere<\/em>, vol. XIV:<em> Sistem de filozofie, 9. Concluzii la sistem<\/em>, edi\u0163ie \u00eengrijit\u0103 de Dora Mezdrea, Br\u0103ila, Editura Istros a Muzeului Br\u0103ilei \u201eCarol I\u201d, 2019.<\/p>\n\n\n\n<p class=\"has-normal-font-size\">Nae Ionescu, <em>Opere<\/em>, vol. I: <em>Cursuri de metafizic\u0103, 1<\/em>, edi\u0163ia a doua, rev\u0103zut\u0103 \u015fi ad\u0103ugit\u0103, studiu introductiv de Acad. Alexandru Surdu, edi\u0163ie \u00eengrijit\u0103 de Dora Mezdrea \u015fi Marin Diaconu, Bucure\u015fti, Editura Muzeul Literaturii Rom\u00e2ne, 2019.<\/p>\n\n\n\n<p class=\"has-normal-font-size\">Nae Ionescu, <em>Opere<\/em>, vol. V: <em>Studii filosofice, introduceri, prefe\u0163e 1909\u20131937<\/em>, edi\u0163ie \u00eengrijit\u0103 de Dora Mezdrea \u015fi Marin Diaconu, Bucure\u015fti, Editura Muzeul Literaturii Rom\u00e2ne, 2019.<\/p>\n\n\n\n<p class=\"has-normal-font-size\">B.P. Ha\u015fdeu, <em>Sic cogito: Ce e via\u0163a? Ce e moartea? Ce e omul?<\/em>, ed. critic\u0103 de I. Opri\u015fan, ed. a 2-a, Bucure\u015fti, Saeculum I.O., 2019.<\/p>\n\n\n\n<p class=\"has-normal-font-size\">Samuil Micu, <em>Teologhiia moraliceasc\u0103 sau Bogosloviia. Cartea a doao a Teologhiei Moralice\u015fti, Blaj, 1796<\/em>, edi\u0163ie \u00eengrijit\u0103, transcrierea textului \u015fi glosar de Florica-Elisabeta Nu\u0163iu-Vulc\u0103nescu, Bucure\u015fti, Editura Academiei Rom\u00e2ne, 2019.<\/p>\n\n\n\n<p class=\"has-normal-font-size\">Constantin Noica, <em>Interpret\u0103ri la Platon<\/em>, \u00eengrijirea edi\u0163iei \u015fi cuv\u00e2nt \u00eenainte de George Vida, Bucure\u015fti, Editura Humanitas, 2019.<\/p>\n\n\n\n<p class=\"has-normal-font-size\">Camil Petrescu, <em>Husserl. O introducere \u00een filosofia fenomenologic\u0103<\/em>, [not\u0103 asupra edi\u0163iei: Alexandru Buican], Baia Mare, Actaeon Books, 2019.<\/p>\n\n\n\n<p class=\"has-normal-font-size\">Marin \u015etef\u0103nescu, <em>Dualismul logic. Eseu asupra raportului dintre dualismul \u015fi teismul lui Kant<\/em>, traducerea, edi\u0163ie \u00eengrijit\u0103, prefa\u0163\u0103 \u015fi note de Viorel Cernica, Bucure\u015fti, Editura Academiei Rom\u00e2ne, 2019.<\/p>\n\n\n\n<p class=\"has-normal-font-size\">Mihai U\u0163\u0103, <em>Filosofia \u015fi spiritul \u015ftiin\u0163ei<\/em>, ed. critic\u0103, cuv\u00e2nt \u00eenainte, note \u015fi comentarii de Adrian Michidu\u0163\u0103, Craiova, Editura Aius Printed, 2019. (Biblioteca de filosofie rom\u00e2neasc\u0103).<\/p>\n\n\n\n<p class=\"has-normal-font-size\">A.D. Xenopol, <em>Opere<\/em>, vol. I: <em>Studii: Pagini autobiografice. Istorie. Filosofia istoriei. Evoc\u0103ri culturale. Activitate academic\u0103. Educa\u0163ie. \u00cenv\u0103\u0163\u0103m\u00e2nt<\/em>, text ales \u015fi stabilit, note \u015fi comentarii, revizuire filologic\u0103, indice \u015fi repere critice de Dorina N. Rusu, prefa\u0163\u0103 de Alexandru Zub, prefa\u0163\u0103 de Eugen Simion, Bucure\u015fti, Academia Rom\u00e2n\u0103\/ Funda\u0163ia Na\u0163ional\u0103 pentru \u015etiin\u0163\u0103 \u015fi Art\u0103, 2019.<\/p>\n\n\n\n<div style=\"height:30px\" aria-hidden=\"true\" class=\"wp-block-spacer\"><\/div>\n\n\n\n<h6 class=\"wp-block-heading\" id=\"marturii\"><strong>M\u0102RTURII<\/strong><\/h6>\n\n\n\n<p class=\"has-normal-font-size\">Jeni Acterian, <em>Coresponden\u0163\u0103: \u201efiecare r\u00e2nd e o infernal\u0103 suferin\u0163\u0103\u201d<\/em>, ed. \u00eengrijit\u0103 de Fabian Anton, Bucure\u015fti, Editura Vremea, 2019.<\/p>\n\n\n\n<p class=\"has-normal-font-size\">Nichifor Crainic,<em> Pribeag \u00een \u0163ara mea sub masc\u0103: memorii 23 august 1944 \u2013 24 mai 1947<\/em>, ed. a 2-a rev\u0103zut\u0103 \u015fi ad\u0103ugit\u0103, \u00eengrijit\u0103 \u015fi prefa\u0163at\u0103 de Florin Du\u0163u, Bucure\u015fti, Editura Floare Alb\u0103 de Col\u0163, 2019.<\/p>\n\n\n\n<p class=\"has-normal-font-size\"><em>Modelul cultural Noica<\/em>, vol. IV, culegere alc\u0103tuit\u0103 de Marin Diaconu, Bucure\u015fti Editura Funda\u0163iei Na\u0163ionale pentru \u015etiin\u0163\u0103 \u015fi Art\u0103, 2019.<\/p>\n\n\n\n<p class=\"has-normal-font-size\">Lucian Nastas\u0103-Kov\u00e1cs, <em>Un concurs universitar \u015fi trei personaje : Constantin Noica, Mircea Eliade \u015fi Ion Zamfirescu<\/em>, Cluj-Napoca, Editura Mega, 2019.<\/p>\n\n\n\n<p class=\"has-normal-font-size\">Mihail Radu Solcan, <em>Vremuri noi, vremuri vechi. Jurnal 2007\u20132013<\/em>, selec\u0163iuni, introducere \u015fi note de Mircea Flonta \u015fi Constantin Vic\u0103, Bucure\u015fti, Editura Art, 2019.<\/p>\n\n\n\n<div style=\"height:30px\" aria-hidden=\"true\" class=\"wp-block-spacer\"><\/div>\n\n\n\n<h6 class=\"wp-block-heading\" id=\"traduceri\"><strong>TRADUCERI<\/strong><\/h6>\n\n\n\n<p class=\"has-normal-font-size\">Lucian Blaga, <em>Die Entstehung der Metapher und der Sinn von Kultur<\/em>, \u00dcbersetzt von Rainer Schubert, Wien, New Academic Press, 2019.<\/p>\n\n\n\n<div style=\"height:10px\" aria-hidden=\"true\" class=\"wp-block-spacer\"><\/div>\n\n\n\n<hr class=\"wp-block-separator is-style-default\"\/>\n\n\n\n<p class=\"has-small-font-size\"> [<em>Studii de istorie a filosofiei rom\u00e2ne\u015fti<\/em>, vol. XVI:<em> Rela\u021bia minte\u2013corp<\/em>, Bucure\u015fti, Editura Academiei Rom\u00e2ne, 2020, pp.&nbsp;219\u2013222]   <\/p>\n\n\n<div style=\"gap: 20px;\" class=\"align-button-left ub-buttons orientation-button-row ub-flex-wrap wp-block-ub-button\" id=\"ub-button-4ceb3370-1eb8-4edd-ae93-591ce554f825\"><div class=\"ub-button-container\">\n\t\t\t<a href=\"https:\/\/filosofieromaneasca.institutuldefilosofie.ro\/sifr\/wp-content\/uploads\/2022\/01\/Lates-Titus-Semnal-SIFR16-.pdf\" target=\"_blank\" rel=\"noopener noreferrer nofollow\" class=\"ub-button-block-main   ub-button-flex\" role=\"button\" style=\"--ub-button-background-color: var(--ast-global-color-4); --ub-button-color: var(--ast-global-color-1); --ub-button-border: none; --ub-button-hover-background-color: var(--ast-global-color-7); --ub-button-hover-color: #ffffff; --ub-button-hover-border: none; padding-top: 10px; padding-right: 10px; padding-bottom: 10px; padding-left: 10px; \">\n\t\t\t\t<div class=\"ub-button-content-holder\" style=\"flex-direction: row\">\n\t\t\t\t\t<span class=\"ub-button-icon-holder\">\n\t\t\t\t<svg xmlns=\"http:\/\/www.w3.org\/2000\/svg\" height=\"25\" width=\"25\" viewbox=\"0 0 448 512\">\n\t\t\t\t\t<path fill=\"currentColor\" d=\"M0 64C0 28.7 28.7 0 64 0H224V128c0 17.7 14.3 32 32 32H384V304H296 272 184 160c-35.3 0-64 28.7-64 64v80 48 16H64c-35.3 0-64-28.7-64-64V64zm384 64H256V0L384 128zM160 352h24c30.9 0 56 25.1 56 56s-25.1 56-56 56h-8v32c0 8.8-7.2 16-16 16s-16-7.2-16-16V448 368c0-8.8 7.2-16 16-16zm24 80c13.3 0 24-10.7 24-24s-10.7-24-24-24h-8v48h8zm88-80h24c26.5 0 48 21.5 48 48v64c0 26.5-21.5 48-48 48H272c-8.8 0-16-7.2-16-16V368c0-8.8 7.2-16 16-16zm24 128c8.8 0 16-7.2 16-16V400c0-8.8-7.2-16-16-16h-8v96h8zm72-112c0-8.8 7.2-16 16-16h48c8.8 0 16 7.2 16 16s-7.2 16-16 16H400v32h32c8.8 0 16 7.2 16 16s-7.2 16-16 16H400v48c0 8.8-7.2 16-16 16s-16-7.2-16-16V432 368z\">\n\t\t\t\t<\/path><\/svg>\n\t\t\t<\/span><span class=\"ub-button-block-btn\">Descarc\u0103<\/span>\n\t\t\t\t<\/div>\n\t\t\t<\/a>\n\t\t<\/div><\/div>","protected":false},"excerpt":{"rendered":"<p>Semnal: Istoria filosofiei rom\u00e2ne\u015fti \u00een anul 2019 Bibliografie de TITUS LATES VOLUME COLECTIVE Studii de istorie a filosofiei rom\u00e2ne\u015fti, vol. XV: Problema con\u015ftiin\u0163ei, coordonatori: Alexandru Surdu, Viorel Cernica, Mona Mamulea, Mihai Popa, Titus Lates, Bucure\u015fti, Editura Academiei Rom\u00e2ne, 2019. Existen\u0163ialismul rom\u00e2nesc 1919 \u2013 1947, introducere de Eugen Simion, ed. \u00eengrijit\u0103 de Marin Diaconu, Bucure\u015fti, Academia [&hellip;]<\/p>\n","protected":false},"author":1,"featured_media":0,"parent":21,"menu_order":13,"comment_status":"closed","ping_status":"closed","template":"","meta":{"_uag_custom_page_level_css":"","site-sidebar-layout":"default","site-content-layout":"","ast-site-content-layout":"default","site-content-style":"default","site-sidebar-style":"default","ast-global-header-display":"","ast-banner-title-visibility":"","ast-main-header-display":"","ast-hfb-above-header-display":"","ast-hfb-below-header-display":"","ast-hfb-mobile-header-display":"","site-post-title":"disabled","ast-breadcrumbs-content":"","ast-featured-img":"","footer-sml-layout":"","theme-transparent-header-meta":"","adv-header-id-meta":"","stick-header-meta":"","header-above-stick-meta":"","header-main-stick-meta":"","header-below-stick-meta":"","astra-migrate-meta-layouts":"default","ast-page-background-enabled":"default","ast-page-background-meta":{"desktop":{"background-color":"var(--ast-global-color-4)","background-image":"","background-repeat":"repeat","background-position":"center center","background-size":"auto","background-attachment":"scroll","background-type":"","background-media":"","overlay-type":"","overlay-color":"","overlay-opacity":"","overlay-gradient":""},"tablet":{"background-color":"","background-image":"","background-repeat":"repeat","background-position":"center center","background-size":"auto","background-attachment":"scroll","background-type":"","background-media":"","overlay-type":"","overlay-color":"","overlay-opacity":"","overlay-gradient":""},"mobile":{"background-color":"","background-image":"","background-repeat":"repeat","background-position":"center center","background-size":"auto","background-attachment":"scroll","background-type":"","background-media":"","overlay-type":"","overlay-color":"","overlay-opacity":"","overlay-gradient":""}},"ast-content-background-meta":{"desktop":{"background-color":"var(--ast-global-color-5)","background-image":"","background-repeat":"repeat","background-position":"center center","background-size":"auto","background-attachment":"scroll","background-type":"","background-media":"","overlay-type":"","overlay-color":"","overlay-opacity":"","overlay-gradient":""},"tablet":{"background-color":"var(--ast-global-color-5)","background-image":"","background-repeat":"repeat","background-position":"center center","background-size":"auto","background-attachment":"scroll","background-type":"","background-media":"","overlay-type":"","overlay-color":"","overlay-opacity":"","overlay-gradient":""},"mobile":{"background-color":"var(--ast-global-color-5)","background-image":"","background-repeat":"repeat","background-position":"center center","background-size":"auto","background-attachment":"scroll","background-type":"","background-media":"","overlay-type":"","overlay-color":"","overlay-opacity":"","overlay-gradient":""}},"footnotes":""},"categories":[201,195,205,14,262],"tags":[],"class_list":["post-1108","page","type-page","status-publish","hentry","category-bibliografii","category-articole","category-bibliografii-anuale","category-sifr16","category-titus-lates"],"featured_image_src":null,"uagb_featured_image_src":{"full":false,"thumbnail":false,"medium":false,"medium_large":false,"large":false,"1536x1536":false,"2048x2048":false},"uagb_author_info":{"display_name":"SIFR","author_link":"https:\/\/filosofieromaneasca.institutuldefilosofie.ro\/sifr\/author\/mm\/"},"uagb_comment_info":0,"uagb_excerpt":"Semnal: Istoria filosofiei rom\u00e2ne\u015fti \u00een anul 2019 Bibliografie de TITUS LATES VOLUME COLECTIVE Studii de istorie a filosofiei rom\u00e2ne\u015fti, vol. XV: Problema con\u015ftiin\u0163ei, coordonatori: Alexandru Surdu, Viorel Cernica, Mona Mamulea, Mihai Popa, Titus Lates, Bucure\u015fti, Editura Academiei Rom\u00e2ne, 2019. Existen\u0163ialismul rom\u00e2nesc 1919 \u2013 1947, introducere de Eugen Simion, ed. \u00eengrijit\u0103 de Marin Diaconu, Bucure\u015fti, Academia&hellip;","_links":{"self":[{"href":"https:\/\/filosofieromaneasca.institutuldefilosofie.ro\/sifr\/wp-json\/wp\/v2\/pages\/1108","targetHints":{"allow":["GET"]}}],"collection":[{"href":"https:\/\/filosofieromaneasca.institutuldefilosofie.ro\/sifr\/wp-json\/wp\/v2\/pages"}],"about":[{"href":"https:\/\/filosofieromaneasca.institutuldefilosofie.ro\/sifr\/wp-json\/wp\/v2\/types\/page"}],"author":[{"embeddable":true,"href":"https:\/\/filosofieromaneasca.institutuldefilosofie.ro\/sifr\/wp-json\/wp\/v2\/users\/1"}],"replies":[{"embeddable":true,"href":"https:\/\/filosofieromaneasca.institutuldefilosofie.ro\/sifr\/wp-json\/wp\/v2\/comments?post=1108"}],"version-history":[{"count":13,"href":"https:\/\/filosofieromaneasca.institutuldefilosofie.ro\/sifr\/wp-json\/wp\/v2\/pages\/1108\/revisions"}],"predecessor-version":[{"id":5831,"href":"https:\/\/filosofieromaneasca.institutuldefilosofie.ro\/sifr\/wp-json\/wp\/v2\/pages\/1108\/revisions\/5831"}],"up":[{"embeddable":true,"href":"https:\/\/filosofieromaneasca.institutuldefilosofie.ro\/sifr\/wp-json\/wp\/v2\/pages\/21"}],"wp:attachment":[{"href":"https:\/\/filosofieromaneasca.institutuldefilosofie.ro\/sifr\/wp-json\/wp\/v2\/media?parent=1108"}],"wp:term":[{"taxonomy":"category","embeddable":true,"href":"https:\/\/filosofieromaneasca.institutuldefilosofie.ro\/sifr\/wp-json\/wp\/v2\/categories?post=1108"},{"taxonomy":"post_tag","embeddable":true,"href":"https:\/\/filosofieromaneasca.institutuldefilosofie.ro\/sifr\/wp-json\/wp\/v2\/tags?post=1108"}],"curies":[{"name":"wp","href":"https:\/\/api.w.org\/{rel}","templated":true}]}}