{"id":1927,"date":"2022-01-26T17:26:50","date_gmt":"2022-01-26T15:26:50","guid":{"rendered":"http:\/\/filosofieromaneasca.institutuldefilosofie.ro\/sifr\/?page_id=1927"},"modified":"2022-03-16T23:00:27","modified_gmt":"2022-03-16T21:00:27","slug":"semnal-istoria-filosofiei-romanesti-in-anul-2020","status":"publish","type":"page","link":"https:\/\/filosofieromaneasca.institutuldefilosofie.ro\/sifr\/volumul-17-2021\/semnal-istoria-filosofiei-romanesti-in-anul-2020\/","title":{"rendered":"Semnal: Istoria filosofiei rom\u00e2ne\u015fti \u00een anul 2020 | Titus Lates"},"content":{"rendered":"\n<h2 class=\"wp-block-heading\" id=\"semnal-istoria-filosofiei-romanesti-in-anul-2020\">Semnal: Istoria filosofiei rom\u00e2ne\u015fti \u00een anul 2020<\/h2>\n\n\n\n<h5 class=\"wp-block-heading\">TITUS LATES<\/h5>\n\n\n\n<p class=\"has-small-font-size\">Institutul de Filosofie \u0219i Psihologie \u201eC. R\u0103dulescu-Motru\u201d al Academiei Rom\u00e2ne<\/p>\n\n\n\n<div style=\"height:50px\" aria-hidden=\"true\" class=\"wp-block-spacer\"><\/div>\n\n\n\n<h6 class=\"wp-block-heading\" id=\"volume-colective\"><strong>VOLUME COLECTIVE<\/strong><\/h6>\n\n\n\n<p style=\"font-size:16px\"><em>Studii de istorie a filosofiei rom\u00e2ne\u015fti<\/em>, vol. XVI:<em> Rela\u0163ia minte-corp<\/em>, coord. Alexandru Surdu, Mona Mamulea, Titus Lates, Mihai Popa, Viorel Cernica, Bucure\u015fti, Editura Academiei Rom\u00e2ne, 2020.<\/p>\n\n\n\n<p style=\"font-size:16px\"><em>Simpozionul Na\u0163ional \u201eConstantin Noica\u201d<\/em>, edi\u0163ia a XII-a: <em>\u201eDevenirea \u00eentru fiin\u0163\u0103\u201d<\/em>, Bucure\u015fti, 16 octombrie 2020, coordonatori: Alexandru Surdu, Mona Mamulea, Ovidiu G. Grama, Bucure\u015fti, Editura Academiei Rom\u00e2ne, 2020.<\/p>\n\n\n\n<p style=\"font-size:16px\"><em>Simpozionul Na\u0163ional \u201eConstantin R\u0103dulescu-Motru, edi\u0163ia a IV-a, T\u00e2rgu-Mure\u015f, 2019<\/em>, coordonatori: Alexandru Surdu, Marius Dobre, Bucure\u015fti, Editura Academiei Rom\u00e2ne, 2020.<\/p>\n\n\n\n<p style=\"font-size:16px\"><em>Simpozionul Na\u0163ional Lucian Blaga \u201eSpa\u0163iul mioritic, satul \u015fi sufletul rom\u00e2nesc\u201d, F\u0103rca\u015fa, Maramure\u015f, 2019<\/em>, coordonatori: Alexandru Surdu, Marius Augustin-Dr\u0103ghici, Oana Vasilescu, Anton Mihi\u015f, Adrian Sab\u0103u, Bucure\u015fti, Editura Academiei Rom\u00e2ne, 2020.<\/p>\n\n\n\n<p style=\"font-size:16px\"><em>Ideea european\u0103 \u00een filosofia rom\u00e2neasc\u0103 (III)<\/em>, coord. George Bondor, \u015etefan Afloroaei, Ia\u015fi, Editura Universit\u0103\u0163ii \u201eAl. I. Cuza\u201d, 2020.<\/p>\n\n\n\n<p style=\"font-size:16px\"><em>G\u00e2nditori rom\u00e2ni \u00een cultura universal\u0103<\/em>, ed. Horia Vicen\u0163iu P\u0103tra\u015fcu, Ia\u015fi, Editura Universit\u0103\u0163ii \u201eAl. I. Cuza\u201d, 2020.<\/p>\n\n\n\n<p style=\"font-size:16px\"><em>Dic\u0163ionar de termeni cioranieni<\/em>, 2 vol., coord. Simona Constantinovici, Timi\u015foara, Editura Universit\u0103\u0163ii de Vest (Aula Magna)\/ Milano, Criterion Editrice, 2020.<\/p>\n\n\n\n<div style=\"height:10px\" aria-hidden=\"true\" class=\"wp-block-spacer\"><\/div>\n\n\n\n<hr class=\"wp-block-separator is-style-default\"\/>\n\n\n\n<div style=\"height:20px\" aria-hidden=\"true\" class=\"wp-block-spacer\"><\/div>\n\n\n\n<h6 class=\"wp-block-heading\" id=\"carti-de-autor\"><strong>C\u0102R\u0162I DE AUTOR<\/strong><\/h6>\n\n\n\n<p style=\"font-size:16px\">Ioan Biri\u015f, <em>Lucian Blaga: conceptele dogmatice<\/em>, Cluj-Napoca, \u015ecoala Ardelean\u0103, 2020.<\/p>\n\n\n\n<p style=\"font-size:16px\">Amalia Br\u0103escu Petrov, <em>Constantin Noica. Ontologia identit\u0103\u0163ii na\u0163ionale \u015fi modelul cultural european<\/em>, Timi\u015foara, Editura Eurostar, 2020.<\/p>\n\n\n\n<p style=\"font-size:16px\">Adrian Buzdugan, <em>Procesul lui Cioran<\/em>, Pite\u015fti, Editura Paralela 45, 2020.<\/p>\n\n\n\n<p style=\"font-size:16px\">Ion Dur, <em>Post restant. \u201eCazul\u201d g\u00e2nditorului Vasile B\u0103ncil\u0103<\/em>, Bucure\u015fti, Editura Muzeul Literaturii Rom\u00e2ne, 2020.<\/p>\n\n\n\n<p style=\"font-size:16px\">Ion Dur, <em>Constantin Noica. De la gazet\u0103rie la g\u00e2ndirea speculativ\u0103 \u2013 treptele des\u0103v\u00e2r\u015firii<\/em>, Bucure\u015fti, Editura Pro Universitaria, 2020.<\/p>\n\n\n\n<p style=\"font-size:16px\">Florea Lucaci, <em>Constantin Noica: \u00eentruchip\u0103ri ale g\u00e2ndirii<\/em>, Cluj-Napoca, Editura \u015ecoala Ardelean\u0103, 2020.<\/p>\n\n\n\n<p style=\"font-size:16px\">Adrian Michidu\u0163\u0103, <em>Reconstruc\u0163ia filosofiei rom\u00e2ne\u015fti<\/em>, Craiova, Editura Aius, 2020.<\/p>\n\n\n\n<p style=\"font-size:16px\">Tatiana Niculescu, <em>Seduc\u0103torul domn Nae<\/em>, Bucure\u015fti, Editura Humanitas, 2020.<\/p>\n\n\n\n<p style=\"font-size:16px\">Iasmina Petrovici, <em>Crea\u0163ia cultural\u0103 \u015fi valoarea estetic\u0103 la Lucian Blaga<\/em>, Bucure\u015fti, Editura Tritonic, 2020.<\/p>\n\n\n\n<p style=\"font-size:16px\">Ana Selejan, <em>Lucian Blaga, biografie \u015fi crea\u0163ie: contribu\u0163ii critice<\/em>, Bucure\u015fti, Editura Muzeul Literaturii Rom\u00e2ne, 2020.<\/p>\n\n\n\n<p style=\"font-size:16px\">Alexandru Surdu, <em>Eminescu \u015fi filosofia<\/em>, T\u00e2rgu-Mure\u015f, Editura Ardealul, 2020.<\/p>\n\n\n\n<p style=\"font-size:16px\">Alexandru Surdu, <em>G\u00e2nduri despre Lucian Blaga<\/em>, T\u00e2rgu-Mure\u015f, Editura Ardealul, 2020.<\/p>\n\n\n\n<p style=\"font-size:16px\">Alexandru Surdu, <em>Comentarii la rostirea filosofic\u0103 \u00eenso\u0163ite de c\u00e2teva g\u00e2nduri despre Constantin Noica<\/em>, edi\u0163ie revizuit\u0103 de Oana Vasilescu, T\u00e2rgu-Mure\u015f, Editura Ardealul, 2020.<\/p>\n\n\n\n<div style=\"height:10px\" aria-hidden=\"true\" class=\"wp-block-spacer\"><\/div>\n\n\n\n<hr class=\"wp-block-separator is-style-default\"\/>\n\n\n\n<div style=\"height:20px\" aria-hidden=\"true\" class=\"wp-block-spacer\"><\/div>\n\n\n\n<h6 class=\"wp-block-heading\" id=\"editii-ingrijite\"><strong>EDI\u0162II \u00ceNGRIJITE<\/strong><\/h6>\n\n\n\n<p style=\"font-size:16px\"><em>\u00cenv\u0103\u0163\u0103turile lui Neagoe Basarab<\/em>, edi\u0163ie de Dan Zamfirescu \u015fi Ileana Mih\u0103il\u0103, studiu introductiv de Eugen Simion, Bucure\u015fti, Academia Rom\u00e2n\u0103\/ Funda\u0163ia Na\u0163ional\u0103 pentru \u015etiin\u0163\u0103 \u015fi Art\u0103, 2020<\/p>\n\n\n\n<p style=\"font-size:16px\">Ernest Bernea, <em>Treptele bucuriei<\/em>, Bucure\u015fti, Editura Predania, 2020.<\/p>\n\n\n\n<p style=\"font-size:16px\">Dimitrie Cantemir\/ Ieremia Cacavela, <em>Institutio logices<\/em>, editarea textului latinesc, aparatul critic \u015fi indicele Florentina Nicolae, traducere din limba latin\u0103 Ioana Costa, studiu introductiv Alexandru Surdu, Bucure\u015fti, Academia Rom\u00e2n\u0103\/ Funda\u0163ia Na\u0163ional\u0103 pentru \u015etiin\u0163\u0103 \u015fi Art\u0103, 2020<\/p>\n\n\n\n<p style=\"font-size:16px\">Anton Dumitriu, <em>Orient \u015fi Occident<\/em>, prefa\u0163\u0103 de Oana Camelia \u015eerban, Bucure\u015fti, Cartea Rom\u00e2neasc\u0103 Educa\u0163ional, 2020.<\/p>\n\n\n\n<p style=\"font-size:16px\">Mircea Florian, <em>Publicistic\u0103<\/em>, vol. III (1944\u20131947): <em>Despre modestie<\/em>, ed. critic\u0103, studiu introductiv, note \u015fi bibliografie de Adrian Michidu\u0163\u0103 Craiova, Editura Aius, 2020.<\/p>\n\n\n\n<p style=\"font-size:16px\">Nae Ionescu, <em>Opere<\/em>, 3 vol., ed. \u00eengrijit\u0103 de Marin Diaconu \u015fi Dora Mezdrea, postfa\u0163\u0103 de Eugen Simion, Bucure\u015fti, Academia Rom\u00e2n\u0103\/ Funda\u0163ia Na\u0163ional\u0103 pentru \u015etiin\u0163\u0103 \u015fi Art\u0103, 2020.<\/p>\n\n\n\n<div style=\"height:10px\" aria-hidden=\"true\" class=\"wp-block-spacer\"><\/div>\n\n\n\n<hr class=\"wp-block-separator is-style-default\"\/>\n\n\n\n<div style=\"height:20px\" aria-hidden=\"true\" class=\"wp-block-spacer\"><\/div>\n\n\n\n<h6 class=\"wp-block-heading\" id=\"volume-omagiale\"><strong>VOLUME OMAGIALE<\/strong><\/h6>\n\n\n\n<p style=\"font-size:16px\"><em>\u00cen c\u0103utarea elocven\u0163ei critice. Volum omagial Ion Dur<\/em>, antologie, studiu introductiv \u015fi note de Gabriel Hasma\u0163uchi, Sibiu, Editura Agnos, 2020.<\/p>\n\n\n\n<div style=\"height:10px\" aria-hidden=\"true\" class=\"wp-block-spacer\"><\/div>\n\n\n\n<hr class=\"wp-block-separator is-style-default\"\/>\n\n\n\n<div style=\"height:20px\" aria-hidden=\"true\" class=\"wp-block-spacer\"><\/div>\n\n\n\n<h6 class=\"wp-block-heading\" id=\"marturii\"><strong>M\u0102RTURII<\/strong><\/h6>\n\n\n\n<p style=\"font-size:16px\"><em>Nae Ionescu \u015fi discipolii s\u0103i<\/em>, vol. VIII: <em>Axente Sever Popovici<\/em>, selectia \u015fi \u00eengrijirea textelor Dora Mezdrea, Bucure\u015fti, Editura Muzeul Literaturii Rom\u00e2ne, 2020. CIP iunie<\/p>\n\n\n\n<p style=\"font-size:16px\">Elena-Margareta Ionescu, Nae Ionescu,<em> Nae \u015fi Margareta. Destinele familiei de-a lungul unui secol<\/em>, prefa\u0163\u0103 de Anca Irina Ionescu, ed. \u00eengrijit\u0103 de Anca Irina Ionescu \u015fi Miruna Lepu\u015f, Bucure\u015fti, Editura Vremea, 2020.<\/p>\n\n\n\n<p style=\"font-size:16px\"><em>Coresponden\u0163\u0103 Livia Dymsza-Maiorescu \u015fi Mihail Antoniade<\/em>, edi\u0163ie \u00eengrijit\u0103 de Marin Diaconu, Bucure\u015fti, Funda\u0163ia Na\u0163ional\u0103 pentru \u015etiin\u0163\u0103 \u015fi Art\u0103, 2020.<\/p>\n\n\n\n<p style=\"font-size:16px\"><em>23 g\u00e2nditori \u00een autoprezent\u0103ri subiective<\/em>, edi\u0163ie \u00eengrijit\u0103 de Marin Diaconu, Bucure\u015fti, Academia Rom\u00e2n\u0103, Funda\u0163ia Na\u0163ional\u0103 pentru \u015etiin\u0163\u0103 \u015fi Art\u0103\/Muzeul Na\u0163ional al Literaturii Rom\u00e2ne, 2020.<\/p>\n\n\n\n<div style=\"height:10px\" aria-hidden=\"true\" class=\"wp-block-spacer\"><\/div>\n\n\n\n<hr class=\"wp-block-separator is-style-default\"\/>\n\n\n\n<div style=\"height:20px\" aria-hidden=\"true\" class=\"wp-block-spacer\"><\/div>\n\n\n\n<h6 class=\"wp-block-heading\" id=\"traduceri\"><strong>TRADUCERI<\/strong><\/h6>\n\n\n\n<p style=\"font-size:16px\"><em>Moderne aristotelische Forschugsergebnisse in Rum\u00e4nien<\/em>, herausgegeben von Alexandru Surdu, Niels \u00d6ffenberger, Marius Augustin Dr\u0103ghici und Oana Vasilescu, Hildesheim\/ Z\u00fcrich\/ New York, Georg Olms Verlag, 2020.<\/p>\n\n\n\n<hr class=\"wp-block-separator is-style-default\"\/>\n\n\n\n<p class=\"has-small-font-size\">[<em>Studii de istorie a filosofiei rom\u00e2ne\u015fti<\/em>, vol. XVII:<em>&nbsp;Teorii ale adev\u0103rului<\/em>, Bucure\u015fti, Editura Academiei Rom\u00e2ne, 2021, pp.&nbsp;195\u2013197]<\/p>\n\n\n<div style=\"gap: 20px;\" class=\"align-button-left ub-buttons orientation-button-row ub-flex-wrap wp-block-ub-button\" id=\"ub-button-b5ba8c5a-8d95-4a8c-8711-69570a62252c\"><div class=\"ub-button-container\">\n\t\t\t<a href=\"https:\/\/filosofieromaneasca.institutuldefilosofie.ro\/sifr\/wp-content\/uploads\/2022\/01\/Lates-Titus-Semnal-SIFR17.pdf\" target=\"_blank\" rel=\"noopener noreferrer\" class=\"ub-button-block-main   ub-button-flex\" role=\"button\" style=\"--ub-button-background-color: var(--ast-global-color-4); --ub-button-color: var(--ast-global-color-1); --ub-button-border: none; --ub-button-hover-background-color: var(--ast-global-color-7); --ub-button-hover-color: #ffffff; --ub-button-hover-border: none; padding-top: 10px; padding-right: 10px; padding-bottom: 10px; padding-left: 10px; \">\n\t\t\t\t<div class=\"ub-button-content-holder\" style=\"flex-direction: row\">\n\t\t\t\t\t<span class=\"ub-button-icon-holder\">\n\t\t\t\t<svg xmlns=\"http:\/\/www.w3.org\/2000\/svg\" height=\"25\" width=\"25\" viewbox=\"0 0 448 512\">\n\t\t\t\t\t<path fill=\"currentColor\" d=\"M0 64C0 28.7 28.7 0 64 0H224V128c0 17.7 14.3 32 32 32H384V304H296 272 184 160c-35.3 0-64 28.7-64 64v80 48 16H64c-35.3 0-64-28.7-64-64V64zm384 64H256V0L384 128zM160 352h24c30.9 0 56 25.1 56 56s-25.1 56-56 56h-8v32c0 8.8-7.2 16-16 16s-16-7.2-16-16V448 368c0-8.8 7.2-16 16-16zm24 80c13.3 0 24-10.7 24-24s-10.7-24-24-24h-8v48h8zm88-80h24c26.5 0 48 21.5 48 48v64c0 26.5-21.5 48-48 48H272c-8.8 0-16-7.2-16-16V368c0-8.8 7.2-16 16-16zm24 128c8.8 0 16-7.2 16-16V400c0-8.8-7.2-16-16-16h-8v96h8zm72-112c0-8.8 7.2-16 16-16h48c8.8 0 16 7.2 16 16s-7.2 16-16 16H400v32h32c8.8 0 16 7.2 16 16s-7.2 16-16 16H400v48c0 8.8-7.2 16-16 16s-16-7.2-16-16V432 368z\">\n\t\t\t\t<\/path><\/svg>\n\t\t\t<\/span><span class=\"ub-button-block-btn\">Descarc\u0103<\/span>\n\t\t\t\t<\/div>\n\t\t\t<\/a>\n\t\t<\/div><\/div>","protected":false},"excerpt":{"rendered":"<p>Semnal: Istoria filosofiei rom\u00e2ne\u015fti \u00een anul 2020 TITUS LATES Institutul de Filosofie \u0219i Psihologie \u201eC. R\u0103dulescu-Motru\u201d al Academiei Rom\u00e2ne VOLUME COLECTIVE Studii de istorie a filosofiei rom\u00e2ne\u015fti, vol. XVI: Rela\u0163ia minte-corp, coord. Alexandru Surdu, Mona Mamulea, Titus Lates, Mihai Popa, Viorel Cernica, Bucure\u015fti, Editura Academiei Rom\u00e2ne, 2020. Simpozionul Na\u0163ional \u201eConstantin Noica\u201d, edi\u0163ia a XII-a: \u201eDevenirea [&hellip;]<\/p>\n","protected":false},"author":1,"featured_media":0,"parent":1785,"menu_order":9,"comment_status":"closed","ping_status":"closed","template":"","meta":{"_uag_custom_page_level_css":"","site-sidebar-layout":"default","site-content-layout":"","ast-site-content-layout":"default","site-content-style":"default","site-sidebar-style":"default","ast-global-header-display":"","ast-banner-title-visibility":"","ast-main-header-display":"","ast-hfb-above-header-display":"","ast-hfb-below-header-display":"","ast-hfb-mobile-header-display":"","site-post-title":"disabled","ast-breadcrumbs-content":"","ast-featured-img":"","footer-sml-layout":"","theme-transparent-header-meta":"","adv-header-id-meta":"","stick-header-meta":"","header-above-stick-meta":"","header-main-stick-meta":"","header-below-stick-meta":"","astra-migrate-meta-layouts":"default","ast-page-background-enabled":"default","ast-page-background-meta":{"desktop":{"background-color":"var(--ast-global-color-4)","background-image":"","background-repeat":"repeat","background-position":"center center","background-size":"auto","background-attachment":"scroll","background-type":"","background-media":"","overlay-type":"","overlay-color":"","overlay-opacity":"","overlay-gradient":""},"tablet":{"background-color":"","background-image":"","background-repeat":"repeat","background-position":"center center","background-size":"auto","background-attachment":"scroll","background-type":"","background-media":"","overlay-type":"","overlay-color":"","overlay-opacity":"","overlay-gradient":""},"mobile":{"background-color":"","background-image":"","background-repeat":"repeat","background-position":"center center","background-size":"auto","background-attachment":"scroll","background-type":"","background-media":"","overlay-type":"","overlay-color":"","overlay-opacity":"","overlay-gradient":""}},"ast-content-background-meta":{"desktop":{"background-color":"var(--ast-global-color-5)","background-image":"","background-repeat":"repeat","background-position":"center center","background-size":"auto","background-attachment":"scroll","background-type":"","background-media":"","overlay-type":"","overlay-color":"","overlay-opacity":"","overlay-gradient":""},"tablet":{"background-color":"var(--ast-global-color-5)","background-image":"","background-repeat":"repeat","background-position":"center center","background-size":"auto","background-attachment":"scroll","background-type":"","background-media":"","overlay-type":"","overlay-color":"","overlay-opacity":"","overlay-gradient":""},"mobile":{"background-color":"var(--ast-global-color-5)","background-image":"","background-repeat":"repeat","background-position":"center center","background-size":"auto","background-attachment":"scroll","background-type":"","background-media":"","overlay-type":"","overlay-color":"","overlay-opacity":"","overlay-gradient":""}},"footnotes":""},"categories":[201,195,205,63,262],"tags":[],"class_list":["post-1927","page","type-page","status-publish","hentry","category-bibliografii","category-articole","category-bibliografii-anuale","category-sifr17","category-titus-lates"],"featured_image_src":null,"uagb_featured_image_src":{"full":false,"thumbnail":false,"medium":false,"medium_large":false,"large":false,"1536x1536":false,"2048x2048":false},"uagb_author_info":{"display_name":"SIFR","author_link":"https:\/\/filosofieromaneasca.institutuldefilosofie.ro\/sifr\/author\/mm\/"},"uagb_comment_info":0,"uagb_excerpt":"Semnal: Istoria filosofiei rom\u00e2ne\u015fti \u00een anul 2020 TITUS LATES Institutul de Filosofie \u0219i Psihologie \u201eC. R\u0103dulescu-Motru\u201d al Academiei Rom\u00e2ne VOLUME COLECTIVE Studii de istorie a filosofiei rom\u00e2ne\u015fti, vol. XVI: Rela\u0163ia minte-corp, coord. Alexandru Surdu, Mona Mamulea, Titus Lates, Mihai Popa, Viorel Cernica, Bucure\u015fti, Editura Academiei Rom\u00e2ne, 2020. Simpozionul Na\u0163ional \u201eConstantin Noica\u201d, edi\u0163ia a XII-a: \u201eDevenirea&hellip;","_links":{"self":[{"href":"https:\/\/filosofieromaneasca.institutuldefilosofie.ro\/sifr\/wp-json\/wp\/v2\/pages\/1927","targetHints":{"allow":["GET"]}}],"collection":[{"href":"https:\/\/filosofieromaneasca.institutuldefilosofie.ro\/sifr\/wp-json\/wp\/v2\/pages"}],"about":[{"href":"https:\/\/filosofieromaneasca.institutuldefilosofie.ro\/sifr\/wp-json\/wp\/v2\/types\/page"}],"author":[{"embeddable":true,"href":"https:\/\/filosofieromaneasca.institutuldefilosofie.ro\/sifr\/wp-json\/wp\/v2\/users\/1"}],"replies":[{"embeddable":true,"href":"https:\/\/filosofieromaneasca.institutuldefilosofie.ro\/sifr\/wp-json\/wp\/v2\/comments?post=1927"}],"version-history":[{"count":17,"href":"https:\/\/filosofieromaneasca.institutuldefilosofie.ro\/sifr\/wp-json\/wp\/v2\/pages\/1927\/revisions"}],"predecessor-version":[{"id":5844,"href":"https:\/\/filosofieromaneasca.institutuldefilosofie.ro\/sifr\/wp-json\/wp\/v2\/pages\/1927\/revisions\/5844"}],"up":[{"embeddable":true,"href":"https:\/\/filosofieromaneasca.institutuldefilosofie.ro\/sifr\/wp-json\/wp\/v2\/pages\/1785"}],"wp:attachment":[{"href":"https:\/\/filosofieromaneasca.institutuldefilosofie.ro\/sifr\/wp-json\/wp\/v2\/media?parent=1927"}],"wp:term":[{"taxonomy":"category","embeddable":true,"href":"https:\/\/filosofieromaneasca.institutuldefilosofie.ro\/sifr\/wp-json\/wp\/v2\/categories?post=1927"},{"taxonomy":"post_tag","embeddable":true,"href":"https:\/\/filosofieromaneasca.institutuldefilosofie.ro\/sifr\/wp-json\/wp\/v2\/tags?post=1927"}],"curies":[{"name":"wp","href":"https:\/\/api.w.org\/{rel}","templated":true}]}}