{"id":2373,"date":"2022-01-29T01:57:15","date_gmt":"2022-01-28T23:57:15","guid":{"rendered":"http:\/\/filosofieromaneasca.institutuldefilosofie.ro\/sifr\/?page_id=2373"},"modified":"2025-12-01T16:39:10","modified_gmt":"2025-12-01T14:39:10","slug":"arhiva","status":"publish","type":"page","link":"https:\/\/filosofieromaneasca.institutuldefilosofie.ro\/sifr\/arhiva\/","title":{"rendered":"Arhiva"},"content":{"rendered":"\n<h2 class=\"wp-block-heading\" id=\"arhiva\">Arhiva<\/h2>\n\n\n\n<div style=\"height:20px\" aria-hidden=\"true\" class=\"wp-block-spacer\"><\/div>\n\n\n\n<p class=\"has-text-align-left has-ast-global-color-2-color has-ast-global-color-4-background-color has-text-color has-background\"><a href=\"https:\/\/filosofieromaneasca.institutuldefilosofie.ro\/sifr\/volumul-21-2025\/\" data-type=\"page\" data-id=\"8839\">Volumul 21 (2025)<\/a> Perspective conceptual-lexicale | <i class=\"fas fa-lock-open\"><\/i> OA<\/p>\n\n\n\n<p class=\"has-text-align-left has-ast-global-color-2-color has-ast-global-color-4-background-color has-text-color has-background\"><a href=\"https:\/\/filosofieromaneasca.institutuldefilosofie.ro\/sifr\/volumul-20-2024\/\" target=\"_blank\" rel=\"noreferrer noopener\">Volumul 20 (2024)<\/a> Kant 300 | <i class=\"fas fa-lock-open\"><\/i> OA<\/p>\n\n\n\n<p class=\"has-text-align-left has-ast-global-color-2-color has-ast-global-color-4-background-color has-text-color has-background\"><a href=\"https:\/\/filosofieromaneasca.institutuldefilosofie.ro\/sifr\/volumul-19-2023\/\" data-type=\"page\" data-id=\"7848\">Volumul 19 (2023)<\/a> Filosofie \u0219i psihologie |  <i class=\"fas fa-lock-open\"><\/i> OA<\/p>\n\n\n\n<p class=\"has-text-align-left has-ast-global-color-2-color has-ast-global-color-4-background-color has-text-color has-background\"><a href=\"https:\/\/filosofieromaneasca.institutuldefilosofie.ro\/sifr\/volumul-18-2022\/\" data-type=\"page\" data-id=\"6423\" target=\"_blank\" rel=\"noreferrer noopener\">Volumul 18 (2022)<\/a> \u0218tiin\u021b\u0103 \u0219i metafizic\u0103. Ion Petrovici | <i class=\"fas fa-lock-open\"><\/i> OA<\/p>\n\n\n\n<p class=\"has-ast-global-color-2-color has-ast-global-color-4-background-color has-text-color has-background\"><a href=\"https:\/\/filosofieromaneasca.institutuldefilosofie.ro\/sifr\/volumul-17-2021\/\">Volumul 17 (2021)<\/a> Teorii ale adev\u0103rului | <i class=\"fas fa-lock-open\"><\/i> OA<\/p>\n\n\n\n<p class=\"has-ast-global-color-4-background-color has-background\"><a href=\"https:\/\/filosofieromaneasca.institutuldefilosofie.ro\/sifr\/volumul-16-2020\/\">Volumul 16 (2020)<\/a> Rela\u021bia minte\u2013corp | <i class=\"fas fa-lock-open\"><\/i> OA<\/p>\n\n\n\n<p class=\"has-ast-global-color-4-background-color has-background\"><a href=\"https:\/\/filosofieromaneasca.institutuldefilosofie.ro\/sifr\/volumul-15-2019\/\">Volumul 15 (2019)<\/a> Problema con\u0219tiin\u021bei<\/p>\n\n\n\n<p class=\"has-ast-global-color-4-background-color has-background\"><a href=\"https:\/\/filosofieromaneasca.institutuldefilosofie.ro\/sifr\/volumul-14-2018\/\" data-type=\"page\" data-id=\"5165\">Volumul 14 (2018)<\/a> Intelect, ra\u021biune, specula\u021biune<\/p>\n\n\n\n<p class=\"has-ast-global-color-4-background-color has-background\"><a href=\"https:\/\/filosofieromaneasca.institutuldefilosofie.ro\/sifr\/volumul-13-2017\/\" data-type=\"page\" data-id=\"6012\">Volumul 13 (2017)<\/a> Ipostaze ale transcenden\u021bei<\/p>\n\n\n\n<p class=\"has-ast-global-color-4-background-color has-background\"><a href=\"https:\/\/filosofieromaneasca.institutuldefilosofie.ro\/sifr\/volumul-12-2016\/\" data-type=\"page\" data-id=\"6062\">Volumul 12 (2016)<\/a> Teorii \u0219i categorii ale cunoa\u0219terii<\/p>\n\n\n\n<p class=\"has-ast-global-color-4-background-color has-background\"><a href=\"https:\/\/filosofieromaneasca.institutuldefilosofie.ro\/sifr\/volumul-11-2015\/\">Volumul 11 (2015)<\/a> Lucian Blaga: 120 de ani de la na\u0219tere<\/p>\n\n\n\n<p class=\"has-ast-global-color-4-background-color has-background\">Volumul 10 (2014) Teme ontologice: Existen\u021b\u0103, fiin\u021b\u0103, realitate<\/p>\n\n\n\n<p class=\"has-ast-global-color-4-background-color has-background\">Volumul 9 (2013) Timp \u0219i spa\u021biu \u00een g\u00e2ndirea rom\u00e2neasc\u0103<\/p>\n\n\n\n<p class=\"has-ast-global-color-4-background-color has-background\">Volumul 8 (2012) Mircea Vulc\u0103nescu<\/p>\n\n\n\n<p class=\"has-ast-global-color-4-background-color has-background\">Volumul 7 (2011) Centenar Emil Cioran<br>Volumul 7 (2011) (Supliment) Simpozionul Na\u021bional Constantin Noica, ed. a II-a<\/p>\n\n\n\n<p class=\"has-ast-global-color-4-background-color has-background\">Volumul 6 (2010) Mircea Florian (1888\u20131960)<\/p>\n\n\n\n<p class=\"has-ast-global-color-4-background-color has-background\">Volumul 5 (2009)* Centenar Constantin Noica (1909\u20132009)<\/p>\n\n\n\n<p class=\"has-ast-global-color-4-background-color has-background\">Volumul 4 (2008)*<\/p>\n\n\n\n<p class=\"has-ast-global-color-4-background-color has-background\">Volumul 3 (2008)*<\/p>\n\n\n\n<p class=\"has-ast-global-color-4-background-color has-background\">Volumul 2 (2007)*<\/p>\n\n\n\n<p class=\"has-ast-global-color-4-background-color has-background\">Volumul 1 (2006)*<\/p>\n\n\n\n<div style=\"height:20px\" aria-hidden=\"true\" class=\"wp-block-spacer\"><\/div>\n\n\n\n<p>* Volumele 1-5 au fost \u00eenregistrate cu cod ISBN. \u00cencep\u00e2nd cu volumul 6 (2010), <strong>Studii de istorie a filosofiei rom\u00e2ne\u0219ti<\/strong> a fost \u00eenregistrat\u0103 ca publica\u021bie periodic\u0103 anual\u0103.<\/p>\n\n\n\n<div style=\"height:10px\" aria-hidden=\"true\" class=\"wp-block-spacer\"><\/div>\n\n\n\n<p>Articolele din <strong>Studii de istorie a filosofiei rom\u00e2ne\u0219ti<\/strong>, versiunea online, pot fi \u00een mod liber preluate, utilizate \u0219i difuzate, cu condi\u021bia men\u021bion\u0103rii sursei (creditarea autorului) \u0219i a trimiterii prin link la pagina din care a fost extras con\u021binutul.<\/p>\n\n\n\n<hr class=\"wp-block-separator has-text-color has-ast-global-color-4-color has-css-opacity has-ast-global-color-4-background-color has-background is-style-wide\"\/>\n\n\n\n<a rel=\"license\" href=\"http:\/\/creativecommons.org\/licenses\/by\/4.0\/\"><img decoding=\"async\" alt=\"Creative Commons Licence\" style=\"border-width:0\" src=\"https:\/\/i.creativecommons.org\/l\/by\/4.0\/80x15.png\"><\/a><br><b>Studii de istorie a filosofiei rom\u00e2ne\u0219ti<\/b> is licensed under a <a rel=\"license\" href=\"http:\/\/creativecommons.org\/licenses\/by\/4.0\/\">Creative Commons Attribution 4.0 International License<\/a>.\n\n\n\n<div style=\"height:20px\" aria-hidden=\"true\" class=\"wp-block-spacer\"><\/div>\n\n\n\n<hr class=\"wp-block-separator has-text-color has-ast-global-color-4-color has-css-opacity has-ast-global-color-4-background-color has-background is-style-wide\"\/>\n","protected":false},"excerpt":{"rendered":"<p>Arhiva Volumul 21 (2025) Perspective conceptual-lexicale | OA Volumul 20 (2024) Kant 300 | OA Volumul 19 (2023) Filosofie \u0219i psihologie | OA Volumul 18 (2022) \u0218tiin\u021b\u0103 \u0219i metafizic\u0103. Ion Petrovici | OA Volumul 17 (2021) Teorii ale adev\u0103rului | OA Volumul 16 (2020) Rela\u021bia minte\u2013corp | OA Volumul 15 (2019) Problema con\u0219tiin\u021bei Volumul 14 [&hellip;]<\/p>\n","protected":false},"author":1,"featured_media":0,"parent":0,"menu_order":0,"comment_status":"closed","ping_status":"closed","template":"","meta":{"_uag_custom_page_level_css":"","site-sidebar-layout":"default","site-content-layout":"","ast-site-content-layout":"default","site-content-style":"default","site-sidebar-style":"default","ast-global-header-display":"","ast-banner-title-visibility":"","ast-main-header-display":"","ast-hfb-above-header-display":"","ast-hfb-below-header-display":"","ast-hfb-mobile-header-display":"","site-post-title":"disabled","ast-breadcrumbs-content":"","ast-featured-img":"","footer-sml-layout":"","theme-transparent-header-meta":"","adv-header-id-meta":"","stick-header-meta":"","header-above-stick-meta":"","header-main-stick-meta":"","header-below-stick-meta":"","astra-migrate-meta-layouts":"set","ast-page-background-enabled":"default","ast-page-background-meta":{"desktop":{"background-color":"var(--ast-global-color-4)","background-image":"","background-repeat":"repeat","background-position":"center center","background-size":"auto","background-attachment":"scroll","background-type":"","background-media":"","overlay-type":"","overlay-color":"","overlay-opacity":"","overlay-gradient":""},"tablet":{"background-color":"","background-image":"","background-repeat":"repeat","background-position":"center center","background-size":"auto","background-attachment":"scroll","background-type":"","background-media":"","overlay-type":"","overlay-color":"","overlay-opacity":"","overlay-gradient":""},"mobile":{"background-color":"","background-image":"","background-repeat":"repeat","background-position":"center center","background-size":"auto","background-attachment":"scroll","background-type":"","background-media":"","overlay-type":"","overlay-color":"","overlay-opacity":"","overlay-gradient":""}},"ast-content-background-meta":{"desktop":{"background-color":"var(--ast-global-color-5)","background-image":"","background-repeat":"repeat","background-position":"center center","background-size":"auto","background-attachment":"scroll","background-type":"","background-media":"","overlay-type":"","overlay-color":"","overlay-opacity":"","overlay-gradient":""},"tablet":{"background-color":"var(--ast-global-color-5)","background-image":"","background-repeat":"repeat","background-position":"center center","background-size":"auto","background-attachment":"scroll","background-type":"","background-media":"","overlay-type":"","overlay-color":"","overlay-opacity":"","overlay-gradient":""},"mobile":{"background-color":"var(--ast-global-color-5)","background-image":"","background-repeat":"repeat","background-position":"center center","background-size":"auto","background-attachment":"scroll","background-type":"","background-media":"","overlay-type":"","overlay-color":"","overlay-opacity":"","overlay-gradient":""}},"footnotes":""},"categories":[],"tags":[],"class_list":["post-2373","page","type-page","status-publish","hentry"],"featured_image_src":null,"uagb_featured_image_src":{"full":false,"thumbnail":false,"medium":false,"medium_large":false,"large":false,"1536x1536":false,"2048x2048":false},"uagb_author_info":{"display_name":"SIFR","author_link":"https:\/\/filosofieromaneasca.institutuldefilosofie.ro\/sifr\/author\/mm\/"},"uagb_comment_info":0,"uagb_excerpt":"Arhiva Volumul 21 (2025) Perspective conceptual-lexicale | OA Volumul 20 (2024) Kant 300 | OA Volumul 19 (2023) Filosofie \u0219i psihologie | OA Volumul 18 (2022) \u0218tiin\u021b\u0103 \u0219i metafizic\u0103. Ion Petrovici | OA Volumul 17 (2021) Teorii ale adev\u0103rului | OA Volumul 16 (2020) Rela\u021bia minte\u2013corp | OA Volumul 15 (2019) Problema con\u0219tiin\u021bei Volumul 14&hellip;","_links":{"self":[{"href":"https:\/\/filosofieromaneasca.institutuldefilosofie.ro\/sifr\/wp-json\/wp\/v2\/pages\/2373","targetHints":{"allow":["GET"]}}],"collection":[{"href":"https:\/\/filosofieromaneasca.institutuldefilosofie.ro\/sifr\/wp-json\/wp\/v2\/pages"}],"about":[{"href":"https:\/\/filosofieromaneasca.institutuldefilosofie.ro\/sifr\/wp-json\/wp\/v2\/types\/page"}],"author":[{"embeddable":true,"href":"https:\/\/filosofieromaneasca.institutuldefilosofie.ro\/sifr\/wp-json\/wp\/v2\/users\/1"}],"replies":[{"embeddable":true,"href":"https:\/\/filosofieromaneasca.institutuldefilosofie.ro\/sifr\/wp-json\/wp\/v2\/comments?post=2373"}],"version-history":[{"count":203,"href":"https:\/\/filosofieromaneasca.institutuldefilosofie.ro\/sifr\/wp-json\/wp\/v2\/pages\/2373\/revisions"}],"predecessor-version":[{"id":9047,"href":"https:\/\/filosofieromaneasca.institutuldefilosofie.ro\/sifr\/wp-json\/wp\/v2\/pages\/2373\/revisions\/9047"}],"wp:attachment":[{"href":"https:\/\/filosofieromaneasca.institutuldefilosofie.ro\/sifr\/wp-json\/wp\/v2\/media?parent=2373"}],"wp:term":[{"taxonomy":"category","embeddable":true,"href":"https:\/\/filosofieromaneasca.institutuldefilosofie.ro\/sifr\/wp-json\/wp\/v2\/categories?post=2373"},{"taxonomy":"post_tag","embeddable":true,"href":"https:\/\/filosofieromaneasca.institutuldefilosofie.ro\/sifr\/wp-json\/wp\/v2\/tags?post=2373"}],"curies":[{"name":"wp","href":"https:\/\/api.w.org\/{rel}","templated":true}]}}