{"id":2504,"date":"2022-01-29T15:55:04","date_gmt":"2022-01-29T13:55:04","guid":{"rendered":"http:\/\/filosofieromaneasca.institutuldefilosofie.ro\/sifr\/?page_id=2504"},"modified":"2025-07-04T17:55:22","modified_gmt":"2025-07-04T15:55:22","slug":"despre-publicatie","status":"publish","type":"page","link":"https:\/\/filosofieromaneasca.institutuldefilosofie.ro\/sifr\/despre-publicatie\/","title":{"rendered":"Despre publica\u021bie"},"content":{"rendered":"\n<h2 class=\"wp-block-heading\" id=\"0-despre-sifr\">Despre SIFR<\/h2>\n\n\n\n<div style=\"height:20px\" aria-hidden=\"true\" class=\"wp-block-spacer\"><\/div>\n\n\n<div class=\"wp-block-ub-table-of-contents-block ub_table-of-contents\" id=\"ub_table-of-contents-830c5364-5967-4743-bf55-ec3d84b9891d\" data-linktodivider=\"false\" data-showtext=\"show\" data-hidetext=\"hide\" data-scrolltype=\"auto\" data-enablesmoothscroll=\"false\" data-initiallyhideonmobile=\"false\" data-initiallyshow=\"true\"><div class=\"ub_table-of-contents-header-container\" style=\"background-color: var(--ast-global-color-5); \">\n\t\t\t<div class=\"ub_table-of-contents-header\" style=\"text-align: left; \">\n\t\t\t\t<div class=\"ub_table-of-contents-title\"><\/div>\n\t\t\t\t\n\t\t\t<\/div>\n\t\t<\/div><div class=\"ub_table-of-contents-extra-container\" style=\"background-color: var(--ast-global-color-4); \">\n\t\t\t<div class=\"ub_table-of-contents-container ub_table-of-contents-1-column \">\n\t\t\t\t<ul style=\"list-style: none; \"><li style=\"color: var(--ast-global-color-7); \"><a href=\"https:\/\/filosofieromaneasca.institutuldefilosofie.ro\/sifr\/despre-publicatie\/#1-descriere-%C8%99i-obiective-generale\" style=\"color: var(--ast-global-color-7); \">Descriere \u0219i obiective generale<\/a><\/li><li style=\"color: var(--ast-global-color-7); \"><a href=\"https:\/\/filosofieromaneasca.institutuldefilosofie.ro\/sifr\/despre-publicatie\/#2-colectivul-editorial\" style=\"color: var(--ast-global-color-7); \">Colectivul editorial<\/a><\/li><li style=\"color: var(--ast-global-color-7); \"><a href=\"https:\/\/filosofieromaneasca.institutuldefilosofie.ro\/sifr\/despre-publicatie\/#3-frecven%C8%9B%C4%83\" style=\"color: var(--ast-global-color-7); \">Frecven\u021b\u0103<\/a><\/li><li style=\"color: var(--ast-global-color-7); \"><a href=\"https:\/\/filosofieromaneasca.institutuldefilosofie.ro\/sifr\/despre-publicatie\/#4-ce-public%C4%83m\" style=\"color: var(--ast-global-color-7); \">Ce public\u0103m<\/a><\/li><li style=\"color: var(--ast-global-color-7); \"><a href=\"https:\/\/filosofieromaneasca.institutuldefilosofie.ro\/sifr\/despre-publicatie\/#5-publicul-%C8%9Bint%C4%83\" style=\"color: var(--ast-global-color-7); \">Publicul-\u021bint\u0103<\/a><\/li><li style=\"color: var(--ast-global-color-7); \"><a href=\"https:\/\/filosofieromaneasca.institutuldefilosofie.ro\/sifr\/despre-publicatie\/#6-politica-open-access-\" style=\"color: var(--ast-global-color-7); \">Politica open access<\/a><\/li><li style=\"color: var(--ast-global-color-7); \"><a href=\"https:\/\/filosofieromaneasca.institutuldefilosofie.ro\/sifr\/despre-publicatie\/#7-politica-editorial%C4%83\" style=\"color: var(--ast-global-color-7); \">Politica editorial\u0103<\/a><\/li><li style=\"color: var(--ast-global-color-7); \"><a href=\"https:\/\/filosofieromaneasca.institutuldefilosofie.ro\/sifr\/despre-publicatie\/#8-disponibilitate-online\" style=\"color: var(--ast-global-color-7); \">Disponibilitate online<\/a><\/li><\/ul>\n\t\t\t<\/div>\n\t\t<\/div><\/div>\n\n\n<div style=\"height:20px\" aria-hidden=\"true\" class=\"wp-block-spacer\"><\/div>\n\n\n\n<h5 class=\"wp-block-heading has-ast-global-color-4-background-color has-background\" id=\"1-descriere-%C8%99i-obiective-generale\">Descriere \u0219i obiective generale<\/h5>\n\n\n\n<p class=\"has-ast-global-color-7-color has-text-color\"><strong>Studii de istorie a filosofiei rom\u00e2ne\u0219ti<\/strong> este o publica\u021bie academic\u0103 <em>open access<\/em>, cu referen\u021bi. A fost fondat\u0103 \u00een anul 2006, \u00een cadrul <a href=\"http:\/\/www.institutuldefilosofie.ro\/news.php\" target=\"_blank\" rel=\"noreferrer noopener\">Institutului de Filosofie \u0219i Psihologie \u201eC. R\u0103dulescu-Motru\u201d al Academiei Rom\u00e2ne<\/a>, cu scopul de a stimula noi cercet\u0103ri asupra temelor \u0219i problemelor dezb\u0103tute de-a lungul timpului \u00een cultura rom\u00e2n\u0103. Coordonatorii seriei \u015fi-au propus nu doar reconstituirea istoriologic\u0103 a g\u00e2ndirii trecutului \u00een contextul ei local \u0219i european, ci \u0219i reconsiderarea \u015fi reevaluarea acesteia din perspectiva prezentului, cu metodele actuale ale filosofiei.<\/p>\n\n\n\n<p class=\"has-ast-global-color-7-color has-text-color\">Numerele sunt tematice, iar tema din sec\u021biunea central\u0103 este anun\u021bat\u0103 la \u00eenceputul anului (vezi \u0219i <a href=\"https:\/\/filosofieromaneasca.institutuldefilosofie.ro\/sifr\/apel-la-contributii\/\">Apel la contribu\u021bii<\/a>). Numerele pot con\u021bine \u0219i sec\u021biuni non-tematice.<\/p>\n\n\n\n<div style=\"height:20px\" aria-hidden=\"true\" class=\"wp-block-spacer\"><\/div>\n\n\n\n<h5 class=\"wp-block-heading has-ast-global-color-4-background-color has-background\" id=\"2-colectivul-editorial\">Colectivul editorial<\/h5>\n\n\n\n<p>Coordonatorii publica\u021biei sunt cercet\u0103tori sau profesori cu experien\u021b\u0103 \u00eendelungat\u0103 \u00een studiul filosofiei rom\u00e2ne\u0219ti.<\/p>\n\n\n\n<p class=\"has-ast-global-color-7-color has-text-color\">Vezi <a href=\"https:\/\/filosofieromaneasca.institutuldefilosofie.ro\/sifr\/colectivul-editorial\/\">Colectivul editorial<\/a>.<\/p>\n\n\n\n<div style=\"height:20px\" aria-hidden=\"true\" class=\"wp-block-spacer\"><\/div>\n\n\n\n<h5 class=\"wp-block-heading has-ast-global-color-4-background-color has-background\" id=\"3-frecven%C8%9B%C4%83\">Frecven\u021b\u0103<\/h5>\n\n\n\n<p><strong>Studii de istorie a filosofiei rom\u00e2ne\u0219ti <\/strong>apare o dat\u0103 pe an.<\/p>\n\n\n\n<div style=\"height:20px\" aria-hidden=\"true\" class=\"wp-block-spacer\"><\/div>\n\n\n\n<h5 class=\"wp-block-heading has-ast-global-color-4-background-color has-background\" id=\"4-ce-public%C4%83m\">Ce public\u0103m<\/h5>\n\n\n\n<p><strong>Studii de istorie a filosofiei rom\u00e2ne\u0219ti<\/strong> public\u0103 cercet\u0103ri actuale inedite \u0219i originale, indiferent de metoda filosofic\u0103 utilizat\u0103. Sunt agreate at\u00e2t cercet\u0103rile istoriografice sau comparative, c\u00e2t \u0219i cercet\u0103rile analitice, hermeneutice sau fenomenologice. <\/p>\n\n\n\n<p><strong>Studii de istorie a filosofiei rom\u00e2ne\u0219ti<\/strong> nu public\u0103 polemici cu caracter personal sau texte v\u0103dit ideologice.<\/p>\n\n\n\n<p class=\"has-ast-global-color-7-color has-text-color\"><strong>Studii de istorie a filosofiei rom\u00e2ne\u015fti<\/strong>  \u00eencurajeaz\u0103 participarea speciali\u0219tilor din domeniile conexe \u00een dezbaterea temelor propuse \u0219i acord\u0103 un interes special atragerii tinerilor masteranzi \u0219i doctoranzi \u00een aceste discu\u021bii.<\/p>\n\n\n\n<p><strong>Studii de istorie a filosofiei rom\u00e2ne\u0219ti<\/strong> accept\u0103 din 2020, pe l\u00e2ng\u0103 articole \u00een limba rom\u00e2n\u0103, \u0219i articole \u00een limba englez\u0103.<\/p>\n\n\n\n<p>\u00cen vederea propunerii unui material, v\u0103 rug\u0103m s\u0103 consulta\u021bi pagina <a href=\"https:\/\/filosofieromaneasca.institutuldefilosofie.ro\/sifr\/pentru-autori\/\">Pentru autori<\/a>.<\/p>\n\n\n\n<div style=\"height:20px\" aria-hidden=\"true\" class=\"wp-block-spacer\"><\/div>\n\n\n\n<h5 class=\"wp-block-heading has-ast-global-color-4-background-color has-background\" id=\"5-publicul-%C8%9Bint%C4%83\">Publicul-\u021bint\u0103<\/h5>\n\n\n\n<p>Publicul vizat este constituit \u00een primul r\u00e2nd din profesioni\u0219ti ai cercet\u0103rii filosofice \u0219i din studen\u021bi ai facult\u0103\u021bilor de profil, dar nu \u00een exclusivitate. Seria de <strong>Studii de istorie a filosofiei rom\u00e2ne\u015fti<\/strong> se adreseaz\u0103, \u00een general, cititorului de literatur\u0103 de specialitate din domeniul disciplinelor umaniste \u0219i sociale.<\/p>\n\n\n\n<div style=\"height:20px\" aria-hidden=\"true\" class=\"wp-block-spacer\"><\/div>\n\n\n\n<h5 class=\"wp-block-heading has-ast-global-color-4-background-color has-background\" id=\"6-politica-open-access-\">Politica <em>open access<\/em><\/h5>\n\n\n\n<p><strong>Studii de istorie a filosofiei rom\u00e2ne\u0219ti  <\/strong>apare at\u00e2t \u00een form\u0103 tip\u0103rit\u0103, la Editura Academiei Rom\u00e2ne, c\u00e2t \u0219i online. Con\u021binutul este identic pe cele dou\u0103 suporturi. <\/p>\n\n\n\n<p>\u00cencep\u00e2nd cu num\u0103rul din 2020, publica\u021bia func\u021bioneaz\u0103 \u00een regim de <em>open access<\/em>, toate articolele fiind disponibile online integral \u0219i gratuit. \u00cen vederea accesului la con\u021binut, nu este necesar un cont de utilizator. Numerele anterioare pot fi ob\u021binute, \u00een format tip\u0103rit, prin comand\u0103 la <a href=\"http:\/\/www.ear.ro\/\" target=\"_blank\" rel=\"noreferrer noopener nofollow\">Editura Academiei Rom\u00e2ne<\/a> sau, \u00een format electronic, prin accesarea site-urilor men\u021bionate la rubrica <a href=\"#8-disponibilitate-online\">Disponibilitate online<\/a>. O parte dintre articolele incluse \u00een numerele anterioare anului 2020 sunt disponibile integral \u0219i pe acest site, \u00een format PDF. Vezi <a href=\"https:\/\/filosofieromaneasca.institutuldefilosofie.ro\/sifr\/arhiva\/\">Arhiva<\/a>.<\/p>\n\n\n\n<p>Articolele publicate pe acest site pot fi \u00een mod liber preluate, utilizate \u0219i difuzate, cu condi\u021bia men\u021bion\u0103rii autorului \u0219i a trimiterii prin link la pagina din care a fost extras con\u021binutul. <\/p>\n\n\n\n<div style=\"height:20px\" aria-hidden=\"true\" class=\"wp-block-spacer\"><\/div>\n\n\n\n<hr class=\"wp-block-separator has-text-color has-ast-global-color-4-color has-css-opacity has-ast-global-color-4-background-color has-background is-style-wide\"\/>\n\n\n\n<a rel=\"license\" href=\"http:\/\/creativecommons.org\/licenses\/by\/4.0\/\"><img decoding=\"async\" alt=\"Creative Commons Licence\" style=\"border-width:0\" src=\"https:\/\/i.creativecommons.org\/l\/by\/4.0\/80x15.png\"><\/a><br><b>Studii de istorie a filosofiei rom\u00e2ne\u0219ti<\/b> is licensed under a <a rel=\"license\" href=\"http:\/\/creativecommons.org\/licenses\/by\/4.0\/\">Creative Commons Attribution 4.0 International License<\/a>.\n\n\n\n<div style=\"height:20px\" aria-hidden=\"true\" class=\"wp-block-spacer\"><\/div>\n\n\n\n<hr class=\"wp-block-separator has-text-color has-ast-global-color-4-color has-css-opacity has-ast-global-color-4-background-color has-background is-style-wide\"\/>\n\n\n\n<p>Pentru versiunea tip\u0103rit\u0103 a publica\u021biei, drepturile sunt rezervate <a href=\"http:\/\/www.ear.ro\/\" target=\"_blank\" rel=\"noreferrer noopener nofollow\">Editurii Academiei Rom\u00e2ne<\/a>.<\/p>\n\n\n\n<div style=\"height:20px\" aria-hidden=\"true\" class=\"wp-block-spacer\"><\/div>\n\n\n\n<h5 class=\"wp-block-heading has-ast-global-color-4-background-color has-background\" id=\"7-politica-editorial%C4%83\">Politica editorial\u0103<\/h5>\n\n\n\n<p class=\"has-ast-global-color-7-color has-text-color\"><strong>Studii de istorie a filosofiei rom\u00e2ne\u0219ti <\/strong>se bazeaz\u0103 pe o metodologie transparent\u0103 a accept\u0103rii, prelucr\u0103rii \u0219i public\u0103rii materialelor (vezi <a href=\"https:\/\/filosofieromaneasca.institutuldefilosofie.ro\/sifr\/pentru-autori\/\">Pentru autori<\/a> \u0219i <a href=\"https:\/\/filosofieromaneasca.institutuldefilosofie.ro\/sifr\/evaluarea-articolelor\/\">Evaluarea articolelor<\/a>).<\/p>\n\n\n\n<p class=\"has-ast-global-color-7-color has-text-color\"><strong>Studii de istorie a filosofiei rom\u00e2ne\u0219ti<\/strong> ader\u0103 la <a href=\"https:\/\/publicationethics.org\/resources\/guidelines-new\/principles-transparency-and-best-practice-scholarly-publishing\" target=\"_blank\" rel=\"noreferrer noopener\">Principiile transparen\u021bei \u0219i bunei conduite \u00een publica\u021biile \u0219tiin\u021bifice<\/a>, formulate de <a href=\"https:\/\/publicationethics.org\/\" target=\"_blank\" rel=\"noreferrer noopener nofollow\">COPE<\/a>, <a href=\"https:\/\/doaj.org\/\" target=\"_blank\" rel=\"noreferrer noopener nofollow\">DOAJ<\/a>, <a href=\"https:\/\/oaspa.org\/\" target=\"_blank\" rel=\"noreferrer noopener nofollow\">OASPA<\/a> \u0219i <a href=\"https:\/\/www.wame.org\/\" target=\"_blank\" rel=\"noreferrer noopener nofollow\">WAME<\/a>.<br><\/p>\n\n\n\n<div style=\"height:20px\" aria-hidden=\"true\" class=\"wp-block-spacer\"><\/div>\n\n\n\n<h5 class=\"wp-block-heading has-ast-global-color-4-background-color has-background\" id=\"8-disponibilitate-online\">Disponibilitate online<\/h5>\n\n\n\n<p>Colec\u021bia <strong>Studii de istorie a filosofiei rom\u00e2ne\u0219ti<\/strong> poate fi accesat\u0103 integral sau par\u021bial \u00een urm\u0103toarele biblioteci online \/ baze de date, \u00een condi\u021biile specificate pe site-urile acestora: <\/p>\n\n\n\n<p><a href=\"https:\/\/www.ceeol.com\/search\/journal-detail?id=697\" target=\"_blank\" rel=\"noreferrer noopener nofollow\">CEEOL<\/a> (Central and Eastern European Online Library)<\/p>\n\n\n\n<p><a href=\"https:\/\/doaj.org\/toc\/2821-5478\" target=\"_blank\" rel=\"noreferrer noopener\">DOAJ<\/a><\/p>\n\n\n\n<p>EBSCO host &#8211; <a href=\"https:\/\/www.ebscohost.com\/titleLists\/pft-coverage.htm\" target=\"_blank\" rel=\"noreferrer noopener nofollow\">Philosopher&#8217;s Index with Full Text<\/a><\/p>\n\n\n\n<p><a href=\"https:\/\/books.google.ro\/books?id=YAwjEAAAQBAJ&amp;printsec=frontcover&amp;dq=Studii+de+istorie+a+filosofiei+romanesti&amp;hl=en&amp;sa=X&amp;redir_esc=y#v=onepage&amp;q=Studii%20de%20istorie%20a%20filosofiei%20romanesti&amp;f=false\" target=\"_blank\" rel=\"noreferrer noopener nofollow\">Google Books<\/a><\/p>\n\n\n\n<p><a href=\"https:\/\/hcommons.org\/deposits\/item\/hc:35103\/\" target=\"_blank\" rel=\"noreferrer noopener nofollow\">Humanity Commons Core Deposits<\/a><\/p>\n\n\n\n<div style=\"height:20px\" aria-hidden=\"true\" class=\"wp-block-spacer\"><\/div>\n","protected":false},"excerpt":{"rendered":"<p>Despre SIFR Descriere \u0219i obiective generale Studii de istorie a filosofiei rom\u00e2ne\u0219ti este o publica\u021bie academic\u0103 open access, cu referen\u021bi. A fost fondat\u0103 \u00een anul 2006, \u00een cadrul Institutului de Filosofie \u0219i Psihologie \u201eC. R\u0103dulescu-Motru\u201d al Academiei Rom\u00e2ne, cu scopul de a stimula noi cercet\u0103ri asupra temelor \u0219i problemelor dezb\u0103tute de-a lungul timpului \u00een cultura [&hellip;]<\/p>\n","protected":false},"author":1,"featured_media":0,"parent":0,"menu_order":0,"comment_status":"closed","ping_status":"closed","template":"","meta":{"_uag_custom_page_level_css":"","site-sidebar-layout":"default","site-content-layout":"","ast-site-content-layout":"default","site-content-style":"default","site-sidebar-style":"default","ast-global-header-display":"","ast-banner-title-visibility":"","ast-main-header-display":"","ast-hfb-above-header-display":"","ast-hfb-below-header-display":"","ast-hfb-mobile-header-display":"","site-post-title":"disabled","ast-breadcrumbs-content":"","ast-featured-img":"","footer-sml-layout":"","theme-transparent-header-meta":"","adv-header-id-meta":"","stick-header-meta":"","header-above-stick-meta":"","header-main-stick-meta":"","header-below-stick-meta":"","astra-migrate-meta-layouts":"set","ast-page-background-enabled":"default","ast-page-background-meta":{"desktop":{"background-color":"var(--ast-global-color-4)","background-image":"","background-repeat":"repeat","background-position":"center center","background-size":"auto","background-attachment":"scroll","background-type":"","background-media":"","overlay-type":"","overlay-color":"","overlay-opacity":"","overlay-gradient":""},"tablet":{"background-color":"","background-image":"","background-repeat":"repeat","background-position":"center center","background-size":"auto","background-attachment":"scroll","background-type":"","background-media":"","overlay-type":"","overlay-color":"","overlay-opacity":"","overlay-gradient":""},"mobile":{"background-color":"","background-image":"","background-repeat":"repeat","background-position":"center center","background-size":"auto","background-attachment":"scroll","background-type":"","background-media":"","overlay-type":"","overlay-color":"","overlay-opacity":"","overlay-gradient":""}},"ast-content-background-meta":{"desktop":{"background-color":"var(--ast-global-color-5)","background-image":"","background-repeat":"repeat","background-position":"center center","background-size":"auto","background-attachment":"scroll","background-type":"","background-media":"","overlay-type":"","overlay-color":"","overlay-opacity":"","overlay-gradient":""},"tablet":{"background-color":"var(--ast-global-color-5)","background-image":"","background-repeat":"repeat","background-position":"center center","background-size":"auto","background-attachment":"scroll","background-type":"","background-media":"","overlay-type":"","overlay-color":"","overlay-opacity":"","overlay-gradient":""},"mobile":{"background-color":"var(--ast-global-color-5)","background-image":"","background-repeat":"repeat","background-position":"center center","background-size":"auto","background-attachment":"scroll","background-type":"","background-media":"","overlay-type":"","overlay-color":"","overlay-opacity":"","overlay-gradient":""}},"footnotes":""},"categories":[286],"tags":[],"class_list":["post-2504","page","type-page","status-publish","hentry","category-politici-editoriale"],"featured_image_src":null,"uagb_featured_image_src":{"full":false,"thumbnail":false,"medium":false,"medium_large":false,"large":false,"1536x1536":false,"2048x2048":false},"uagb_author_info":{"display_name":"SIFR","author_link":"https:\/\/filosofieromaneasca.institutuldefilosofie.ro\/sifr\/author\/mm\/"},"uagb_comment_info":0,"uagb_excerpt":"Despre SIFR Descriere \u0219i obiective generale Studii de istorie a filosofiei rom\u00e2ne\u0219ti este o publica\u021bie academic\u0103 open access, cu referen\u021bi. A fost fondat\u0103 \u00een anul 2006, \u00een cadrul Institutului de Filosofie \u0219i Psihologie \u201eC. R\u0103dulescu-Motru\u201d al Academiei Rom\u00e2ne, cu scopul de a stimula noi cercet\u0103ri asupra temelor \u0219i problemelor dezb\u0103tute de-a lungul timpului \u00een cultura&hellip;","_links":{"self":[{"href":"https:\/\/filosofieromaneasca.institutuldefilosofie.ro\/sifr\/wp-json\/wp\/v2\/pages\/2504","targetHints":{"allow":["GET"]}}],"collection":[{"href":"https:\/\/filosofieromaneasca.institutuldefilosofie.ro\/sifr\/wp-json\/wp\/v2\/pages"}],"about":[{"href":"https:\/\/filosofieromaneasca.institutuldefilosofie.ro\/sifr\/wp-json\/wp\/v2\/types\/page"}],"author":[{"embeddable":true,"href":"https:\/\/filosofieromaneasca.institutuldefilosofie.ro\/sifr\/wp-json\/wp\/v2\/users\/1"}],"replies":[{"embeddable":true,"href":"https:\/\/filosofieromaneasca.institutuldefilosofie.ro\/sifr\/wp-json\/wp\/v2\/comments?post=2504"}],"version-history":[{"count":239,"href":"https:\/\/filosofieromaneasca.institutuldefilosofie.ro\/sifr\/wp-json\/wp\/v2\/pages\/2504\/revisions"}],"predecessor-version":[{"id":8803,"href":"https:\/\/filosofieromaneasca.institutuldefilosofie.ro\/sifr\/wp-json\/wp\/v2\/pages\/2504\/revisions\/8803"}],"wp:attachment":[{"href":"https:\/\/filosofieromaneasca.institutuldefilosofie.ro\/sifr\/wp-json\/wp\/v2\/media?parent=2504"}],"wp:term":[{"taxonomy":"category","embeddable":true,"href":"https:\/\/filosofieromaneasca.institutuldefilosofie.ro\/sifr\/wp-json\/wp\/v2\/categories?post=2504"},{"taxonomy":"post_tag","embeddable":true,"href":"https:\/\/filosofieromaneasca.institutuldefilosofie.ro\/sifr\/wp-json\/wp\/v2\/tags?post=2504"}],"curies":[{"name":"wp","href":"https:\/\/api.w.org\/{rel}","templated":true}]}}