{"id":3757,"date":"2022-02-08T16:58:34","date_gmt":"2022-02-08T14:58:34","guid":{"rendered":"http:\/\/filosofieromaneasca.institutuldefilosofie.ro\/sifr\/?page_id=3757"},"modified":"2022-03-16T20:41:48","modified_gmt":"2022-03-16T18:41:48","slug":"evaluarea-articolelor","status":"publish","type":"page","link":"https:\/\/filosofieromaneasca.institutuldefilosofie.ro\/sifr\/evaluarea-articolelor\/","title":{"rendered":"Evaluarea articolelor"},"content":{"rendered":"\n<h2 class=\"wp-block-heading\" id=\"evaluarea-articolelor\">Evaluarea articolelor<\/h2>\n\n\n\n<div style=\"height:20px\" aria-hidden=\"true\" class=\"wp-block-spacer\"><\/div>\n\n\n\n<h5 class=\"has-ast-global-color-4-background-color has-background wp-block-heading\" id=\"condi\u021bii-preliminare\">Condi\u021bii preliminare<\/h5>\n\n\n\n<p>Pentru a intra \u00een procesul de evaluare, articolul trebuie s\u0103 respecte:<\/p>\n\n\n\n<ul class=\"wp-block-list\"><li><a href=\"https:\/\/filosofieromaneasca.institutuldefilosofie.ro\/sifr\/pentru-autori\/#forma-si-structura-textului\">Forma \u0219i structura recomandate<\/a>;<\/li><li><a href=\"https:\/\/filosofieromaneasca.institutuldefilosofie.ro\/sifr\/wp-content\/uploads\/SIFR-stil-de-citare.pdf\">Setul de reguli minimale \u0219i stilul de citare<\/a>;<\/li><li><a href=\"https:\/\/filosofieromaneasca.institutuldefilosofie.ro\/sifr\/pentru-autori\/#buna-conduita-stiintifica\">Normele de bun\u0103 conduit\u0103 \u0219tiin\u021bific\u0103<\/a>;<\/li><li>Normele limbii rom\u00e2ne\/engleze.<\/li><\/ul>\n\n\n\n<div style=\"height:20px\" aria-hidden=\"true\" class=\"wp-block-spacer\"><\/div>\n\n\n\n<h5 class=\"has-ast-global-color-4-background-color has-background wp-block-heading\" id=\"lectura-coordonatorilor\">Evaluarea preliminar\u0103<\/h5>\n\n\n\n<p>Coordonatorii publica\u021biei <strong>Studii de istorie a filosofiei rom\u00e2ne\u0219ti<\/strong> fac o evaluare preliminar\u0103 a materialelor primite, av\u00e2nd \u00een vedere urm\u0103toarele criterii:<\/p>\n\n\n\n<ul class=\"wp-block-list\"><li>Adecvarea con\u021binutului articolului la specificul publica\u021biei \u0219i la tema\/temele anun\u021bate;<\/li><li>Calitatea surselor utilizate;<\/li><li>Calitatea discursului. Se apreciaz\u0103, printre altele: claritatea, coeren\u021ba, precizia formul\u0103rilor. Sunt considerate vicii, printre altele: ambiguitatea, formul\u0103rile senten\u021bioase, caracterul prolix, abuzul de citate.<\/li><\/ul>\n\n\n\n<p>\u00cen urma acestei lecturi, autorul poate primi, din partea coordonatorilor, un set de sugestii de care este rugat s\u0103 \u021bin\u0103 cont.<\/p>\n\n\n\n<p>Articolul trebuie ref\u0103cut \u00een conformitate cu cerin\u021bele de baz\u0103 ale coordonatorilor pentru a fi acceptat.<\/p>\n\n\n\n<div style=\"height:20px\" aria-hidden=\"true\" class=\"wp-block-spacer\"><\/div>\n\n\n\n<h5 class=\"has-ast-global-color-4-background-color has-background wp-block-heading\" id=\"referate-de-specialitate\">Referate de specialitate<\/h5>\n\n\n\n<p>Dup\u0103 lectura preliminar\u0103, articolul prime\u0219te referat de specialitate de la un coordonator \u0219tiin\u021bific \u0219i de la (cel pu\u021bin) un referent extern specialist \u00een domeniu.<\/p>\n\n\n\n<p>Referen\u021bii au \u00een vedere:<\/p>\n\n\n\n<ul class=\"wp-block-list\"><li>Originalitatea \u0219i relevan\u021ba contribu\u021biei;<\/li><li>Definirea clar\u0103 a obiectivelor, delimitarea temei, structurarea ideilor;<\/li><li>St\u0103p\u00e2nirea \u0219i abordarea critic\u0103 a literaturii \u00een domeniu;<\/li><li>Claritatea \u0219i soliditatea argument\u0103rii.<\/li><\/ul>\n\n\n\n<div class=\"wp-block-file\"><a id=\"wp-block-file--media-95579c95-cb26-42de-8176-2cf81f0e556a\" href=\"https:\/\/filosofieromaneasca.institutuldefilosofie.ro\/sifr\/wp-content\/uploads\/SIFR-Formular-de-evaluare-pentru-referenti.pdf\" target=\"_blank\" rel=\"noreferrer noopener\">Formular pentru referat intern \u0219i referat extern<\/a><\/div>\n\n\n\n<p>Referatul extern (<em>peer<\/em> <em>review<\/em>) este o contribu\u021bie voluntar\u0103 \u0219i poate fi un proces de durat\u0103. Propunerea articolului c\u0103tre o alt\u0103 publica\u021bie \u00eenainte de \u00eencheierea procesului este considerat\u0103 o practic\u0103 lipsit\u0103 de etic\u0103.<\/p>\n\n\n\n<p>\u00cen vederea propunerii unui material, v\u0103 rug\u0103m s\u0103 consulta\u021bi pagina <a href=\"https:\/\/filosofieromaneasca.institutuldefilosofie.ro\/sifr\/pentru-autori\/\">Pentru autori<\/a>.<\/p>\n","protected":false},"excerpt":{"rendered":"<p>Evaluarea articolelor Condi\u021bii preliminare Pentru a intra \u00een procesul de evaluare, articolul trebuie s\u0103 respecte: Forma \u0219i structura recomandate; Setul de reguli minimale \u0219i stilul de citare; Normele de bun\u0103 conduit\u0103 \u0219tiin\u021bific\u0103; Normele limbii rom\u00e2ne\/engleze. Evaluarea preliminar\u0103 Coordonatorii publica\u021biei Studii de istorie a filosofiei rom\u00e2ne\u0219ti fac o evaluare preliminar\u0103 a materialelor primite, av\u00e2nd \u00een vedere [&hellip;]<\/p>\n","protected":false},"author":1,"featured_media":0,"parent":0,"menu_order":0,"comment_status":"closed","ping_status":"closed","template":"","meta":{"_uag_custom_page_level_css":"","site-sidebar-layout":"default","site-content-layout":"","ast-site-content-layout":"default","site-content-style":"default","site-sidebar-style":"default","ast-global-header-display":"","ast-banner-title-visibility":"","ast-main-header-display":"","ast-hfb-above-header-display":"","ast-hfb-below-header-display":"","ast-hfb-mobile-header-display":"","site-post-title":"disabled","ast-breadcrumbs-content":"","ast-featured-img":"","footer-sml-layout":"","theme-transparent-header-meta":"","adv-header-id-meta":"","stick-header-meta":"","header-above-stick-meta":"","header-main-stick-meta":"","header-below-stick-meta":"","astra-migrate-meta-layouts":"default","ast-page-background-enabled":"default","ast-page-background-meta":{"desktop":{"background-color":"var(--ast-global-color-4)","background-image":"","background-repeat":"repeat","background-position":"center center","background-size":"auto","background-attachment":"scroll","background-type":"","background-media":"","overlay-type":"","overlay-color":"","overlay-opacity":"","overlay-gradient":""},"tablet":{"background-color":"","background-image":"","background-repeat":"repeat","background-position":"center center","background-size":"auto","background-attachment":"scroll","background-type":"","background-media":"","overlay-type":"","overlay-color":"","overlay-opacity":"","overlay-gradient":""},"mobile":{"background-color":"","background-image":"","background-repeat":"repeat","background-position":"center center","background-size":"auto","background-attachment":"scroll","background-type":"","background-media":"","overlay-type":"","overlay-color":"","overlay-opacity":"","overlay-gradient":""}},"ast-content-background-meta":{"desktop":{"background-color":"var(--ast-global-color-5)","background-image":"","background-repeat":"repeat","background-position":"center center","background-size":"auto","background-attachment":"scroll","background-type":"","background-media":"","overlay-type":"","overlay-color":"","overlay-opacity":"","overlay-gradient":""},"tablet":{"background-color":"var(--ast-global-color-5)","background-image":"","background-repeat":"repeat","background-position":"center center","background-size":"auto","background-attachment":"scroll","background-type":"","background-media":"","overlay-type":"","overlay-color":"","overlay-opacity":"","overlay-gradient":""},"mobile":{"background-color":"var(--ast-global-color-5)","background-image":"","background-repeat":"repeat","background-position":"center center","background-size":"auto","background-attachment":"scroll","background-type":"","background-media":"","overlay-type":"","overlay-color":"","overlay-opacity":"","overlay-gradient":""}},"footnotes":""},"categories":[286],"tags":[],"class_list":["post-3757","page","type-page","status-publish","hentry","category-politici-editoriale"],"featured_image_src":null,"uagb_featured_image_src":{"full":false,"thumbnail":false,"medium":false,"medium_large":false,"large":false,"1536x1536":false,"2048x2048":false},"uagb_author_info":{"display_name":"SIFR","author_link":"https:\/\/filosofieromaneasca.institutuldefilosofie.ro\/sifr\/author\/mm\/"},"uagb_comment_info":0,"uagb_excerpt":"Evaluarea articolelor Condi\u021bii preliminare Pentru a intra \u00een procesul de evaluare, articolul trebuie s\u0103 respecte: Forma \u0219i structura recomandate; Setul de reguli minimale \u0219i stilul de citare; Normele de bun\u0103 conduit\u0103 \u0219tiin\u021bific\u0103; Normele limbii rom\u00e2ne\/engleze. Evaluarea preliminar\u0103 Coordonatorii publica\u021biei Studii de istorie a filosofiei rom\u00e2ne\u0219ti fac o evaluare preliminar\u0103 a materialelor primite, av\u00e2nd \u00een vedere&hellip;","_links":{"self":[{"href":"https:\/\/filosofieromaneasca.institutuldefilosofie.ro\/sifr\/wp-json\/wp\/v2\/pages\/3757","targetHints":{"allow":["GET"]}}],"collection":[{"href":"https:\/\/filosofieromaneasca.institutuldefilosofie.ro\/sifr\/wp-json\/wp\/v2\/pages"}],"about":[{"href":"https:\/\/filosofieromaneasca.institutuldefilosofie.ro\/sifr\/wp-json\/wp\/v2\/types\/page"}],"author":[{"embeddable":true,"href":"https:\/\/filosofieromaneasca.institutuldefilosofie.ro\/sifr\/wp-json\/wp\/v2\/users\/1"}],"replies":[{"embeddable":true,"href":"https:\/\/filosofieromaneasca.institutuldefilosofie.ro\/sifr\/wp-json\/wp\/v2\/comments?post=3757"}],"version-history":[{"count":62,"href":"https:\/\/filosofieromaneasca.institutuldefilosofie.ro\/sifr\/wp-json\/wp\/v2\/pages\/3757\/revisions"}],"predecessor-version":[{"id":4809,"href":"https:\/\/filosofieromaneasca.institutuldefilosofie.ro\/sifr\/wp-json\/wp\/v2\/pages\/3757\/revisions\/4809"}],"wp:attachment":[{"href":"https:\/\/filosofieromaneasca.institutuldefilosofie.ro\/sifr\/wp-json\/wp\/v2\/media?parent=3757"}],"wp:term":[{"taxonomy":"category","embeddable":true,"href":"https:\/\/filosofieromaneasca.institutuldefilosofie.ro\/sifr\/wp-json\/wp\/v2\/categories?post=3757"},{"taxonomy":"post_tag","embeddable":true,"href":"https:\/\/filosofieromaneasca.institutuldefilosofie.ro\/sifr\/wp-json\/wp\/v2\/tags?post=3757"}],"curies":[{"name":"wp","href":"https:\/\/api.w.org\/{rel}","templated":true}]}}