{"id":6936,"date":"2023-01-28T18:06:04","date_gmt":"2023-01-28T16:06:04","guid":{"rendered":"http:\/\/filosofieromaneasca.institutuldefilosofie.ro\/sifr\/?page_id=6936"},"modified":"2023-05-21T14:26:25","modified_gmt":"2023-05-21T12:26:25","slug":"semnal-istoria-filosofiei-romanesti-in-anul-2021","status":"publish","type":"page","link":"https:\/\/filosofieromaneasca.institutuldefilosofie.ro\/sifr\/volumul-18-2022\/semnal-istoria-filosofiei-romanesti-in-anul-2021\/","title":{"rendered":"Semnal: Istoria filosofiei rom\u00e2ne\u0219ti \u00een anul 2021 | Titus Lates"},"content":{"rendered":"\n<h2 class=\"wp-block-heading\">Semnal: Istoria filosofiei rom\u00e2ne\u0219ti \u00een anul 2021<\/h2>\n\n\n\n<h5 class=\"wp-block-heading\">[Bibliografie de] Titus Lates<\/h5>\n\n\n\n<p class=\"has-small-font-size\">Institutul de Filosofie \u0219i Psihologie \u201eC. R\u0103dulescu-Motru\u201d al Academiei Rom\u00e2ne<\/p>\n\n\n\n<div style=\"height:30px\" aria-hidden=\"true\" class=\"wp-block-spacer\"><\/div>\n\n\n\n<h5 class=\"wp-block-heading\"><strong>Volume colective<\/strong><\/h5>\n\n\n\n<p><em>Studii de istorie a filosofiei rom\u00e2ne\u0219ti<\/em>, vol. XVII:<em> Teorii ale adev\u0103rului<\/em>, coord. Mona Mamulea, Titus Lates, Viorel Cernica, Mihai Popa, Bucure\u0219ti, Editura Academiei Rom\u00e2ne, 2021.<\/p>\n\n\n\n<p><em>Tradi\u021bie \u0219i modernitate \u00een filosofia rom\u00e2neasc\u0103 \u00een secolul XX<\/em>, editor Mihaela Gligor, Cluj-Napoca, Presa Universitar\u0103 Clujean\u0103, 2021.<\/p>\n\n\n\n<p><em>Ultimul Blaga<\/em>, coordonatori: Florin Lobon\u021b, Marian Vasile, Valeriu Sofronie, Bucure\u0219ti, Editura Universitar\u0103, 2021.<\/p>\n\n\n\n<p><em>Emil Cioran. Zile de studiu la Napoli\/ Giornate di studio a Napoli<\/em>, coord.: Irma Carannante, Giovannni Rotiroti, Ciprian V\u0103lcan, Timi\u0219oara, Editura Universit\u0103\u021bii de Vest\/ Milano, Criterion Editrice\/, 2021.<\/p>\n\n\n\n<p><em>Caiete Emil Cioran \u2013 Edi\u021bia 2021<\/em>, coordonator Anca S\u00eerghie, Sibiu, Editura D*A*S, 2021. [Colocviile \u201eEmil Cioran\u201d Edi\u021bia a XXVII-a \u2013 R\u0103\u0219inari, 13\u201314 noiembrie 2021].<\/p>\n\n\n\n<p><em>Caietele Constantin Noica<\/em>, culegere alc\u0103tuit\u0103 de Marin Diaconu \u0219i Anca S\u00eerghie, Bucure\u0219ti, Funda\u021bia Na\u021bional\u0103 pentru \u0218tiin\u021ba \u0219i Art\u0103, 2021.<\/p>\n\n\n\n<div style=\"height:20px\" aria-hidden=\"true\" class=\"wp-block-spacer\"><\/div>\n\n\n\n<h5 class=\"wp-block-heading\"><strong>C\u0103r\u021bi de autor<\/strong><\/h5>\n\n\n\n<p>Andrei Avram, <em>Emil Cioran: de la radicalismul politic la refuzul istoriei<\/em>, Bucure\u0219ti, Editu\u00adra Universit\u0103\u021bii din Bucure\u0219ti, 2021.<\/p>\n\n\n\n<p>Marin Diaconu, <em>Emil Cioran: \u00een t\u00e2n\u0103ra genera\u021bie \u0219i \u00eenspre filosofare<\/em>, Bucure\u0219ti, Editura Semne, 2021.<\/p>\n\n\n\n<p>Iulian Chivu, <em>Premise rom\u00e2ne\u0219ti de filosofie liminar\u0103<\/em>, Craiova, Editura Sitech, 2021.<\/p>\n\n\n\n<p>M\u0103d\u0103lina Diaconu, <em>Ideengeschichte Rum\u00e4niens<\/em>, Paderborn, Brill\/Ferdinand Sch\u00f6ningh, 2021.<\/p>\n\n\n\n<p>Ionu\u021b-Constantin Isac, <em>\u00cen\u021belepciunea sub un cer senin. Antologie de studii de filosofie ro\u00adm\u00e2neasc\u0103<\/em>, Cluj-Napoca, Editura Presa Universitar\u0103 Clujean\u0103\/Editura Ecou Transilvan, 2021.<\/p>\n\n\n\n<p>Ionel Necula, <em>Cioraniada<\/em>, Ia\u0219i, Editura StudIS, 2021.<\/p>\n\n\n\n<p>Cosmin Neidoni, <em>Despre cunoa\u0219tere \u0219i Marele Anonim \u00een filosofia lui Lucian Blaga \u2013 scurt eseu propedeutic<\/em>, Bucure\u0219ti, Editura Eikon, 2021.<\/p>\n\n\n\n<p>Marta Petreu, <em>Blaga, \u00eentre legionari \u0219i comuni\u0219ti<\/em>, Ia\u0219i, Editura Polirom, 2021.<\/p>\n\n\n\n<p>Alexandru Seres, <em>Cioran, omul incomplet<\/em>, Bucure\u0219ti, Editura Tracus Arte, 2021.<\/p>\n\n\n\n<p>Constantin Stroe, <em>Dimensiunea etic\/moral\u0103 a sistemului filosofic al lui Vasile B\u0103ncil\u0103. Rostul moralei \u0219i constela\u021bia moralului \u00een concep\u021bia lui etic\u0103<\/em>, prefa\u021b\u0103 de Ion Dur, Br\u0103ila, Editura Istros a Muzeului Br\u0103ilei \u201eCarol I\u201d, 2021.<\/p>\n\n\n\n<div style=\"height:20px\" aria-hidden=\"true\" class=\"wp-block-spacer\"><\/div>\n\n\n\n<h5 class=\"wp-block-heading\"><strong>Edi\u021bii \u00eengrijite<\/strong><\/h5>\n\n\n\n<p>Nicolae Bagdasar, <em>Conceptul de valoare teoretic\u0103 la Rickert<\/em>, ed. a 2-a, traducere, note \u0219i comentarii, anexe \u0219i postfa\u021b\u0103 de Alexandru Boboc, Bucure\u0219ti, Editura Paideia, 2021.<\/p>\n\n\n\n<p>Ernest Bernea, <em>Cel ce urc\u0103 muntele. Sensul suferin\u021bei<\/em>, Editura Predania, 2021.<\/p>\n\n\n\n<p>Ernest Bernea, <em>Mic tratat de \u00een\u021belepciune \u0219i virtute<\/em>, Bucure\u0219ti, Editura Predania, 2021.<\/p>\n\n\n\n<p>Mircea Eliade, <em>Contribu\u021bii la filosofia Rena\u0219terii. Itinerar italian<\/em>, studiu introductiv Oana Camelia \u0218erban, Bucure\u0219ti, Cartea Rom\u00e2neasc\u0103 Editorial, 2021.<\/p>\n\n\n\n<p>Constantin Noica, <em>Cuv\u00e2nt \u00eempreun\u0103 despre rostirea rom\u00e2neasc\u0103<\/em>, prima edi\u021bie integral\u0103, edi\u021bie \u00eengrijit\u0103 \u0219i cuv\u00e2nt \u00eenainte de Grigore Vida, Bucure\u0219ti, Editura Humanitas, 2021.<\/p>\n\n\n\n<p>Ion Petrovici, <em>Filosofia francez\u0103 \u0219i german\u0103 \u00een Rom\u00e2nia<\/em>, ed. critic\u0103, studiu introductiv, note \u0219i bibliografie de Adrian Michidu\u021b\u0103, Craiova, Editura Aius (Biblioteca de filosofie rom\u00e2neasc\u0103), 2021.<\/p>\n\n\n\n<p>Eufrosin Poteca, <em>Elementuri de metafizic\u0103<\/em>, ed. critic\u0103, studiu introductiv, note \u0219i comentarii de Adrian Michidu\u021b\u0103, Craiova, Editura Aius, 2021.&nbsp;&nbsp;&nbsp;&nbsp;&nbsp;&nbsp;&nbsp;<\/p>\n\n\n\n<div style=\"height:20px\" aria-hidden=\"true\" class=\"wp-block-spacer\"><\/div>\n\n\n\n<h5 class=\"wp-block-heading\"><strong>Volume omagiale<\/strong><\/h5>\n\n\n\n<p><em>Ac\u021biune \u0219i ra\u021biune: in memoriam Valentin Mure\u0219an<\/em>, editori: Emilian Mihailov, Mircea Flonta, Mihaela Constantinescu, Bucure\u0219ti, Editura Universit\u0103\u021bii din Bucure\u0219ti, 2021.<\/p>\n\n\n\n<div style=\"height:20px\" aria-hidden=\"true\" class=\"wp-block-spacer\"><\/div>\n\n\n\n<h5 class=\"wp-block-heading\"><strong>Traduceri<\/strong><\/h5>\n\n\n\n<p>Lucian Blaga, <em>Horizont und Stil<\/em>, \u00fcbersesetzt von Rainer Schubert, New Academic Press, 2021.<\/p>\n\n\n\n<div style=\"height:20px\" aria-hidden=\"true\" class=\"wp-block-spacer\"><\/div>\n\n\n\n<hr class=\"wp-block-separator has-alpha-channel-opacity is-style-wide\"\/>\n\n\n\n<p class=\"has-small-font-size\">[<em>Studii de istorie a filosofiei rom\u00e2ne\u015fti<\/em>, vol. XVIII:<em>&nbsp;\u0218tiin\u021b\u0103 \u0219i metafizic\u0103. Ion Petrovici<\/em>, Bucure\u015fti, Editura Academiei Rom\u00e2ne, 2022, pp.&nbsp;203\u2013204]<\/p>\n\n\n<div style=\"gap: 20px;\" class=\"align-button-left ub-buttons orientation-button-row ub-flex-wrap wp-block-ub-button\" id=\"ub-button-f4b4ae65-c35d-4d4e-9fa8-fe388ad92e92\"><div class=\"ub-button-container\">\n\t\t\t<a href=\"https:\/\/filosofieromaneasca.institutuldefilosofie.ro\/sifr\/wp-content\/uploads\/2023\/01\/Lates-Titus-Semnal-SIFR-18.pdf\" target=\"_blank\" rel=\"noopener noreferrer\" class=\"ub-button-block-main   ub-button-flex\" role=\"button\" style=\"--ub-button-background-color: var(--ast-global-color-4); --ub-button-color: var(--ast-global-color-1); --ub-button-border: none; --ub-button-hover-background-color: var(--ast-global-color-7); --ub-button-hover-color: #ffffff; --ub-button-hover-border: none; padding-top: 10px; padding-right: 10px; padding-bottom: 10px; padding-left: 10px; \">\n\t\t\t\t<div class=\"ub-button-content-holder\" style=\"flex-direction: row\">\n\t\t\t\t\t<span class=\"ub-button-icon-holder\">\n\t\t\t\t<svg xmlns=\"http:\/\/www.w3.org\/2000\/svg\" height=\"25\" width=\"25\" viewbox=\"0 0 448 512\">\n\t\t\t\t\t<path fill=\"currentColor\" d=\"M0 64C0 28.7 28.7 0 64 0H224V128c0 17.7 14.3 32 32 32H384V304H296 272 184 160c-35.3 0-64 28.7-64 64v80 48 16H64c-35.3 0-64-28.7-64-64V64zm384 64H256V0L384 128zM160 352h24c30.9 0 56 25.1 56 56s-25.1 56-56 56h-8v32c0 8.8-7.2 16-16 16s-16-7.2-16-16V448 368c0-8.8 7.2-16 16-16zm24 80c13.3 0 24-10.7 24-24s-10.7-24-24-24h-8v48h8zm88-80h24c26.5 0 48 21.5 48 48v64c0 26.5-21.5 48-48 48H272c-8.8 0-16-7.2-16-16V368c0-8.8 7.2-16 16-16zm24 128c8.8 0 16-7.2 16-16V400c0-8.8-7.2-16-16-16h-8v96h8zm72-112c0-8.8 7.2-16 16-16h48c8.8 0 16 7.2 16 16s-7.2 16-16 16H400v32h32c8.8 0 16 7.2 16 16s-7.2 16-16 16H400v48c0 8.8-7.2 16-16 16s-16-7.2-16-16V432 368z\">\n\t\t\t\t<\/path><\/svg>\n\t\t\t<\/span><span class=\"ub-button-block-btn\">Descarc\u0103<\/span>\n\t\t\t\t<\/div>\n\t\t\t<\/a>\n\t\t<\/div><\/div>","protected":false},"excerpt":{"rendered":"<p>Semnal: Istoria filosofiei rom\u00e2ne\u0219ti \u00een anul 2021 [Bibliografie de] Titus Lates Institutul de Filosofie \u0219i Psihologie \u201eC. R\u0103dulescu-Motru\u201d al Academiei Rom\u00e2ne Volume colective Studii de istorie a filosofiei rom\u00e2ne\u0219ti, vol. XVII: Teorii ale adev\u0103rului, coord. Mona Mamulea, Titus Lates, Viorel Cernica, Mihai Popa, Bucure\u0219ti, Editura Academiei Rom\u00e2ne, 2021. Tradi\u021bie \u0219i modernitate \u00een filosofia rom\u00e2neasc\u0103 \u00een [&hellip;]<\/p>\n","protected":false},"author":1,"featured_media":0,"parent":6423,"menu_order":15,"comment_status":"closed","ping_status":"closed","template":"","meta":{"_uag_custom_page_level_css":"","site-sidebar-layout":"default","site-content-layout":"","ast-site-content-layout":"default","site-content-style":"default","site-sidebar-style":"default","ast-global-header-display":"","ast-banner-title-visibility":"","ast-main-header-display":"","ast-hfb-above-header-display":"","ast-hfb-below-header-display":"","ast-hfb-mobile-header-display":"","site-post-title":"disabled","ast-breadcrumbs-content":"","ast-featured-img":"","footer-sml-layout":"","theme-transparent-header-meta":"","adv-header-id-meta":"","stick-header-meta":"","header-above-stick-meta":"","header-main-stick-meta":"","header-below-stick-meta":"","astra-migrate-meta-layouts":"default","ast-page-background-enabled":"default","ast-page-background-meta":{"desktop":{"background-color":"var(--ast-global-color-4)","background-image":"","background-repeat":"repeat","background-position":"center center","background-size":"auto","background-attachment":"scroll","background-type":"","background-media":"","overlay-type":"","overlay-color":"","overlay-opacity":"","overlay-gradient":""},"tablet":{"background-color":"","background-image":"","background-repeat":"repeat","background-position":"center center","background-size":"auto","background-attachment":"scroll","background-type":"","background-media":"","overlay-type":"","overlay-color":"","overlay-opacity":"","overlay-gradient":""},"mobile":{"background-color":"","background-image":"","background-repeat":"repeat","background-position":"center center","background-size":"auto","background-attachment":"scroll","background-type":"","background-media":"","overlay-type":"","overlay-color":"","overlay-opacity":"","overlay-gradient":""}},"ast-content-background-meta":{"desktop":{"background-color":"var(--ast-global-color-5)","background-image":"","background-repeat":"repeat","background-position":"center center","background-size":"auto","background-attachment":"scroll","background-type":"","background-media":"","overlay-type":"","overlay-color":"","overlay-opacity":"","overlay-gradient":""},"tablet":{"background-color":"var(--ast-global-color-5)","background-image":"","background-repeat":"repeat","background-position":"center center","background-size":"auto","background-attachment":"scroll","background-type":"","background-media":"","overlay-type":"","overlay-color":"","overlay-opacity":"","overlay-gradient":""},"mobile":{"background-color":"var(--ast-global-color-5)","background-image":"","background-repeat":"repeat","background-position":"center center","background-size":"auto","background-attachment":"scroll","background-type":"","background-media":"","overlay-type":"","overlay-color":"","overlay-opacity":"","overlay-gradient":""}},"footnotes":""},"categories":[201,205,366,262],"tags":[],"class_list":["post-6936","page","type-page","status-publish","hentry","category-bibliografii","category-bibliografii-anuale","category-sifr18","category-titus-lates"],"featured_image_src":null,"uagb_featured_image_src":{"full":false,"thumbnail":false,"medium":false,"medium_large":false,"large":false,"1536x1536":false,"2048x2048":false},"uagb_author_info":{"display_name":"SIFR","author_link":"https:\/\/filosofieromaneasca.institutuldefilosofie.ro\/sifr\/author\/mm\/"},"uagb_comment_info":0,"uagb_excerpt":"Semnal: Istoria filosofiei rom\u00e2ne\u0219ti \u00een anul 2021 [Bibliografie de] Titus Lates Institutul de Filosofie \u0219i Psihologie \u201eC. R\u0103dulescu-Motru\u201d al Academiei Rom\u00e2ne Volume colective Studii de istorie a filosofiei rom\u00e2ne\u0219ti, vol. XVII: Teorii ale adev\u0103rului, coord. Mona Mamulea, Titus Lates, Viorel Cernica, Mihai Popa, Bucure\u0219ti, Editura Academiei Rom\u00e2ne, 2021. Tradi\u021bie \u0219i modernitate \u00een filosofia rom\u00e2neasc\u0103 \u00een&hellip;","_links":{"self":[{"href":"https:\/\/filosofieromaneasca.institutuldefilosofie.ro\/sifr\/wp-json\/wp\/v2\/pages\/6936","targetHints":{"allow":["GET"]}}],"collection":[{"href":"https:\/\/filosofieromaneasca.institutuldefilosofie.ro\/sifr\/wp-json\/wp\/v2\/pages"}],"about":[{"href":"https:\/\/filosofieromaneasca.institutuldefilosofie.ro\/sifr\/wp-json\/wp\/v2\/types\/page"}],"author":[{"embeddable":true,"href":"https:\/\/filosofieromaneasca.institutuldefilosofie.ro\/sifr\/wp-json\/wp\/v2\/users\/1"}],"replies":[{"embeddable":true,"href":"https:\/\/filosofieromaneasca.institutuldefilosofie.ro\/sifr\/wp-json\/wp\/v2\/comments?post=6936"}],"version-history":[{"count":6,"href":"https:\/\/filosofieromaneasca.institutuldefilosofie.ro\/sifr\/wp-json\/wp\/v2\/pages\/6936\/revisions"}],"predecessor-version":[{"id":7069,"href":"https:\/\/filosofieromaneasca.institutuldefilosofie.ro\/sifr\/wp-json\/wp\/v2\/pages\/6936\/revisions\/7069"}],"up":[{"embeddable":true,"href":"https:\/\/filosofieromaneasca.institutuldefilosofie.ro\/sifr\/wp-json\/wp\/v2\/pages\/6423"}],"wp:attachment":[{"href":"https:\/\/filosofieromaneasca.institutuldefilosofie.ro\/sifr\/wp-json\/wp\/v2\/media?parent=6936"}],"wp:term":[{"taxonomy":"category","embeddable":true,"href":"https:\/\/filosofieromaneasca.institutuldefilosofie.ro\/sifr\/wp-json\/wp\/v2\/categories?post=6936"},{"taxonomy":"post_tag","embeddable":true,"href":"https:\/\/filosofieromaneasca.institutuldefilosofie.ro\/sifr\/wp-json\/wp\/v2\/tags?post=6936"}],"curies":[{"name":"wp","href":"https:\/\/api.w.org\/{rel}","templated":true}]}}