{"id":8113,"date":"2023-12-18T13:11:47","date_gmt":"2023-12-18T11:11:47","guid":{"rendered":"http:\/\/filosofieromaneasca.institutuldefilosofie.ro\/sifr\/?page_id=8113"},"modified":"2024-07-09T18:09:09","modified_gmt":"2024-07-09T16:09:09","slug":"semnal-istoria-filosofiei-romanesti-in-anul-2022","status":"publish","type":"page","link":"https:\/\/filosofieromaneasca.institutuldefilosofie.ro\/sifr\/volumul-19-2023\/semnal-istoria-filosofiei-romanesti-in-anul-2022\/","title":{"rendered":"Semnal: Istoria filosofiei rom\u00e2ne\u015fti \u00een anul 2022| Titus Lates"},"content":{"rendered":"\n<p>DOI: 10.59277\/SIFR.202319.12<\/p>\n\n\n\n<div class=\"wp-block-uagb-advanced-heading uagb-block-f09b7133\"><h2 class=\"uagb-heading-text\">Semnal: Istoria filosofiei rom\u00e2ne\u015fti \u00een anul 2022<\/h2><\/div>\n\n\n\n<div class=\"wp-block-uagb-advanced-heading uagb-block-9cd95dd7\"><h6 class=\"uagb-heading-text\">Bibliografie de <strong>Titus Lates<\/strong> (Institutul de Filosofie \u0219i Psihologie \u201eC. R\u0103dulescu-Motru\u201d al Academiei Rom\u00e2ne)<\/h6><\/div>\n\n\n\n<div class=\"wp-block-uagb-buttons uagb-buttons__outer-wrap uagb-btn__medium-btn uagb-btn-tablet__default-btn uagb-btn-mobile__default-btn uagb-block-ed00c72a\"><div class=\"uagb-buttons__wrap uagb-buttons-layout-wrap\">\n<div class=\"wp-block-uagb-buttons-child uagb-buttons__outer-wrap uagb-block-41f955d4 wp-block-button\"><div class=\"uagb-button__wrapper\"><a class=\"uagb-buttons-repeater wp-block-button__link\" href=\"https:\/\/filosofieromaneasca.institutuldefilosofie.ro\/sifr\/wp-content\/uploads\/2023\/12\/Lates-Titus-Semnal-2022.pdf\" onclick=\"return true;\" rel=\"follow noopener\" target=\"_blank\"><span class=\"uagb-button__icon uagb-button__icon-position-before\"><svg xmlns=\"https:\/\/www.w3.org\/2000\/svg\" viewBox=\"0 0 384 512\"><path d=\"M88 304H80V256H88C101.3 256 112 266.7 112 280C112 293.3 101.3 304 88 304zM192 256H200C208.8 256 216 263.2 216 272V336C216 344.8 208.8 352 200 352H192V256zM224 0V128C224 145.7 238.3 160 256 160H384V448C384 483.3 355.3 512 320 512H64C28.65 512 0 483.3 0 448V64C0 28.65 28.65 0 64 0H224zM64 224C55.16 224 48 231.2 48 240V368C48 376.8 55.16 384 64 384C72.84 384 80 376.8 80 368V336H88C118.9 336 144 310.9 144 280C144 249.1 118.9 224 88 224H64zM160 368C160 376.8 167.2 384 176 384H200C226.5 384 248 362.5 248 336V272C248 245.5 226.5 224 200 224H176C167.2 224 160 231.2 160 240V368zM288 224C279.2 224 272 231.2 272 240V368C272 376.8 279.2 384 288 384C296.8 384 304 376.8 304 368V320H336C344.8 320 352 312.8 352 304C352 295.2 344.8 288 336 288H304V256H336C344.8 256 352 248.8 352 240C352 231.2 344.8 224 336 224H288zM256 0L384 128H256V0z\"><\/path><\/svg><\/span><div class=\"uagb-button__link\">Descarc\u0103<\/div><\/a><\/div><\/div>\n<\/div><\/div>\n\n\n\n<div style=\"height:30px\" aria-hidden=\"true\" class=\"wp-block-spacer\"><\/div>\n\n\n\n<div class=\"wp-block-uagb-advanced-heading uagb-block-88994c97\"><h5 class=\"uagb-heading-text\"><strong>Volume colective<\/strong><\/h5><\/div>\n\n\n\n<p><em>Studii de istorie a filosofiei rom\u00e2ne\u0219ti<\/em>, vol. XVIII: <em>\u0218tiin\u021b\u0103 \u0219i metafizic\u0103. Ion Petrovici<\/em>, coordonatori: Mona Mamulea, Titus Lates, Mihai Popa, Viorel Cernica, Bucure\u0219ti, Editura Academiei Rom\u00e2ne, 2022.<\/p>\n\n\n\n<p><em>Istoria \u0219i teoria sistemelor filosofice rom\u00e2ne\u0219ti<\/em>, coordonatori: \u0218tefan-Dominic Georgescu, Marius-Augustin Dr\u0103ghici, Bucure\u0219ti, Editura Academiei Rom\u00e2ne, 2022.<\/p>\n\n\n\n<p><em>Mic compendiu de epistemologie rom\u00e2neasc\u0103<\/em>, editori Marius-Augustin Dr\u0103ghici, Oana Vasilescu, Bucure\u0219ti, Editura Academiei Rom\u00e2ne, 2022.<\/p>\n\n\n\n<p><em>Lucian Blaga, filosof al \u0219tiin\u021bei<\/em>, editor Marius-Augustin Dr\u0103ghici, Bucure\u0219ti, Editura Academiei Rom\u00e2ne, 2022.<\/p>\n\n\n\n<p><em>Caiete Emil Cioran \u2013 Edi\u021bia 2021<\/em>, coordonator Anca S\u00eerghie, Sibiu, Editura D*A*S, 2022 [Colocviile \u201eEmil Cioran\u201d Edi\u021bia a XXVII-a \u2013 R\u0103\u0219inari, 13\u201314 noiembrie 2021].<\/p>\n\n\n\n<p><em>In-cognita: Ioan Petru Culianu\u2019s Approaches to Religion<\/em>, eds. Daniela Dumbrav\u0103, Bogdan T\u0103taru-Cazaban, Bucure\u0219ti, Zeta Books, 2022.<\/p>\n\n\n\n<p><em>Basarab Nicolescu: omul cosmodern \u2013 l\u2019homme cosmoderne \u2013 the cosmodern human<\/em>, coordonatori: Simona Modreanu, Florent Pasquier, Ia\u0219i, Editura Junimea, 2022.<\/p>\n\n\n\n<div style=\"height:30px\" aria-hidden=\"true\" class=\"wp-block-spacer\"><\/div>\n\n\n\n<div class=\"wp-block-uagb-advanced-heading uagb-block-1c14b33b\"><h5 class=\"uagb-heading-text\"><strong>C\u0103r\u021bi de autor<\/strong><\/h5><\/div>\n\n\n\n<p>Elena Bondor, <em>Ioan Petru Culianu. Bibliografie<\/em>, vol. I: <em>Opera<\/em>, cu o prefa\u021b\u0103 de Sorin Antohi, \u0219i o biografie de Tereza Culianu-Petrescu; vol. II: <em>Receptarea operei<\/em>, Ia\u0219i, Editura Polirom, 2022.<\/p>\n\n\n\n<p>Adrian Buzdugan, <em>Cioran. Filosofia ca medita\u021bie a nefericirii<\/em>, Bucure\u0219ti, Editura Litera, 2022.<\/p>\n\n\n\n<p>Wilhelm Danc\u0103, <em>Mircea<\/em><em> Eliade. Definitio sacri<\/em>, Bucure\u0219ti, Editura Spandugino, 2022.<\/p>\n\n\n\n<p>Florica Diaconu, Marin Diaconu, <em>Nae Ionescu filosof<\/em>, <a>Bucure\u0219ti, Editura Semne, 2022.<\/a><\/p>\n\n\n\n<p>Marin Diaconu, <em>Nae Ionescu. De la filosofie c\u0103tre filosofare<\/em>, Bucure\u0219ti, Editura Semne, 2022.<\/p>\n\n\n\n<p>Vasilica Grigora\u0219, <em>Evolu\u021bia ideilor filosofice la Dimitrie Cantemir<\/em>, Bucure\u0219ti, Editura Leviathan, 2022.<\/p>\n\n\n\n<p>Mihaela Diana Lup\u0219an, <em>Portretul lui Mircea Eliade \u00een scrierile publicistice<\/em>, Bucure\u0219ti, Editura Eikon, 2022.<\/p>\n\n\n\n<p>Ion Dur, <em>Nae Ionescu: \u00eentre metafizic\u0103, politic\u0103 \u0219i teologie<\/em>, Bucure\u0219ti, Editura Muzeul Literaturii Rom\u00e2ne, 2022.<\/p>\n\n\n\n<p>Gorun Manolescu, <em>Eseu despre modelul onto-informa\u021bional-fenomenologic propus de Mihai Dr\u0103g\u0103nescu. Arhitectura sa \u0219i caracteristicile principale<\/em>, Bucure\u0219ti, Editura Paideia, 2022.<\/p>\n\n\n\n<p>Adrian Michidu\u021b\u0103, <em>Mircea Djuvara. Fundamentul filosofiei juridice<\/em>, Craiova, Editura Aius, 2022.<\/p>\n\n\n\n<p>Isabela-Carmen Moldovan, <em>Lucian Blaga \u0219i conceptul de \u201efilosofie na\u021bional\u0103\u201d<\/em>, prefa\u021b\u0103 de Claudiu Marius Mesaro\u0219, Timi\u0219oara, Editura Universit\u0103\u021bii de Vest din Timi\u0219oara, 2022.<\/p>\n\n\n\n<p>Eugeniu Nistor, <em>Conceptul de spa\u021biu mioritic \u00een filosofia lui Lucian Blaga<\/em>, ed. a 2-a, T\u00e2rgu Mure\u0219, Editura Ardealul, 2022.<\/p>\n\n\n\n<p>Constantin Stroe, <em>\u00abProviden\u021bialismul difuz\u00bb: Sistemul filosofic cu fundamente metafizice \u0219i finalit\u0103\u021bi etic-culturale al lui Vasile B\u0103ncil\u0103<\/em>, Br\u0103ila, Editura Istros a Muzeului Br\u0103ilei \u201eCarol I\u201d, 2022.<\/p>\n\n\n\n<div style=\"height:30px\" aria-hidden=\"true\" class=\"wp-block-spacer\"><\/div>\n\n\n\n<div class=\"wp-block-uagb-advanced-heading uagb-block-7255b5ef\"><h5 class=\"uagb-heading-text\"><strong>Edi\u021bii \u00eengrijite<\/strong><\/h5><\/div>\n\n\n\n<p>Nicolae Bagdasar, <em>Istoria filosofiei rom\u00e2ne\u0219ti<\/em>, ed. \u00eengrijit\u0103, prefa\u021b\u0103 \u0219i note de Gheorghe Vl\u0103du\u021bescu \u0219i Eugeniu Nistor, T\u00e2rgu Mure\u0219, Editura Ardealul, 2022.<\/p>\n\n\n\n<p>Ioan Petru Culianu, <em>Mircea Eliade<\/em>, edi\u021bia a 4-a integral revizuit\u0103, traducere de Florin Chiri\u021bescu \u0219i Dan Petrescu, cu o scrisoare de la Mircea Eliade, postfa\u021b\u0103 \u0219i post-scriptum de Sorin Antohi, Ia\u0219i, Editura Polirom, 2022.<\/p>\n\n\n\n<p>Mircea Eliade, <em>Ocultism, vr\u0103jitorie \u0219i mode culturale. Eseuri de religie comparat\u0103<\/em>, traducere din limba englez\u0103 de Elena Bort\u0103, Bucure\u0219ti, Editura Trei, 2022.<\/p>\n\n\n\n<p>Titus Mocanu, <em>Ontologie \u0219i condi\u021bia uman\u0103<\/em>, edi\u021bie \u00eengrijit\u0103 de Vlad Bilevsky, Bucure\u0219ti, Editura Semne, 2022.<\/p>\n\n\n\n<p>Constantin Noica, <em>Un alt jurnal de idei<\/em>, edi\u021bie \u00eengrijit\u0103 de Marin Diaconu, Bucure\u0219ti, Humanitas, 2022.<\/p>\n\n\n\n<p>Constantin Noica, <em>Idei ale timpului nostru<\/em>, edi\u021bie \u00eengrijit\u0103 de Marin Diaconu, Bucure\u0219ti, Humanitas, 2022.<\/p>\n\n\n\n<div style=\"height:30px\" aria-hidden=\"true\" class=\"wp-block-spacer\"><\/div>\n\n\n\n<div class=\"wp-block-uagb-advanced-heading uagb-block-ff3904d7\"><h5 class=\"uagb-heading-text\"><strong>Volume omagiale<\/strong><\/h5><\/div>\n\n\n\n<p><em>Ce <\/em><em>\u00eenseamn\u0103<\/em><em> a g\u00e2ndi altfel. In Honorem Stefan Afloroaei 70<\/em><strong>,<\/strong> volum coordonat de Petru Bejan, Corneliu B\u00eelb\u0103, George Bondor, Bucure\u0219ti, Editura Eikon, 2022.<\/p>\n\n\n\n<p><em>Petru Ioan: o via\u021b\u0103 de om, \u00eenchinat\u0103 c\u0103r\u021bilor \u0219i celor ce le studiaz\u0103<\/em>, coord. T.-D. St\u0103nciulescu, Ia\u0219i, Editura \u201e\u0218tefan Lupa\u0219cu\u201d (Radiografii, 23), 2022.<\/p>\n\n\n\n<p><em>Istoria filosofiei ca hermeneutic\u0103. Studii \u0219i eseuri \u00een onoarea profesorului Gheorghe Vl\u0103du\u021bescu<\/em>, editori: Oana Vasilescu, Ion T\u0103n\u0103sescu, Mircea Dumitru, Bucure\u0219ti, Editura Academiei Rom\u00e2ne, 2022.<\/p>\n\n\n\n<p><em>Anthropologia perennis: in honorem magistri Gheorghi\u021b\u0103 Gean\u0103<\/em>, Bucure\u0219ti, Institutul de Antropologie \u201eFrancisc Rainer\u201d al Academiei Rom\u00e2ne, Editura Etnologic\u0103, 2022.<\/p>\n\n\n\n<p><em>Anuarul societ\u0103\u021bii prahovene de antropologie general\u0103. In honorem magistri Gheorghi\u021b\u0103 Gean\u0103 \u00a7 80<\/em>, coordonator: Sebastian \u0218tef\u0103nuc\u0103, Bucure\u0219ti, Editura Eikon, 2022.<\/p>\n\n\n\n<div style=\"height:30px\" aria-hidden=\"true\" class=\"wp-block-spacer\"><\/div>\n\n\n\n<div class=\"wp-block-uagb-advanced-heading uagb-block-3cfa2327\"><h5 class=\"uagb-heading-text\"><strong>M\u0103rturii<\/strong><\/h5><\/div>\n\n\n\n<p>Petre Andrei\/Petru P. Andrei, <em>Memorii \u0219i istorii<\/em>, volum \u00eengrijit de Sorin Bocancea, Ia\u0219i, Institutul European, 2022.<\/p>\n\n\n\n<p>Ioan Biri\u0219, <em>Testul Spengler: eseuri \u0219i portrete<\/em>, Bucure\u0219ti, Editura Eikon, 2022.<\/p>\n\n\n\n<p>Ioan N. Ro\u0219ca, <em>Portrete cu peni\u021b\u0103 claps<\/em>, Bucure\u0219ti, Editura Funda\u021biei \u201eRom\u00e2nia de M\u00e2ine\u201d, 2022.<\/p>\n\n\n\n<p><em>Muzica <\/em><em>g\u00e2ndirii<\/em><em>.<\/em><em> Gabriel Liiceanu \u00een dialog cu prietenii s\u0103i<\/em>, volum editat de C\u0103t\u0103lin Cioab\u0103 \u0219i Grigore Vida, Bucure\u0219ti, Humanitas, 2022.<\/p>\n\n\n\n<p><em>Modelul<\/em><em> cultural Noica<\/em>, vol. V, culegere alc\u0103tuit\u0103 de Marin Diaconu, Bucure\u0219ti, Funda\u021bia Na\u021bional\u0103 pentru \u0218tiin\u021b\u0103 \u0219i Art\u0103, 2022.<\/p>\n\n\n\n<p><a>Ionel <\/a>Necula, <em>Ion Petrovici: recuren\u021be<\/em>, vol. IV, Ia\u0219i, Editura Pim, 2022.<\/p>\n\n\n\n<p>M\u0103rg\u0103rita Ioana Vulc\u0103nescu, <em>Pagini de jurnal 1946\u20131948<\/em>, edi\u021bie \u00eengrijit\u0103, introducere, note \u0219i epilog de Ionu\u021b Butoi, Bucure\u0219ti, Editura Eikon, 2022.<\/p>\n\n\n\n<div style=\"height:30px\" aria-hidden=\"true\" class=\"wp-block-spacer\"><\/div>\n\n\n\n<hr class=\"wp-block-separator has-alpha-channel-opacity is-style-wide\"\/>\n\n\n\n<p class=\"has-small-font-size\">[<em>Studii de istorie a filosofiei rom\u00e2ne\u015fti<\/em>, vol. XIX:&nbsp;<em>Filosofie \u0219i psihologie<\/em>, Bucure\u015fti, Editura Academiei Rom\u00e2ne, 2023, pp.&nbsp;181\u2013183]<\/p>\n\n\n\n<div class=\"wp-block-uagb-buttons uagb-buttons__outer-wrap uagb-btn__medium-btn uagb-btn-tablet__default-btn uagb-btn-mobile__default-btn uagb-block-ed00c72a\"><div class=\"uagb-buttons__wrap uagb-buttons-layout-wrap\">\n<div class=\"wp-block-uagb-buttons-child uagb-buttons__outer-wrap uagb-block-41f955d4 wp-block-button\"><div class=\"uagb-button__wrapper\"><a class=\"uagb-buttons-repeater wp-block-button__link\" href=\"https:\/\/filosofieromaneasca.institutuldefilosofie.ro\/sifr\/wp-content\/uploads\/2023\/12\/Lates-Titus-Semnal-2022.pdf\" onclick=\"return true;\" rel=\"follow noopener\" target=\"_blank\"><span class=\"uagb-button__icon uagb-button__icon-position-before\"><svg xmlns=\"https:\/\/www.w3.org\/2000\/svg\" viewBox=\"0 0 384 512\"><path d=\"M88 304H80V256H88C101.3 256 112 266.7 112 280C112 293.3 101.3 304 88 304zM192 256H200C208.8 256 216 263.2 216 272V336C216 344.8 208.8 352 200 352H192V256zM224 0V128C224 145.7 238.3 160 256 160H384V448C384 483.3 355.3 512 320 512H64C28.65 512 0 483.3 0 448V64C0 28.65 28.65 0 64 0H224zM64 224C55.16 224 48 231.2 48 240V368C48 376.8 55.16 384 64 384C72.84 384 80 376.8 80 368V336H88C118.9 336 144 310.9 144 280C144 249.1 118.9 224 88 224H64zM160 368C160 376.8 167.2 384 176 384H200C226.5 384 248 362.5 248 336V272C248 245.5 226.5 224 200 224H176C167.2 224 160 231.2 160 240V368zM288 224C279.2 224 272 231.2 272 240V368C272 376.8 279.2 384 288 384C296.8 384 304 376.8 304 368V320H336C344.8 320 352 312.8 352 304C352 295.2 344.8 288 336 288H304V256H336C344.8 256 352 248.8 352 240C352 231.2 344.8 224 336 224H288zM256 0L384 128H256V0z\"><\/path><\/svg><\/span><div class=\"uagb-button__link\">Descarc\u0103<\/div><\/a><\/div><\/div>\n<\/div><\/div>\n\n\n\n<div style=\"height:30px\" aria-hidden=\"true\" class=\"wp-block-spacer\"><\/div>\n","protected":false},"excerpt":{"rendered":"<p>DOI: 10.59277\/SIFR.202319.12 Semnal: Istoria filosofiei rom\u00e2ne\u015fti \u00een anul 2022 Bibliografie de Titus Lates (Institutul de Filosofie \u0219i Psihologie \u201eC. R\u0103dulescu-Motru\u201d al Academiei Rom\u00e2ne) Volume colective Studii de istorie a filosofiei rom\u00e2ne\u0219ti, vol. XVIII: \u0218tiin\u021b\u0103 \u0219i metafizic\u0103. Ion Petrovici, coordonatori: Mona Mamulea, Titus Lates, Mihai Popa, Viorel Cernica, Bucure\u0219ti, Editura Academiei Rom\u00e2ne, 2022. Istoria \u0219i teoria [&hellip;]<\/p>\n","protected":false},"author":1,"featured_media":0,"parent":7848,"menu_order":12,"comment_status":"closed","ping_status":"closed","template":"","meta":{"_uag_custom_page_level_css":"","site-sidebar-layout":"default","site-content-layout":"","ast-site-content-layout":"default","site-content-style":"default","site-sidebar-style":"default","ast-global-header-display":"","ast-banner-title-visibility":"","ast-main-header-display":"","ast-hfb-above-header-display":"","ast-hfb-below-header-display":"","ast-hfb-mobile-header-display":"","site-post-title":"disabled","ast-breadcrumbs-content":"","ast-featured-img":"","footer-sml-layout":"","theme-transparent-header-meta":"","adv-header-id-meta":"","stick-header-meta":"","header-above-stick-meta":"","header-main-stick-meta":"","header-below-stick-meta":"","astra-migrate-meta-layouts":"set","ast-page-background-enabled":"default","ast-page-background-meta":{"desktop":{"background-color":"var(--ast-global-color-4)","background-image":"","background-repeat":"repeat","background-position":"center center","background-size":"auto","background-attachment":"scroll","background-type":"","background-media":"","overlay-type":"","overlay-color":"","overlay-opacity":"","overlay-gradient":""},"tablet":{"background-color":"","background-image":"","background-repeat":"repeat","background-position":"center center","background-size":"auto","background-attachment":"scroll","background-type":"","background-media":"","overlay-type":"","overlay-color":"","overlay-opacity":"","overlay-gradient":""},"mobile":{"background-color":"","background-image":"","background-repeat":"repeat","background-position":"center center","background-size":"auto","background-attachment":"scroll","background-type":"","background-media":"","overlay-type":"","overlay-color":"","overlay-opacity":"","overlay-gradient":""}},"ast-content-background-meta":{"desktop":{"background-color":"var(--ast-global-color-5)","background-image":"","background-repeat":"repeat","background-position":"center center","background-size":"auto","background-attachment":"scroll","background-type":"","background-media":"","overlay-type":"","overlay-color":"","overlay-opacity":"","overlay-gradient":""},"tablet":{"background-color":"var(--ast-global-color-5)","background-image":"","background-repeat":"repeat","background-position":"center center","background-size":"auto","background-attachment":"scroll","background-type":"","background-media":"","overlay-type":"","overlay-color":"","overlay-opacity":"","overlay-gradient":""},"mobile":{"background-color":"var(--ast-global-color-5)","background-image":"","background-repeat":"repeat","background-position":"center center","background-size":"auto","background-attachment":"scroll","background-type":"","background-media":"","overlay-type":"","overlay-color":"","overlay-opacity":"","overlay-gradient":""}},"footnotes":""},"categories":[201,205,412],"tags":[],"class_list":["post-8113","page","type-page","status-publish","hentry","category-bibliografii","category-bibliografii-anuale","category-sifr19"],"featured_image_src":null,"uagb_featured_image_src":{"full":false,"thumbnail":false,"medium":false,"medium_large":false,"large":false,"1536x1536":false,"2048x2048":false},"uagb_author_info":{"display_name":"SIFR","author_link":"https:\/\/filosofieromaneasca.institutuldefilosofie.ro\/sifr\/author\/mm\/"},"uagb_comment_info":0,"uagb_excerpt":"DOI: 10.59277\/SIFR.202319.12 Semnal: Istoria filosofiei rom\u00e2ne\u015fti \u00een anul 2022 Bibliografie de Titus Lates (Institutul de Filosofie \u0219i Psihologie \u201eC. R\u0103dulescu-Motru\u201d al Academiei Rom\u00e2ne) Volume colective Studii de istorie a filosofiei rom\u00e2ne\u0219ti, vol. XVIII: \u0218tiin\u021b\u0103 \u0219i metafizic\u0103. Ion Petrovici, coordonatori: Mona Mamulea, Titus Lates, Mihai Popa, Viorel Cernica, Bucure\u0219ti, Editura Academiei Rom\u00e2ne, 2022. Istoria \u0219i teoria&hellip;","_links":{"self":[{"href":"https:\/\/filosofieromaneasca.institutuldefilosofie.ro\/sifr\/wp-json\/wp\/v2\/pages\/8113","targetHints":{"allow":["GET"]}}],"collection":[{"href":"https:\/\/filosofieromaneasca.institutuldefilosofie.ro\/sifr\/wp-json\/wp\/v2\/pages"}],"about":[{"href":"https:\/\/filosofieromaneasca.institutuldefilosofie.ro\/sifr\/wp-json\/wp\/v2\/types\/page"}],"author":[{"embeddable":true,"href":"https:\/\/filosofieromaneasca.institutuldefilosofie.ro\/sifr\/wp-json\/wp\/v2\/users\/1"}],"replies":[{"embeddable":true,"href":"https:\/\/filosofieromaneasca.institutuldefilosofie.ro\/sifr\/wp-json\/wp\/v2\/comments?post=8113"}],"version-history":[{"count":6,"href":"https:\/\/filosofieromaneasca.institutuldefilosofie.ro\/sifr\/wp-json\/wp\/v2\/pages\/8113\/revisions"}],"predecessor-version":[{"id":8414,"href":"https:\/\/filosofieromaneasca.institutuldefilosofie.ro\/sifr\/wp-json\/wp\/v2\/pages\/8113\/revisions\/8414"}],"up":[{"embeddable":true,"href":"https:\/\/filosofieromaneasca.institutuldefilosofie.ro\/sifr\/wp-json\/wp\/v2\/pages\/7848"}],"wp:attachment":[{"href":"https:\/\/filosofieromaneasca.institutuldefilosofie.ro\/sifr\/wp-json\/wp\/v2\/media?parent=8113"}],"wp:term":[{"taxonomy":"category","embeddable":true,"href":"https:\/\/filosofieromaneasca.institutuldefilosofie.ro\/sifr\/wp-json\/wp\/v2\/categories?post=8113"},{"taxonomy":"post_tag","embeddable":true,"href":"https:\/\/filosofieromaneasca.institutuldefilosofie.ro\/sifr\/wp-json\/wp\/v2\/tags?post=8113"}],"curies":[{"name":"wp","href":"https:\/\/api.w.org\/{rel}","templated":true}]}}