{"id":8710,"date":"2024-12-18T20:22:48","date_gmt":"2024-12-18T18:22:48","guid":{"rendered":"https:\/\/filosofieromaneasca.institutuldefilosofie.ro\/sifr\/?page_id=8710"},"modified":"2024-12-19T00:34:18","modified_gmt":"2024-12-18T22:34:18","slug":"istoria-filosofiei-romanesti-in-anul-2023-titus-lates","status":"publish","type":"page","link":"https:\/\/filosofieromaneasca.institutuldefilosofie.ro\/sifr\/volumul-20-2024\/istoria-filosofiei-romanesti-in-anul-2023-titus-lates\/","title":{"rendered":"Istoria filosofiei rom\u00e2ne\u0219ti \u00een anul 2023 | Titus Lates"},"content":{"rendered":"\n<p>DOI: 10.59277\/SIFR.202420.11<\/p>\n\n\n\n<div class=\"wp-block-uagb-advanced-heading uagb-block-8d0b0435\"><h2 class=\"uagb-heading-text\">Istoria filosofiei rom\u00e2ne\u0219ti \u00een anul 2023 <\/h2><\/div>\n\n\n\n<div class=\"wp-block-uagb-advanced-heading uagb-block-18c27218\"><h5 class=\"uagb-heading-text\">[Bibliografie de] Titus Lates<\/h5><p class=\"uagb-desc-text\">Institutul de Filosofie \u0219i Psihologie \u201eC. R\u0103dulescu-Motru\u201d al Academiei Rom\u00e2ne<\/p><\/div>\n\n\n\n<div class=\"wp-block-uagb-buttons uagb-buttons__outer-wrap uagb-btn__medium-btn uagb-btn-tablet__default-btn uagb-btn-mobile__default-btn uagb-block-a37172c5\"><div class=\"uagb-buttons__wrap uagb-buttons-layout-wrap \">\n<div class=\"wp-block-uagb-buttons-child uagb-buttons__outer-wrap uagb-block-146bce01 wp-block-button\"><div class=\"uagb-button__wrapper\"><a class=\"uagb-buttons-repeater wp-block-button__link\" aria-label=\"\" href=\"https:\/\/filosofieromaneasca.institutuldefilosofie.ro\/sifr\/wp-content\/uploads\/2024\/12\/Lates-Titus-Semnal-2023.pdf\" rel=\"follow noopener\" target=\"_blank\" role=\"button\"><span class=\"uagb-button__icon uagb-button__icon-position-before\"><svg xmlns=\"https:\/\/www.w3.org\/2000\/svg\" viewBox=\"0 0 384 512\" aria-hidden=\"true\" focussable=\"false\"><path d=\"M88 304H80V256H88C101.3 256 112 266.7 112 280C112 293.3 101.3 304 88 304zM192 256H200C208.8 256 216 263.2 216 272V336C216 344.8 208.8 352 200 352H192V256zM224 0V128C224 145.7 238.3 160 256 160H384V448C384 483.3 355.3 512 320 512H64C28.65 512 0 483.3 0 448V64C0 28.65 28.65 0 64 0H224zM64 224C55.16 224 48 231.2 48 240V368C48 376.8 55.16 384 64 384C72.84 384 80 376.8 80 368V336H88C118.9 336 144 310.9 144 280C144 249.1 118.9 224 88 224H64zM160 368C160 376.8 167.2 384 176 384H200C226.5 384 248 362.5 248 336V272C248 245.5 226.5 224 200 224H176C167.2 224 160 231.2 160 240V368zM288 224C279.2 224 272 231.2 272 240V368C272 376.8 279.2 384 288 384C296.8 384 304 376.8 304 368V320H336C344.8 320 352 312.8 352 304C352 295.2 344.8 288 336 288H304V256H336C344.8 256 352 248.8 352 240C352 231.2 344.8 224 336 224H288zM256 0L384 128H256V0z\"><\/path><\/svg><\/span><div class=\"uagb-button__link\">Descarc\u0103<\/div><\/a><\/div><\/div>\n<\/div><\/div>\n\n\n\n<div style=\"height:30px\" aria-hidden=\"true\" class=\"wp-block-spacer\"><\/div>\n\n\n\n<hr class=\"wp-block-separator has-text-color has-cyan-bluish-gray-color has-alpha-channel-opacity has-cyan-bluish-gray-background-color has-background is-style-wide\"\/>\n\n\n\n<div style=\"height:30px\" aria-hidden=\"true\" class=\"wp-block-spacer\"><\/div>\n\n\n\n<h5 class=\"wp-block-heading\"><strong>Volume colective<\/strong><\/h5>\n\n\n\n<p><em>Studii de istorie a filosofiei rom\u00e2ne\u0219ti<\/em>, vol. XIX: <em>Filosofie \u0219i psihologie<\/em>,coordonatori: Mona Mamulea, Titus Lates, Mihai Popa, Viorel Cernica, Bucure\u0219ti, Editura Academiei Rom\u00e2ne, 2023.<\/p>\n\n\n\n<p><em>Filosofie rom\u00e2neasc\u0103 \u00een spa\u021biul ar\u0103dean<\/em>, coordonatori: Ioan Biri\u0219, Maria Sinaci, Bucure\u0219ti, Editura Eikon, 2023.<\/p>\n\n\n\n<p><em>Caiete Emil Cioran \u2013 Edi\u021bia 2022<\/em>, coordonator Anca S\u00eerghie, Sibiu, Editura D*A*S, 2023. [Co\u00adloc\u00adviile \u201eEmil Cioran\u201d Edi\u021bia a XXVII-a \u2013 R\u0103\u0219inari, 1\u20133 iulie 2022].<\/p>\n\n\n\n<div style=\"height:30px\" aria-hidden=\"true\" class=\"wp-block-spacer\"><\/div>\n\n\n\n<h5 class=\"wp-block-heading\"><strong>C\u0103r\u021bi de autor<\/strong><\/h5>\n\n\n\n<p>Adrian Buzdugan, <em>Cioran. Filosofia unui \u201eantifilosof\u201d<\/em>, cuv\u00e2nt \u00eenainte: \u201ePoarta cea str\u00e2mt\u0103 a rezer\u00adva\u021biei Cioran\u201d de Ion Dur, Bucure\u0219ti, Editura Litera, 2023.<\/p>\n\n\n\n<p>Iosif Cheie-Pantea, <em>Lucian Blaga, filosof \u0219i poet orfic<\/em>, Cluj-Napoca, Editura \u0218coala Ardelean\u0103, 2023.<\/p>\n\n\n\n<p>Leonid Dragomir, <em>Mihai \u0218ora: omul dialogal<\/em>, Bucure\u0219ti, Cartex, 2023.<\/p>\n\n\n\n<p>Ion Irimie, <em>L. Blaga \u0219i D. D. Ro\u0219ca. Perspectiv\u0103 comparativ\u0103<\/em>, Cluj-Napoca, Presa Universitar\u0103 Clujean\u0103, 2023.<\/p>\n\n\n\n<p>Mircea Leabu, <em>Cioran \u0219i t\u0103m\u0103duirea disper\u0103rii<\/em>, T\u00e2rgu Jiu, Editura M\u0103iastra, 2023.<\/p>\n\n\n\n<p>Gabriel Hasma\u021buchi, <em>Structuri filosofice \u00een scrierile lui Nichifor Crainic<\/em>, edi\u021bia a 2-a, revizuit\u0103 \u0219i ad\u0103ugit\u0103, prefa\u021b\u0103 de acad. Gheorghe Vl\u0103du\u021bescu, Editura Limes, 2023.<\/p>\n\n\n\n<p>Ion Militaru, <em>Filosofia existen\u021bei defecte: cinci conferin\u021be despre Constantin Noica<\/em>, Ia\u0219i, Insti\u00adtu\u00adtul European, 2023.<\/p>\n\n\n\n<p>Drago\u0219 Popescu, <em>Noi explor\u0103ri \u00een filosofia rom\u00e2neasc\u0103<\/em>, Bucure\u0219ti, Editura Tritonic, 2023.<\/p>\n\n\n\n<p>Julien Santa Cruz, <em>Cioran \u0219i ispita nazismului<\/em>, traducere din limba francez\u0103 de M\u0103d\u0103lina Con\u00adstan\u00adtin, Bucure\u0219ti, Editura Meteor Press, 2023.<\/p>\n\n\n\n<p>Constantin Stroe, <em>Rostiri etice \u00een cultura rom\u00e2neasc\u0103<\/em>, vol. III, Bucure\u0219ti, Editura Funda\u021biei Ro\u00adm\u00e2\u00adnia de M\u00e2ine, 2023.<\/p>\n\n\n\n<div style=\"height:30px\" aria-hidden=\"true\" class=\"wp-block-spacer\"><\/div>\n\n\n\n<h5 class=\"wp-block-heading\"><strong>Edi\u021bii \u00eengrijite<\/strong><\/h5>\n\n\n\n<p>D. C. Amz\u0103r, <em>Filosofia politic\u0103 \u0219i geopolitica<\/em>, edi\u021bie \u00eengrijit\u0103, note, traduceri \u0219i indici de Dora Mezdrea, traducerea textelor \u00een limba german\u0103 Aurel Teodorescu, Editura Muzeul Literaturii Rom\u00e2ne, 2023.<\/p>\n\n\n\n<p>D. C. Amz\u0103r, <em>Teologia<\/em>, edi\u021bie \u00eengrijit\u0103, revizuirea \u0219tiin\u021bific\u0103 a traducerilor, note \u0219i indici de Dora Mezdrea, traducerea textelor \u00een limba german\u0103: Aurel Teodorescu, Viorel \u021au\u021bea, Bucure\u0219ti, Editura Muzeul Literaturii Rom\u00e2ne, 2023.<\/p>\n\n\n\n<p>Iosif Blaga, Ghi\u021b\u0103 Pop, <em>Polemici<\/em>, edi\u021bie \u00eengrijit\u0103, studiu introductiv \u0219i not\u0103 asupra edi\u021biei de Tiberius Vasiniuc, T\u00e2rgu Mure\u0219, UArtPress, 2023.<\/p>\n\n\n\n<p>Lucian Blaga, <em>G\u00e2ndirea rom\u00e2neasc\u0103 \u00een Transilvania \u00een secolul al XVIII-lea<\/em>, edi\u021bie \u00eengrijit\u0103 de Dorli Blaga, cuv\u00e2nt \u00eenainte de Ioan-Aurel Pop, prefa\u021b\u0103 \u0219i not\u0103 biobibliografic\u0103 de Eugeniu Nistor, Cluj-Napoca, Editura \u0218coala Ardelean\u0103, 2023.<\/p>\n\n\n\n<p>Dimitrie Cantemir, <em>Imaginea de nezugr\u0103vit a \u0219tiin\u021bei sacrosancte<\/em>, edi\u021bie bilingv\u0103, text latin, cu aparat critic, stabilit de Dan Slu\u0219anschi \u0219i Liviu Stroia, edi\u021bie critic\u0103, traducere, ghid de lectur\u0103, note de Vlad Alexandrescu, Ia\u0219i, Editura Polirom, 2023.<\/p>\n\n\n\n<p>Nichifor Crainic, <em>Rena\u0219terea rom\u00e2n\u0103<\/em>, vol. I: <em>\u00cen lumina libert\u0103\u021bii<\/em>; vol. II: <em>Efemeride peste veac<\/em>, edi\u021bie \u00eengrijit\u0103 de Vlad Bilevsky, Ia\u0219i, Editura Junimea, 2023.<\/p>\n\n\n\n<p>P. P. Negulescu, <em>Destinul omenirii<\/em>, prefa\u021b\u0103 de Oana \u0218erban, Ia\u0219i, Cartea Rom\u00e2neasc\u0103 Educa\u021bio\u00adnal, 2023 CIP aprilie 2023.<\/p>\n\n\n\n<p>P. P. Negulescu, <em>Istoria filosofiei contemporane<\/em>, prefa\u021b\u0103 de Oana \u0218erban, Ia\u0219i, Cartea Rom\u00e2\u00adneasc\u0103 Educa\u021bional, 2023. 5 vol.<\/p>\n\n\n\n<p>P. P. Negulescu, <em>Filosofia Rena\u0219terii<\/em>, prefa\u021b\u0103 de Oana \u0218erban, Ia\u0219i, Cartea Rom\u00e2neasc\u0103 Educa\u00ad\u021bio\u00adnal, 2023. 3 vol.<\/p>\n\n\n\n<p>Ion Petrovici, <em>Curs privat de istorie a filosofiei<\/em>, edi\u021bie \u00eengrijit\u0103 \u0219i prefa\u021b\u0103 de Ionel Necula, Ia\u0219i, Editura Pim, 2023. 2 vol.<\/p>\n\n\n\n<p>C. R\u0103dulescu-Motru, <em>Personalismul energetic<\/em>, edi\u021bia a III-a, definitiv\u0103, \u00eengrijit\u0103 \u0219i cu note expli\u00adcative de Gheorghe Vl\u0103du\u021bescu, Postfa\u021b\u0103 de Eugeniu Nistor, T\u00e2rgu-Mure\u0219, Editura Ardealul (Colec\u021bia Biblioteca de filosofie), 2023.<\/p>\n\n\n\n<div style=\"height:30px\" aria-hidden=\"true\" class=\"wp-block-spacer\"><\/div>\n\n\n\n<h5 class=\"wp-block-heading\"><strong>Volume omagiale<\/strong><\/h5>\n\n\n\n<p><em>\u00cen amintirea profesorului Alexandru Boboc<\/em>, coordonator Mihaela Pop, Bucure\u0219ti, Editura Pai\u00addeia, 2023.<\/p>\n\n\n\n<div style=\"height:30px\" aria-hidden=\"true\" class=\"wp-block-spacer\"><\/div>\n\n\n\n<h5 class=\"wp-block-heading\"><strong>M\u0103rturii<\/strong><\/h5>\n\n\n\n<p>Lucian Blaga, <em>Plin mi-e sufletul meu de tine. Scrisori c\u0103tre Elena Daniello<\/em>, cu o <em>Introducere<\/em> de Helene Rodica Daniello, edi\u021bie \u00eengrijit\u0103, note \u0219i comentarii de Helene Rodica Daniello \u0219i Ilie Rad, prefa\u021b\u0103, not\u0103 asupra edi\u021biei \u0219i bibliografie de Ilie Rad, Cluj-Napoca, Casa C\u0103r\u021bii de \u0218tiin\u021b\u0103, 2023.<\/p>\n\n\n\n<p>Stelian T\u0103nase, <em>Cioran \u0219i securitatea<\/em>, Bucure\u0219ti, Editura Cuantic, 2023.<\/p>\n\n\n\n<p>Constantin Noica, <em>Scrisori c\u0103tre Paul Anghel<\/em>, edi\u021bie \u00eengrijit\u0103 de Vlad Bilevsky, Ia\u0219i, Editura Junimea\/Colec\u021bia Mousaion, 2023.<\/p>\n\n\n\n<p>Ionel Necula, Gheorghe Felea, <em>Ion Petrovici \u2013 Recuren\u021be<\/em>, vol. 5, Ia\u0219i, Editura Pim, 2023. \u0218tefan J. Fay, <em>Sokrateion. M\u0103rturie despre Mircea Vulc\u0103nescu<\/em>, edi\u021bie cu ad\u0103ugirea evoc\u0103rii de la Casa Rom\u00e2neasc\u0103 din Paris, 3 iulie 2000, Bucure\u0219ti, Editura Vremea, 2023.<\/p>\n\n\n\n<hr class=\"wp-block-separator has-text-color has-cyan-bluish-gray-color has-alpha-channel-opacity has-cyan-bluish-gray-background-color has-background is-style-wide\"\/>\n\n\n\n<div style=\"height:30px\" aria-hidden=\"true\" class=\"wp-block-spacer\"><\/div>\n\n\n\n<p class=\"has-small-font-size\">[<em>Studii de istorie a filosofiei rom\u00e2ne\u015fti<\/em>, vol. XX:&nbsp;<em>Kant 300<\/em>, Bucure\u015fti, Editura Academiei Rom\u00e2ne, 2024, pp.&nbsp;221\u2013223]<\/p>\n\n\n\n<div class=\"wp-block-uagb-buttons uagb-buttons__outer-wrap uagb-btn__medium-btn uagb-btn-tablet__default-btn uagb-btn-mobile__default-btn uagb-block-0e661a0e\"><div class=\"uagb-buttons__wrap uagb-buttons-layout-wrap \">\n<div class=\"wp-block-uagb-buttons-child uagb-buttons__outer-wrap uagb-block-38761527 wp-block-button\"><div class=\"uagb-button__wrapper\"><a class=\"uagb-buttons-repeater wp-block-button__link\" aria-label=\"\" href=\"https:\/\/filosofieromaneasca.institutuldefilosofie.ro\/sifr\/wp-content\/uploads\/2024\/12\/Lates-Titus-Semnal-2023.pdf\" rel=\"follow noopener\" target=\"_blank\" role=\"button\"><span class=\"uagb-button__icon uagb-button__icon-position-before\"><svg xmlns=\"https:\/\/www.w3.org\/2000\/svg\" viewBox=\"0 0 384 512\" aria-hidden=\"true\" focussable=\"false\"><path d=\"M88 304H80V256H88C101.3 256 112 266.7 112 280C112 293.3 101.3 304 88 304zM192 256H200C208.8 256 216 263.2 216 272V336C216 344.8 208.8 352 200 352H192V256zM224 0V128C224 145.7 238.3 160 256 160H384V448C384 483.3 355.3 512 320 512H64C28.65 512 0 483.3 0 448V64C0 28.65 28.65 0 64 0H224zM64 224C55.16 224 48 231.2 48 240V368C48 376.8 55.16 384 64 384C72.84 384 80 376.8 80 368V336H88C118.9 336 144 310.9 144 280C144 249.1 118.9 224 88 224H64zM160 368C160 376.8 167.2 384 176 384H200C226.5 384 248 362.5 248 336V272C248 245.5 226.5 224 200 224H176C167.2 224 160 231.2 160 240V368zM288 224C279.2 224 272 231.2 272 240V368C272 376.8 279.2 384 288 384C296.8 384 304 376.8 304 368V320H336C344.8 320 352 312.8 352 304C352 295.2 344.8 288 336 288H304V256H336C344.8 256 352 248.8 352 240C352 231.2 344.8 224 336 224H288zM256 0L384 128H256V0z\"><\/path><\/svg><\/span><div class=\"uagb-button__link\">Descarc\u0103<\/div><\/a><\/div><\/div>\n<\/div><\/div>\n\n\n\n<div style=\"height:30px\" aria-hidden=\"true\" class=\"wp-block-spacer\"><\/div>\n\n\n\n<div style=\"height:30px\" aria-hidden=\"true\" class=\"wp-block-spacer\"><\/div>\n","protected":false},"excerpt":{"rendered":"<p>DOI: 10.59277\/SIFR.202420.11 Istoria filosofiei rom\u00e2ne\u0219ti \u00een anul 2023 [Bibliografie de] Titus Lates Institutul de Filosofie \u0219i Psihologie \u201eC. R\u0103dulescu-Motru\u201d al Academiei Rom\u00e2ne Volume colective Studii de istorie a filosofiei rom\u00e2ne\u0219ti, vol. XIX: Filosofie \u0219i psihologie,coordonatori: Mona Mamulea, Titus Lates, Mihai Popa, Viorel Cernica, Bucure\u0219ti, Editura Academiei Rom\u00e2ne, 2023. Filosofie rom\u00e2neasc\u0103 \u00een spa\u021biul ar\u0103dean, coordonatori: Ioan [&hellip;]<\/p>\n","protected":false},"author":1,"featured_media":0,"parent":8549,"menu_order":11,"comment_status":"closed","ping_status":"closed","template":"","meta":{"_uag_custom_page_level_css":"","site-sidebar-layout":"default","site-content-layout":"","ast-site-content-layout":"default","site-content-style":"default","site-sidebar-style":"default","ast-global-header-display":"","ast-banner-title-visibility":"","ast-main-header-display":"","ast-hfb-above-header-display":"","ast-hfb-below-header-display":"","ast-hfb-mobile-header-display":"","site-post-title":"disabled","ast-breadcrumbs-content":"","ast-featured-img":"","footer-sml-layout":"","theme-transparent-header-meta":"","adv-header-id-meta":"","stick-header-meta":"","header-above-stick-meta":"","header-main-stick-meta":"","header-below-stick-meta":"","astra-migrate-meta-layouts":"set","ast-page-background-enabled":"default","ast-page-background-meta":{"desktop":{"background-color":"var(--ast-global-color-4)","background-image":"","background-repeat":"repeat","background-position":"center center","background-size":"auto","background-attachment":"scroll","background-type":"","background-media":"","overlay-type":"","overlay-color":"","overlay-opacity":"","overlay-gradient":""},"tablet":{"background-color":"","background-image":"","background-repeat":"repeat","background-position":"center center","background-size":"auto","background-attachment":"scroll","background-type":"","background-media":"","overlay-type":"","overlay-color":"","overlay-opacity":"","overlay-gradient":""},"mobile":{"background-color":"","background-image":"","background-repeat":"repeat","background-position":"center center","background-size":"auto","background-attachment":"scroll","background-type":"","background-media":"","overlay-type":"","overlay-color":"","overlay-opacity":"","overlay-gradient":""}},"ast-content-background-meta":{"desktop":{"background-color":"var(--ast-global-color-5)","background-image":"","background-repeat":"repeat","background-position":"center center","background-size":"auto","background-attachment":"scroll","background-type":"","background-media":"","overlay-type":"","overlay-color":"","overlay-opacity":"","overlay-gradient":""},"tablet":{"background-color":"var(--ast-global-color-5)","background-image":"","background-repeat":"repeat","background-position":"center center","background-size":"auto","background-attachment":"scroll","background-type":"","background-media":"","overlay-type":"","overlay-color":"","overlay-opacity":"","overlay-gradient":""},"mobile":{"background-color":"var(--ast-global-color-5)","background-image":"","background-repeat":"repeat","background-position":"center center","background-size":"auto","background-attachment":"scroll","background-type":"","background-media":"","overlay-type":"","overlay-color":"","overlay-opacity":"","overlay-gradient":""}},"footnotes":""},"categories":[201,205,492,262],"tags":[],"class_list":["post-8710","page","type-page","status-publish","hentry","category-bibliografii","category-bibliografii-anuale","category-sifr20","category-titus-lates"],"featured_image_src":null,"uagb_featured_image_src":{"full":false,"thumbnail":false,"medium":false,"medium_large":false,"large":false,"1536x1536":false,"2048x2048":false},"uagb_author_info":{"display_name":"SIFR","author_link":"https:\/\/filosofieromaneasca.institutuldefilosofie.ro\/sifr\/author\/mm\/"},"uagb_comment_info":0,"uagb_excerpt":"DOI: 10.59277\/SIFR.202420.11 Istoria filosofiei rom\u00e2ne\u0219ti \u00een anul 2023 [Bibliografie de] Titus Lates Institutul de Filosofie \u0219i Psihologie \u201eC. R\u0103dulescu-Motru\u201d al Academiei Rom\u00e2ne Volume colective Studii de istorie a filosofiei rom\u00e2ne\u0219ti, vol. XIX: Filosofie \u0219i psihologie,coordonatori: Mona Mamulea, Titus Lates, Mihai Popa, Viorel Cernica, Bucure\u0219ti, Editura Academiei Rom\u00e2ne, 2023. Filosofie rom\u00e2neasc\u0103 \u00een spa\u021biul ar\u0103dean, coordonatori: Ioan&hellip;","_links":{"self":[{"href":"https:\/\/filosofieromaneasca.institutuldefilosofie.ro\/sifr\/wp-json\/wp\/v2\/pages\/8710","targetHints":{"allow":["GET"]}}],"collection":[{"href":"https:\/\/filosofieromaneasca.institutuldefilosofie.ro\/sifr\/wp-json\/wp\/v2\/pages"}],"about":[{"href":"https:\/\/filosofieromaneasca.institutuldefilosofie.ro\/sifr\/wp-json\/wp\/v2\/types\/page"}],"author":[{"embeddable":true,"href":"https:\/\/filosofieromaneasca.institutuldefilosofie.ro\/sifr\/wp-json\/wp\/v2\/users\/1"}],"replies":[{"embeddable":true,"href":"https:\/\/filosofieromaneasca.institutuldefilosofie.ro\/sifr\/wp-json\/wp\/v2\/comments?post=8710"}],"version-history":[{"count":3,"href":"https:\/\/filosofieromaneasca.institutuldefilosofie.ro\/sifr\/wp-json\/wp\/v2\/pages\/8710\/revisions"}],"predecessor-version":[{"id":8714,"href":"https:\/\/filosofieromaneasca.institutuldefilosofie.ro\/sifr\/wp-json\/wp\/v2\/pages\/8710\/revisions\/8714"}],"up":[{"embeddable":true,"href":"https:\/\/filosofieromaneasca.institutuldefilosofie.ro\/sifr\/wp-json\/wp\/v2\/pages\/8549"}],"wp:attachment":[{"href":"https:\/\/filosofieromaneasca.institutuldefilosofie.ro\/sifr\/wp-json\/wp\/v2\/media?parent=8710"}],"wp:term":[{"taxonomy":"category","embeddable":true,"href":"https:\/\/filosofieromaneasca.institutuldefilosofie.ro\/sifr\/wp-json\/wp\/v2\/categories?post=8710"},{"taxonomy":"post_tag","embeddable":true,"href":"https:\/\/filosofieromaneasca.institutuldefilosofie.ro\/sifr\/wp-json\/wp\/v2\/tags?post=8710"}],"curies":[{"name":"wp","href":"https:\/\/api.w.org\/{rel}","templated":true}]}}