{"id":8804,"date":"2025-07-05T15:17:34","date_gmt":"2025-07-05T13:17:34","guid":{"rendered":"http:\/\/filosofieromaneasca.institutuldefilosofie.ro\/sifr\/?page_id=8804"},"modified":"2025-07-05T17:16:53","modified_gmt":"2025-07-05T15:16:53","slug":"politica-genai","status":"publish","type":"page","link":"https:\/\/filosofieromaneasca.institutuldefilosofie.ro\/sifr\/politica-genai\/","title":{"rendered":"Politica GenAI"},"content":{"rendered":"\n<p><strong>Studii de istorie a filosofiei rom\u00e2ne\u0219ti<\/strong> este o publica\u021bie dedicat\u0103 cercet\u0103rilor originale \u00een domeniul filosofiei. Utilizarea inteligen\u021bei artificiale generatoare de con\u021binut (GenAI) de c\u0103tre autori sau referen\u021bi trebuie s\u0103 respecte anumite reguli care au rolul de a asigura corectitudinea, relevan\u021ba \u0219i autenticitatea contribu\u021biei, precum \u0219i buna conduit\u0103 \u00een cercetarea \u0219tiin\u021bific\u0103.<\/p>\n\n\n\n<p><strong>Studii de istorie a filosofiei rom\u00e2ne\u0219ti<\/strong> este pe aceea\u0219i pozi\u021bie cu <a href=\"https:\/\/publicationethics.org\/guidance\/cope-position\/authorship-and-ai-tools\" data-type=\"link\" data-id=\"https:\/\/publicationethics.org\/guidance\/cope-position\/authorship-and-ai-tools\"><strong>COPE<\/strong> <\/a>\u00een ceea ce prive\u0219te opinia c\u0103 \u201einstrumentele de inteligen\u021b\u0103 artificial\u0103 nu \u00eendeplinesc condi\u021biile pentru a li se atribui calitatea de autor, c\u0103ci ele nu \u00ee\u0219i pot asuma responsabilitatea pentru lucrarea trimis\u0103 spre publicare. Ca entit\u0103\u021bi non-juridice, ele nu pot declara prezen\u021ba sau absen\u021ba conflictelor de interese \u0219i nu pot gestiona drepturile de autor sau contractele de licen\u021b\u0103&#8221;.<\/p>\n\n\n\n<p><i class=\"fas fa-location-arrow\"><\/i> Mai mult: <a href=\"https:\/\/publicationethics.org\/guidance\/cope-position\/authorship-and-ai-tools\">https:\/\/publicationethics.org\/guidance\/cope-position\/authorship-and-ai-tools<\/a><\/p>\n\n\n\n<p>Autorii, evaluatorii \u0219i cititorii publica\u021biei <strong>Studii de istorie a filosofiei rom\u00e2ne\u0219ti<\/strong> vor g\u0103si mai jos liniile principale ale politicii publica\u021biei cu privire la utilizarea GenAI \u00een articole individuale, evalu\u0103ri, precum \u0219i \u00een \u00eentreg con\u021binutul publicat \u00een volum \u0219i pe site.<\/p>\n\n\n\n<div style=\"height:20px\" aria-hidden=\"true\" class=\"wp-block-spacer\"><\/div>\n\n\n\n<h5 class=\"wp-block-heading\"><strong>Pentru autori<\/strong><\/h5>\n\n\n\n<p>1. <strong>Studii de istorie a filosofiei rom\u00e2ne\u0219ti<\/strong> permite utilizarea GenAI \u00een scopuri instrumentale precum:<\/p>\n\n\n\n<ul class=\"wp-block-list\">\n<li>asisten\u021b\u0103 \u00een verificarea ortografic\u0103 a textului,<\/li>\n\n\n\n<li>asisten\u021b\u0103 \u00een corectitudinea exprim\u0103rii,<\/li>\n\n\n\n<li>asisten\u021b\u0103 stilistic\u0103 punctual\u0103 (dar nu generare de text),<\/li>\n\n\n\n<li>asisten\u021b\u0103 \u00een traducere (dar nu traduceri extinse semnate \u00een calitate de traduc\u0103tor),<\/li>\n\n\n\n<li>asisten\u021b\u0103 grafic\u0103 punctual\u0103 la tabele \u0219i scheme,<\/li>\n\n\n\n<li>ordonarea bibliografiei,<\/li>\n\n\n\n<li>uniformizarea stilului de citare,<br>cu condi\u021bia ca interven\u021biile asistentului virtual s\u0103 fie verificate\/revizuite de autor.<\/li>\n<\/ul>\n\n\n\n<p>\u00cen situa\u021biile descrise mai sus, nu este necesar\u0103 men\u021bionarea utiliz\u0103rii GenAI \u00een interiorul textului sau odat\u0103 cu propunerea spre publicare a articolului.<\/p>\n\n\n\n<div style=\"height:10px\" aria-hidden=\"true\" class=\"wp-block-spacer\"><\/div>\n\n\n\n<p>2. <strong>Studii de istorie a filosofiei rom\u00e2ne\u0219ti <\/strong>nu accept\u0103 materiale care au la baz\u0103 cercetare de orice tip, colec\u021bionare \u0219i analiz\u0103 de date, opinii, idei sau argumente generate cu GenAI.<\/p>\n\n\n\n<p>\u00cen cazul \u00een care se confrunt\u0103 cu propuneri de articole sau cu articole publicate deja aflate \u00een situa\u021bia men\u021bionat\u0103 mai sus, <strong>Studii de istorie a filosofiei rom\u00e2ne\u0219ti<\/strong> urmeaz\u0103 acelea\u0219i reguli pe care le-a adoptat \u00een cazul nerespect\u0103rii bunei conduite \u0219tiin\u021bifice (men\u021bionate <a href=\"https:\/\/filosofieromaneasca.institutuldefilosofie.ro\/sifr\/pentru-autori\/#buna-conduita-stiintifica\" target=\"_blank\" rel=\"noreferrer noopener\">aici<\/a>).<\/p>\n\n\n\n<p>Dac\u0103 utilizarea GenAI nu este men\u021bionat\u0103 \u00een text, odat\u0103 cu propunerea spre publicare a articolului autorul declar\u0103 implicit c\u0103 nu a \u00eentrebuin\u021bat GenAI \u00een vederea gener\u0103rii de con\u021binut specific cercet\u0103rii \u00een filosofie.<\/p>\n\n\n\n<p>Responsabilitatea pentru corectitudinea informa\u021biei \u0219i pentru originalitatea con\u021binutului publicat revine \u00een \u00eentregime autorului, indiferent dac\u0103 acesta a utilizat sau nu GenAI \u00een redactarea textului.<\/p>\n\n\n\n<div style=\"height:20px\" aria-hidden=\"true\" class=\"wp-block-spacer\"><\/div>\n\n\n\n<h5 class=\"wp-block-heading\"><strong>Pentru referen\u021bi<\/strong><\/h5>\n\n\n\n<p>Evaluarea articolelor propuse spre publicare \u00een <strong>Studii de istorie a filosofiei rom\u00e2ne\u0219ti<\/strong> se face pe baza unor criterii specifice (detaliate <a href=\"https:\/\/filosofieromaneasca.institutuldefilosofie.ro\/sifr\/evaluarea-articolelor\/\" target=\"_blank\" rel=\"noreferrer noopener\">aici<\/a>). Este interzis\u0103 utilizarea GenAI \u00een procesul de evaluare propriu-zis\u0103 a materialelor. Con\u021binutul de idei prezent \u00een comentariile, observa\u021biile \u0219i recomand\u0103rile evaluatorului trebuie s\u0103 reflecte un act critic exclusiv uman, apar\u021bin\u00e2nd unui specialist \u00een domeniul filosofiei.<\/p>\n\n\n\n<div style=\"height:20px\" aria-hidden=\"true\" class=\"wp-block-spacer\"><\/div>\n\n\n\n<h5 class=\"wp-block-heading\"><strong>Conduita SIFR<\/strong><\/h5>\n\n\n\n<p>Redac\u021bia publica\u021biei <strong>Studii de istorie a filosofiei rom\u00e2ne\u0219ti<\/strong> folose\u0219te GenAI \u00een activitatea redac\u021bional\u0103 propriu-zis\u0103 (asisten\u021b\u0103 \u00een corectur\u0103 \u0219i traducere), f\u0103r\u0103 a \u00eenc\u0103rca textul autorului pe o platform\u0103 GenAI, astfel \u00eenc\u00e2t confiden\u021bialitatea acestuia s\u0103 fie p\u0103strat\u0103.<br>Redac\u021bia <strong>Studii de istorie a filosofiei rom\u00e2ne\u0219ti<\/strong> nu \u00eentrebuin\u021beaz\u0103 GenAI \u00een procesul de evaluare preliminar\u0103 a materialelor, \u00een scanarea antiplagiat \u0219i nici \u00een coresponden\u021ba cu colaboratorii. <br>Materialele redactate \u00een numele redac\u021biei \u0219i incluse \u00een volume, la fel ca \u0219i con\u021binutul postat pe site sunt \u00eentru totul originale. <strong>Studii de istorie a filosofiei rom\u00e2ne\u0219ti<\/strong> nu \u00eentrebuin\u021beaz\u0103 GenAI pentru generare de con\u021binut pe site sau \u00een volumele publicate.<\/p>\n","protected":false},"excerpt":{"rendered":"<p>Studii de istorie a filosofiei rom\u00e2ne\u0219ti este o publica\u021bie dedicat\u0103 cercet\u0103rilor originale \u00een domeniul filosofiei. Utilizarea inteligen\u021bei artificiale generatoare de con\u021binut (GenAI) de c\u0103tre autori sau referen\u021bi trebuie s\u0103 respecte anumite reguli care au rolul de a asigura corectitudinea, relevan\u021ba \u0219i autenticitatea contribu\u021biei, precum \u0219i buna conduit\u0103 \u00een cercetarea \u0219tiin\u021bific\u0103. Studii de istorie a filosofiei [&hellip;]<\/p>\n","protected":false},"author":2,"featured_media":0,"parent":0,"menu_order":0,"comment_status":"closed","ping_status":"closed","template":"","meta":{"_uag_custom_page_level_css":"","site-sidebar-layout":"default","site-content-layout":"","ast-site-content-layout":"default","site-content-style":"default","site-sidebar-style":"default","ast-global-header-display":"","ast-banner-title-visibility":"","ast-main-header-display":"","ast-hfb-above-header-display":"","ast-hfb-below-header-display":"","ast-hfb-mobile-header-display":"","site-post-title":"","ast-breadcrumbs-content":"","ast-featured-img":"","footer-sml-layout":"","theme-transparent-header-meta":"","adv-header-id-meta":"","stick-header-meta":"","header-above-stick-meta":"","header-main-stick-meta":"","header-below-stick-meta":"","astra-migrate-meta-layouts":"set","ast-page-background-enabled":"default","ast-page-background-meta":{"desktop":{"background-color":"var(--ast-global-color-4)","background-image":"","background-repeat":"repeat","background-position":"center center","background-size":"auto","background-attachment":"scroll","background-type":"","background-media":"","overlay-type":"","overlay-color":"","overlay-opacity":"","overlay-gradient":""},"tablet":{"background-color":"","background-image":"","background-repeat":"repeat","background-position":"center center","background-size":"auto","background-attachment":"scroll","background-type":"","background-media":"","overlay-type":"","overlay-color":"","overlay-opacity":"","overlay-gradient":""},"mobile":{"background-color":"","background-image":"","background-repeat":"repeat","background-position":"center center","background-size":"auto","background-attachment":"scroll","background-type":"","background-media":"","overlay-type":"","overlay-color":"","overlay-opacity":"","overlay-gradient":""}},"ast-content-background-meta":{"desktop":{"background-color":"var(--ast-global-color-5)","background-image":"","background-repeat":"repeat","background-position":"center center","background-size":"auto","background-attachment":"scroll","background-type":"","background-media":"","overlay-type":"","overlay-color":"","overlay-opacity":"","overlay-gradient":""},"tablet":{"background-color":"var(--ast-global-color-5)","background-image":"","background-repeat":"repeat","background-position":"center center","background-size":"auto","background-attachment":"scroll","background-type":"","background-media":"","overlay-type":"","overlay-color":"","overlay-opacity":"","overlay-gradient":""},"mobile":{"background-color":"var(--ast-global-color-5)","background-image":"","background-repeat":"repeat","background-position":"center center","background-size":"auto","background-attachment":"scroll","background-type":"","background-media":"","overlay-type":"","overlay-color":"","overlay-opacity":"","overlay-gradient":""}},"footnotes":""},"categories":[],"tags":[],"class_list":["post-8804","page","type-page","status-publish","hentry"],"featured_image_src":null,"uagb_featured_image_src":{"full":false,"thumbnail":false,"medium":false,"medium_large":false,"large":false,"1536x1536":false,"2048x2048":false},"uagb_author_info":{"display_name":"SIFR","author_link":"https:\/\/filosofieromaneasca.institutuldefilosofie.ro\/sifr\/author\/sifr\/"},"uagb_comment_info":0,"uagb_excerpt":"Studii de istorie a filosofiei rom\u00e2ne\u0219ti este o publica\u021bie dedicat\u0103 cercet\u0103rilor originale \u00een domeniul filosofiei. Utilizarea inteligen\u021bei artificiale generatoare de con\u021binut (GenAI) de c\u0103tre autori sau referen\u021bi trebuie s\u0103 respecte anumite reguli care au rolul de a asigura corectitudinea, relevan\u021ba \u0219i autenticitatea contribu\u021biei, precum \u0219i buna conduit\u0103 \u00een cercetarea \u0219tiin\u021bific\u0103. Studii de istorie a filosofiei&hellip;","_links":{"self":[{"href":"https:\/\/filosofieromaneasca.institutuldefilosofie.ro\/sifr\/wp-json\/wp\/v2\/pages\/8804","targetHints":{"allow":["GET"]}}],"collection":[{"href":"https:\/\/filosofieromaneasca.institutuldefilosofie.ro\/sifr\/wp-json\/wp\/v2\/pages"}],"about":[{"href":"https:\/\/filosofieromaneasca.institutuldefilosofie.ro\/sifr\/wp-json\/wp\/v2\/types\/page"}],"author":[{"embeddable":true,"href":"https:\/\/filosofieromaneasca.institutuldefilosofie.ro\/sifr\/wp-json\/wp\/v2\/users\/2"}],"replies":[{"embeddable":true,"href":"https:\/\/filosofieromaneasca.institutuldefilosofie.ro\/sifr\/wp-json\/wp\/v2\/comments?post=8804"}],"version-history":[{"count":18,"href":"https:\/\/filosofieromaneasca.institutuldefilosofie.ro\/sifr\/wp-json\/wp\/v2\/pages\/8804\/revisions"}],"predecessor-version":[{"id":8827,"href":"https:\/\/filosofieromaneasca.institutuldefilosofie.ro\/sifr\/wp-json\/wp\/v2\/pages\/8804\/revisions\/8827"}],"wp:attachment":[{"href":"https:\/\/filosofieromaneasca.institutuldefilosofie.ro\/sifr\/wp-json\/wp\/v2\/media?parent=8804"}],"wp:term":[{"taxonomy":"category","embeddable":true,"href":"https:\/\/filosofieromaneasca.institutuldefilosofie.ro\/sifr\/wp-json\/wp\/v2\/categories?post=8804"},{"taxonomy":"post_tag","embeddable":true,"href":"https:\/\/filosofieromaneasca.institutuldefilosofie.ro\/sifr\/wp-json\/wp\/v2\/tags?post=8804"}],"curies":[{"name":"wp","href":"https:\/\/api.w.org\/{rel}","templated":true}]}}