{"id":9026,"date":"2025-11-29T14:19:42","date_gmt":"2025-11-29T12:19:42","guid":{"rendered":"https:\/\/filosofieromaneasca.institutuldefilosofie.ro\/sifr\/?page_id=9026"},"modified":"2025-12-01T11:19:27","modified_gmt":"2025-12-01T09:19:27","slug":"istoria-filosofiei-romanesti-in-anul-2024-titus-lates","status":"publish","type":"page","link":"https:\/\/filosofieromaneasca.institutuldefilosofie.ro\/sifr\/volumul-21-2025\/istoria-filosofiei-romanesti-in-anul-2024-titus-lates\/","title":{"rendered":"Semnal: Istoria filosofiei rom\u00e2ne\u0219ti \u00een anul 2024 | Titus Lates"},"content":{"rendered":"\n<div class=\"wp-block-uagb-advanced-heading uagb-block-345eafbd\"><h2 class=\"uagb-heading-text\">Istoria filosofiei rom\u00e2ne\u0219ti \u00een anul 2024<\/h2><\/div>\n\n\n\n<h5 class=\"wp-block-heading\">Bibliografie de <strong>Titus Lates<\/strong><\/h5>\n\n\n\n<div style=\"height:30px\" aria-hidden=\"true\" class=\"wp-block-spacer\"><\/div>\n\n\n\n<h5 class=\"wp-block-heading\"><strong>Volume colective<\/strong><\/h5>\n\n\n\n<p><em>Studii de istorie a filosofiei rom\u00e2ne\u0219ti<\/em>, vol. XX: <em>Kant 300<\/em>, coordonatori: Mona Mamulea, Titus Lates, Viorel Cernica, Mihai Popa, Bucure\u0219ti, Editura Academiei Rom\u00e2ne, 2024.<\/p>\n\n\n\n<p><em>Caiete Emil Cioran \u2013 Edi\u021bia 2023. Din trecut spre viito<\/em>r<em>: articole prezentate \u00een cadrul Colocviului interna\u021bional \u201eEmil Cioran\u201d<\/em>, coordonator Anca S\u00eerghie, Sibiu, Techno Media, 2024.<\/p>\n\n\n\n<p><em>Lucr\u0103rile Simpozionului Noica, C\u00e2mpulung, septembrie 2023<\/em>, culegere alc\u0103tuit\u0103 de Marin Diaconu, Bucure\u0219ti, Editura Semne, 2024.<\/p>\n\n\n\n<div style=\"height:30px\" aria-hidden=\"true\" class=\"wp-block-spacer\"><\/div>\n\n\n\n<h5 class=\"wp-block-heading\"><strong>C\u0103r\u021bi de autor<\/strong><\/h5>\n\n\n\n<p>Iulian B\u0103icu\u0219, <em>E. M. Cioran sau eseistica Neantului<\/em>, Bucure\u0219ti, Editura Eikon, 2024.<\/p>\n\n\n\n<p>Ioan Biri\u0219, <em>Lucian Blaga die dogmatischen Konzepte<\/em>, \u00dcbersetzung aus dem Rum\u00e4nischen von Henrike Br\u0103diceanu-Persem, Korrektur, Lektorat und Einleitung von Rainer Schubert, Bucure\u0219ti, Editura Eikon, 2024.<\/p>\n\n\n\n<p>Ionel Bu\u0219e, <em>G\u00e2nduri despre Constantin Noica \u0219i alte eseuri<\/em>, Bucure\u0219ti, Editura Paideia, 2024.<\/p>\n\n\n\n<p>Ionel Bu\u0219e<em>, La cr\u00e9ativit\u00e9 de la pens\u00e9e est-europ\u00e9enne: un panorama de la philosophie roumaine du XXe&nbsp; si\u00e8cle<\/em>, Louvain-la-Neuve, EME \u00c9dition, 2024.<\/p>\n\n\n\n<p>Vasile C\u0103t\u0103lin Bobb, <em>P\u00e2lp\u00e2iri ale fiin\u021bei. Mihai \u0218ora \u0219i problema omului<\/em><strong>, <\/strong>Oradea, Editura Ratio et Revelatio, 2024.<\/p>\n\n\n\n<p>Nicoleta Constantin, <em>Sacru \u0219i profan la Mircea Eliade. Dialectica sacrului \u00een religiile monoteiste<\/em>, Cluj-Napoca, Editura Mega, 2024.<\/p>\n\n\n\n<p>Sean Cotter, <em>Traducerea \u0219i destinul Rom\u00e2niei \u00een comunism. Trei studii de caz: Blaga, Noica, Cioran<\/em>, traducere de Dana B\u0103dulescu, Bucure\u0219ti, Editura Humanitas, 2024.<\/p>\n\n\n\n<p>Ioan Alexandru David,\u00a0<em>Philosophie et m\u00e9taphysique de la cr\u00e9ativit\u00e9 chez Lucian Blaga. Un Dieu mutil\u00e9<\/em>, Paris, Classiques Garnier, 2024.<\/p>\n\n\n\n<p><a><\/a>Marin Diaconu, <em>Sistemul filosofic al lui Constantin Noica. Etapa de tinere\u021be<\/em>, Bucure\u0219ti, Editura Semne, 2024.<\/p>\n\n\n\n<p>Marin Diaconu, <em>Titu Maiorescu. Cronologie \u0219i Bibliografie filosofice<\/em>, Bucure\u0219ti, Editura Semne, 2024.<\/p>\n\n\n\n<p>Marin Diaconu, <em>G\u00e2nditori rom\u00e2ni. In memoriam<\/em>, Bucure\u0219ti, Editura Semne, 2024.<\/p>\n\n\n\n<p>Ion Dur, <em>M. Eminescu: g\u00e2nditor privat \u0219i gazetar cu \u201emetod \u0219tiin\u021bific\u201d<\/em>, Ia\u0219i, Editura Junimea, 2024.<\/p>\n\n\n\n<p>Pavel Farc\u0103u, <em>Fenomenalitatea con\u0219tiin\u021bei absurdului la Cioran \u0219i Ionesco<\/em>, prefa\u021b\u0103 de Viorel Cernica, Zal\u0103u, Editura Caiete Silvane, 2024.<\/p>\n\n\n\n<p>Mircea Flonta, <em>Fascina\u021bia absolutului: filozofia speculativ\u0103 \u00een viziunea lui Lucian Blaga \u0219i Constantin Noica<\/em>, volum \u00eengrijit de Grigore Vida, Bucure\u0219ti, Editura Humanitas, 2024.<\/p>\n\n\n\n<p>Victor Eugen Gelan,\u00a0<em>Vizibilul \u0219i nev\u0103zutul. De la fenomenologia cotidianului la metafizica nerostitului. Studii pe marginea filosofiei lui Mihai Sora<\/em>, Ia\u0219i, Editura Institutul European, 2024.<\/p>\n\n\n\n<p>Dora Mezdrea, <em>Dumitru Cristian Amz\u0103r. Monografie<\/em>, Bucure\u0219ti, Editura Eikon, 2024.<\/p>\n\n\n\n<p>Friedrich Michael, <em>Mihail Gr\u0103dinaru: metod\u0103 \u0219i sistem<\/em>, Ia\u0219i, Editura Junimea, 2024.<\/p>\n\n\n\n<p>\u0218tefan Munteanu, <em>O istorie privind filosofia lui Eminescu<\/em>, vol. IV, Bucure\u0219ti, Editura Eikon, 2024.<\/p>\n\n\n\n<p>Vasile Musc\u0103, <em>Coordonate filosofice rom\u00e2ne\u0219ti<\/em>, Cluj-Napoca, Editura \u0218coala Ardelean\u0103, 2024.<\/p>\n\n\n\n<p>Ionel Necula, <em>Ion Petrovici \u2013 O via\u021b\u0103 sub spectrul filosofiei<\/em>, Bucure\u0219ti, Editura Academiei Rom\u00e2ne, 2024.<\/p>\n\n\n\n<p>Eugeniu Nistor, <em>Filosofie \u0219i spiritualitate rom\u00e2neasc\u0103<\/em>, T\u00e2rgu-Mure\u0219, Editura Ardealul, 2024.<\/p>\n\n\n\n<p><a><\/a>Ovidiu Pecican, <em>Umbra lui Noica: reconstituiri \u0219i interpret\u0103ri<\/em>, Oradea, Editura Ratio et Revelatio, 2024.<\/p>\n\n\n\n<p>Marta Petreu, <em>Filosofia lui Blaga<\/em>, Ia\u0219i, Editura Polirom, 2024.<\/p>\n\n\n\n<p>Gabriela Pohoa\u021b\u0103, <em>Ontologie \u0219i crea\u021bie \u00een filosofia lui Eminescu <\/em>\/ <em>Ontology and creation in Eminescu\u2019s philosophy<\/em>, edi\u021bie bilingv\u0103, traducere \u00een limba englez\u0103 de Mihaela Mocanu, Bucure\u0219ti, Editura Pro Universitaria, 2024.<\/p>\n\n\n\n<p>Anca S\u00eerghie, <em>Lucian Blaga \u2013 profesor \u0219i mentor<\/em>, cuv\u00e2nt \u00eenso\u021bitor de Eugeniu Nistor, Ia\u0219i, Editura Junimea, 2024.<\/p>\n\n\n\n<p>Constantin Stroe, <em>Orizonturi filosofico-culturale cu finalitate etic\u0103 umanist\u0103: valorizare \u0219i valorificare \u00een perspectiv\u0103 hermeneutic\u0103 actual\u0103<\/em>, Bucure\u0219ti, Editura Funda\u021biei \u201eRom\u00e2nia de M\u00e2ine\u201d, 2024.<\/p>\n\n\n\n<p>Mirel Talo\u0219, <em>Desv\u0103luirea fiin\u021bei. Martin Heidegger \u00een filosofia rom\u00e2neasca interbelic\u0103<\/em>, Bucure\u0219ti, Editura Ideea European\u0103, 2024.<\/p>\n\n\n\n<p>Niculae Turcan, <em>Filosofia rom\u00e2neasc\u0103 pe scurt. De la Maiorescu la Noica<\/em>, Bucure\u0219ti, Editura Eikon, 2024.<\/p>\n\n\n\n<div style=\"height:30px\" aria-hidden=\"true\" class=\"wp-block-spacer\"><\/div>\n\n\n\n<h5 class=\"wp-block-heading\"><strong>Edi\u021bii \u00eengrijite<\/strong><\/h5>\n\n\n\n<p>Lucian Blaga, <em>Cultur\u0103 \u0219i cuno\u0219tin\u021b\u0103<\/em>, edi\u021bie \u00eengrijit\u0103 de Dorli Blaga; \u00een loc de argument de Onisifor Ghibu; cuv\u00e2nt \u00eenainte de Eugeniu Nistor, Cluj-Napoca, Editura \u0218coala Ardelean\u0103, 2024.<\/p>\n\n\n\n<p>Bogdan Petriceicu Hasdeu, <em>Sic cogito<\/em>, edi\u021bie \u00eengrijit\u0103. de Mihai Marcu, Craiova, Editura Socrate, 2024.<\/p>\n\n\n\n<p>\u0218tefan Velovan, <em>Despre memorie. Studii originale de psihologie pedagogic\u0103<\/em>, edi\u021bie critic\u0103, studiu introductiv, note \u0219i comentarii de Adrian Michidu\u021b\u0103, Craiova, Editura Aius (Biblioteca de filosofie rom\u00e2neasc\u0103), 2024.<\/p>\n\n\n\n<p>\u0218tefan Velovan, <em>Cercul apercep\u021biei. Monografie psihologic\u0103 asupra treptelor didactice formale<\/em>, edi\u021bie critic\u0103, studiu introductiv, note \u0219i comentarii de Adrian Michidu\u021b\u0103, Craiova, Editura Aius (Biblioteca de filosofie rom\u00e2neasc\u0103), 2024.<\/p>\n\n\n\n<div style=\"height:30px\" aria-hidden=\"true\" class=\"wp-block-spacer\"><\/div>\n\n\n\n<h5 class=\"wp-block-heading\"><strong>M\u0103rturii<\/strong><\/h5>\n\n\n\n<p>Nichifor Crainic, <em>Zile albe, zile negre<\/em>, vol. I: <em>Amintiri din via\u021ba mea<\/em>, vol. II: <em>Memorii<\/em>, edi\u021bie \u00eengrijit\u0103 de Vlad Bilevsky, Bucure\u0219ti, Editura Academiei Rom\u00e2ne, 2024.<\/p>\n\n\n\n<p>Marin Diaconu, <em>Autoprofil spiritual,<\/em> Bucure\u0219ti, Editura Semne, 2024.<\/p>\n\n\n\n<p>Mircea Flonta, <em>Filosofia \u00eentr-o lume pragmatic\u0103: impresii, experien\u021be, reflec\u021bii: \u0219ase convorbiri cu Leonid Dragomir<\/em>, Bucure\u0219ti, Editura Cartex, 2024.<\/p>\n\n\n\n<p>Valentin Mure\u0219an, <em>C\u00e2\u021biva oameni reali \u0219i faptele lor fantastice<\/em>, Bucure\u0219ti, Editura Universit\u0103\u021bii din Bucure\u0219ti, 2024.<\/p>\n\n\n\n<p><em>Noica \u0219i C\u00e2mpulungul<\/em><strong>,<\/strong> culegere \u00eengrijit\u0103 de Marin Diaconu, Bucure\u0219ti, Editura Semne, 2024.<\/p>\n\n\n\n<p>Constantin Noica, Gabriel Liiceanu, Andrei Ple\u0219u, <em>\u201eAm inventat P\u0103ltini\u0219ul!\u201d Scrisori, amintiri, evoc\u0103ri,\u00a0<\/em>volum \u00eengrijit de Grigore Vida,\u00a0Bucure\u0219ti, Editura Humanitas, 2024.<\/p>\n\n\n\n<div style=\"height:20px\" aria-hidden=\"true\" class=\"wp-block-spacer\"><\/div>\n\n\n\n<hr class=\"wp-block-separator has-alpha-channel-opacity is-style-wide\"\/>\n\n\n\n<p class=\"has-small-font-size\">[<em>Studii de istorie a filosofiei rom\u00e2ne\u015fti<\/em>, vol. XXI:\u00a0<em>Perspective conceptual-lexicale<\/em>, Bucure\u015fti, Editura Academiei Rom\u00e2ne, 2025, pp.\u00a0239\u2013241]<\/p>\n\n\n\n<div class=\"wp-block-uagb-buttons uagb-buttons__outer-wrap uagb-btn__medium-btn uagb-btn-tablet__default-btn uagb-btn-mobile__default-btn uagb-block-ed00c72a\"><div class=\"uagb-buttons__wrap uagb-buttons-layout-wrap \">\n<div class=\"wp-block-uagb-buttons-child uagb-buttons__outer-wrap uagb-block-41f955d4 wp-block-button\"><div class=\"uagb-button__wrapper\"><a class=\"uagb-buttons-repeater wp-block-button__link\" aria-label=\"\" href=\"https:\/\/filosofieromaneasca.institutuldefilosofie.ro\/sifr\/wp-content\/uploads\/2025\/11\/Lates-Titus-Semnal-SIFR-21.pdf\" rel=\"follow noopener\" target=\"_blank\" role=\"button\"><span class=\"uagb-button__icon uagb-button__icon-position-before\"><svg xmlns=\"https:\/\/www.w3.org\/2000\/svg\" viewBox=\"0 0 384 512\" aria-hidden=\"true\" focussable=\"false\"><path d=\"M88 304H80V256H88C101.3 256 112 266.7 112 280C112 293.3 101.3 304 88 304zM192 256H200C208.8 256 216 263.2 216 272V336C216 344.8 208.8 352 200 352H192V256zM224 0V128C224 145.7 238.3 160 256 160H384V448C384 483.3 355.3 512 320 512H64C28.65 512 0 483.3 0 448V64C0 28.65 28.65 0 64 0H224zM64 224C55.16 224 48 231.2 48 240V368C48 376.8 55.16 384 64 384C72.84 384 80 376.8 80 368V336H88C118.9 336 144 310.9 144 280C144 249.1 118.9 224 88 224H64zM160 368C160 376.8 167.2 384 176 384H200C226.5 384 248 362.5 248 336V272C248 245.5 226.5 224 200 224H176C167.2 224 160 231.2 160 240V368zM288 224C279.2 224 272 231.2 272 240V368C272 376.8 279.2 384 288 384C296.8 384 304 376.8 304 368V320H336C344.8 320 352 312.8 352 304C352 295.2 344.8 288 336 288H304V256H336C344.8 256 352 248.8 352 240C352 231.2 344.8 224 336 224H288zM256 0L384 128H256V0z\"><\/path><\/svg><\/span><div class=\"uagb-button__link\">Descarc\u0103<\/div><\/a><\/div><\/div>\n<\/div><\/div>\n\n\n\n<div style=\"height:20px\" aria-hidden=\"true\" class=\"wp-block-spacer\"><\/div>\n","protected":false},"excerpt":{"rendered":"<p>Istoria filosofiei rom\u00e2ne\u0219ti \u00een anul 2024 Bibliografie de Titus Lates Volume colective Studii de istorie a filosofiei rom\u00e2ne\u0219ti, vol. XX: Kant 300, coordonatori: Mona Mamulea, Titus Lates, Viorel Cernica, Mihai Popa, Bucure\u0219ti, Editura Academiei Rom\u00e2ne, 2024. Caiete Emil Cioran \u2013 Edi\u021bia 2023. Din trecut spre viitor: articole prezentate \u00een cadrul Colocviului interna\u021bional \u201eEmil Cioran\u201d, coordonator [&hellip;]<\/p>\n","protected":false},"author":1,"featured_media":0,"parent":8839,"menu_order":12,"comment_status":"closed","ping_status":"closed","template":"","meta":{"_uag_custom_page_level_css":"","site-sidebar-layout":"default","site-content-layout":"","ast-site-content-layout":"default","site-content-style":"default","site-sidebar-style":"default","ast-global-header-display":"","ast-banner-title-visibility":"","ast-main-header-display":"","ast-hfb-above-header-display":"","ast-hfb-below-header-display":"","ast-hfb-mobile-header-display":"","site-post-title":"disabled","ast-breadcrumbs-content":"","ast-featured-img":"","footer-sml-layout":"","theme-transparent-header-meta":"","adv-header-id-meta":"","stick-header-meta":"","header-above-stick-meta":"","header-main-stick-meta":"","header-below-stick-meta":"","astra-migrate-meta-layouts":"set","ast-page-background-enabled":"default","ast-page-background-meta":{"desktop":{"background-color":"var(--ast-global-color-4)","background-image":"","background-repeat":"repeat","background-position":"center center","background-size":"auto","background-attachment":"scroll","background-type":"","background-media":"","overlay-type":"","overlay-color":"","overlay-opacity":"","overlay-gradient":""},"tablet":{"background-color":"","background-image":"","background-repeat":"repeat","background-position":"center center","background-size":"auto","background-attachment":"scroll","background-type":"","background-media":"","overlay-type":"","overlay-color":"","overlay-opacity":"","overlay-gradient":""},"mobile":{"background-color":"","background-image":"","background-repeat":"repeat","background-position":"center center","background-size":"auto","background-attachment":"scroll","background-type":"","background-media":"","overlay-type":"","overlay-color":"","overlay-opacity":"","overlay-gradient":""}},"ast-content-background-meta":{"desktop":{"background-color":"var(--ast-global-color-5)","background-image":"","background-repeat":"repeat","background-position":"center center","background-size":"auto","background-attachment":"scroll","background-type":"","background-media":"","overlay-type":"","overlay-color":"","overlay-opacity":"","overlay-gradient":""},"tablet":{"background-color":"var(--ast-global-color-5)","background-image":"","background-repeat":"repeat","background-position":"center center","background-size":"auto","background-attachment":"scroll","background-type":"","background-media":"","overlay-type":"","overlay-color":"","overlay-opacity":"","overlay-gradient":""},"mobile":{"background-color":"var(--ast-global-color-5)","background-image":"","background-repeat":"repeat","background-position":"center center","background-size":"auto","background-attachment":"scroll","background-type":"","background-media":"","overlay-type":"","overlay-color":"","overlay-opacity":"","overlay-gradient":""}},"footnotes":""},"categories":[201,205,543,262],"tags":[],"class_list":["post-9026","page","type-page","status-publish","hentry","category-bibliografii","category-bibliografii-anuale","category-sifr21","category-titus-lates"],"featured_image_src":null,"uagb_featured_image_src":{"full":false,"thumbnail":false,"medium":false,"medium_large":false,"large":false,"1536x1536":false,"2048x2048":false},"uagb_author_info":{"display_name":"SIFR","author_link":"https:\/\/filosofieromaneasca.institutuldefilosofie.ro\/sifr\/author\/mm\/"},"uagb_comment_info":0,"uagb_excerpt":"Istoria filosofiei rom\u00e2ne\u0219ti \u00een anul 2024 Bibliografie de Titus Lates Volume colective Studii de istorie a filosofiei rom\u00e2ne\u0219ti, vol. XX: Kant 300, coordonatori: Mona Mamulea, Titus Lates, Viorel Cernica, Mihai Popa, Bucure\u0219ti, Editura Academiei Rom\u00e2ne, 2024. Caiete Emil Cioran \u2013 Edi\u021bia 2023. Din trecut spre viitor: articole prezentate \u00een cadrul Colocviului interna\u021bional \u201eEmil Cioran\u201d, coordonator&hellip;","_links":{"self":[{"href":"https:\/\/filosofieromaneasca.institutuldefilosofie.ro\/sifr\/wp-json\/wp\/v2\/pages\/9026","targetHints":{"allow":["GET"]}}],"collection":[{"href":"https:\/\/filosofieromaneasca.institutuldefilosofie.ro\/sifr\/wp-json\/wp\/v2\/pages"}],"about":[{"href":"https:\/\/filosofieromaneasca.institutuldefilosofie.ro\/sifr\/wp-json\/wp\/v2\/types\/page"}],"author":[{"embeddable":true,"href":"https:\/\/filosofieromaneasca.institutuldefilosofie.ro\/sifr\/wp-json\/wp\/v2\/users\/1"}],"replies":[{"embeddable":true,"href":"https:\/\/filosofieromaneasca.institutuldefilosofie.ro\/sifr\/wp-json\/wp\/v2\/comments?post=9026"}],"version-history":[{"count":2,"href":"https:\/\/filosofieromaneasca.institutuldefilosofie.ro\/sifr\/wp-json\/wp\/v2\/pages\/9026\/revisions"}],"predecessor-version":[{"id":9055,"href":"https:\/\/filosofieromaneasca.institutuldefilosofie.ro\/sifr\/wp-json\/wp\/v2\/pages\/9026\/revisions\/9055"}],"up":[{"embeddable":true,"href":"https:\/\/filosofieromaneasca.institutuldefilosofie.ro\/sifr\/wp-json\/wp\/v2\/pages\/8839"}],"wp:attachment":[{"href":"https:\/\/filosofieromaneasca.institutuldefilosofie.ro\/sifr\/wp-json\/wp\/v2\/media?parent=9026"}],"wp:term":[{"taxonomy":"category","embeddable":true,"href":"https:\/\/filosofieromaneasca.institutuldefilosofie.ro\/sifr\/wp-json\/wp\/v2\/categories?post=9026"},{"taxonomy":"post_tag","embeddable":true,"href":"https:\/\/filosofieromaneasca.institutuldefilosofie.ro\/sifr\/wp-json\/wp\/v2\/tags?post=9026"}],"curies":[{"name":"wp","href":"https:\/\/api.w.org\/{rel}","templated":true}]}}